{"id":17169,"date":"2026-02-27T00:33:52","date_gmt":"2026-02-27T00:33:52","guid":{"rendered":"https:\/\/nordicmart.andreevmaster.com\/product\/ergonomisk-kontorstol-med-fodstotte-skrivebordsstol-med-laendestotte-justerbar-nakkestotte-og-armlaen-hojdejustering-og-vippefunktion-maksimal-belastning-150-kg-sort-2\/"},"modified":"2026-02-27T08:23:42","modified_gmt":"2026-02-27T08:23:42","slug":"ergonomisk-kontorstol-med-fodstotte-skrivebordsstol-med-laendestotte-justerbar-nakkestotte-og-armlaen-hojdejustering-og-vippefunktion-maksimal-belastning-150-kg-sort-2","status":"publish","type":"product","link":"https:\/\/nordicmart.andreevmaster.com\/sv\/produkt\/ergonomisk-kontorstol-med-fodstotte-skrivebordsstol-med-laendestotte-justerbar-nakkestotte-og-armlaen-hojdejustering-og-vippefunktion-maksimal-belastning-150-kg-sort-2\/","title":{"rendered":"Ergonomisk kontorstol med fodst\u00f8tte, skrivebordsstol med l\u00e6ndest\u00f8tte, justerbar nakkest\u00f8tte og arml\u00e6n, h\u00f8jdejustering og vippefunktion, maksimal belastning 150 kg, sort"},"content":{"rendered":"<p>Tank energi: Kontorarbejde kan tr\u00e6kke ud i det uendelige, n\u00e5r du sidder p\u00e5 en ukomfortabel stol. Denne kontorstol fra Songmics er polstret med skum med h\u00f8j densitet og et \u00e5ndbart rygl\u00e6n og giver den rette motivation til kontorets helte.<\/p>\n<p>Har du brug for en lille pause? Anv\u00e4nd det stoppade fotst\u00f6det p\u00e5 42 cm, som kan dras ut, och vila dig n\u00e5gra minuter s\u00e5 att du kan komma tillbaka till fabriken utvilad.<\/p>\n<p>Anv\u00e4ndarv\u00e4nlig design: Du kan inte bara justera h\u00f6jden p\u00e5 denna datastol, utan ocks\u00e5 anv\u00e4nda vippmekanismen f\u00f6r att hitta r\u00e4tt position f\u00f6r dig. Armst\u00f6den i konstl\u00e4der samt rygg- och nackst\u00f6det kan ocks\u00e5 flyttas.<\/p>\n<p>S\u00e4ker och trygg: Kontorstolen har en robust stj\u00e4rnfot av st\u00e5l och nylonhjul, s\u00e5 att du kan skjuta den smidigt genom ditt arbetsrum. Gasflaskan har ocks\u00e5 klarat ett test enligt EN16955:2017-04, klass 3 av T\u00dcV Rheinland (rapportnr: 94625173_06, \u00e4gare: leverant\u00f6r).<\/p>\n<p>\u00c4r du fortfarande inte n\u00f6jd? V\u00e5r kundtj\u00e4nst har alltid ett \u00f6ppet \u00f6ra f\u00f6r dig. S\u00e5 utrusta din arbetsplats med denna bekv\u00e4ma skrivbordsstol!<\/p>\n<p>V\u00e5rt jobb \u00e4r en viktig del av v\u00e5ra liv. Men det \u00e4r inte s\u00e5 l\u00e4tt att \u00f6verleva kontorslivet. SONGMICS vill d\u00e4rf\u00f6r st\u00f6dja dig med denna kontorsstol. Den kan b\u00e4ra upp till 150 kg och har en ergonomisk design. H\u00e4r \u00e4r f\u00f6rdelarna med chefsstolen:H\u00f6jdjusterbar 360\u00b0 sv\u00e4ngbar stolS\u00e4te kl\u00e4tt med h\u00f6gdensitetsreflexskumAndningsbart, bak\u00e5tlutat och l\u00e5sbart ryggst\u00f6d med n\u00e4tkl\u00e4dselRocker-funktion som g\u00f6r det m\u00f6jligt f\u00f6r s\u00e4te och ryggst\u00f6d att r\u00f6ra sig tillsammansDen kl\u00e4dda fotst\u00f6det kan f\u00f6rl\u00e4ngas med upp till 42 cm. Den \u00e4r l\u00e4tt lutad s\u00e5 att den anpassar sig perfekt efter dina benarmst\u00f6d i konstl\u00e4der; kan justeras upp och nerH\u00f6jdjusterbart nackst\u00f6dH\u00f6jdjusterbart l\u00e4ndst\u00f6dNylon universalhjul som kan vridas 360\u00b0Montering \u00e4r m\u00f6jlig utan extra verktyg. Allt du beh\u00f6ver \u00e4r den inbussnyckel som medf\u00f6ljer leveransen. Skapa lite mys i din vardag p\u00e5 kontoret och h\u00e5ll motivationen uppe med denna kontorsstol fr\u00e5n SONGMICS!Produktdetaljer: F\u00e4rg: Svart Material: Refleksskum med h\u00f6g densitet, n\u00e4tv\u00e4v, nylonstj\u00e4rnfot, universalhjul i nylon, armst\u00f6d i imiterat l\u00e4der Storlek: 68,5 x 70 x (116-133) cm (L x B x H)Vikt: 18,5 kg Max. statisk belastningskapacitet: 150 kg Leveransomfattning: 1 x kontorsstol 1 x inbussnyckel 1 x beh\u00e5llare med tillbeh\u00f6r 1 x bruksanvisning (DE, EN, FR, ES, IT) SONGMICS Anm\u00e4rkningar: S\u00e4tt dig inte p\u00e5 kanten av s\u00e4tet f\u00f6r att f\u00f6rhindra att stolen v\u00e4lter.<\/p>\n","protected":false},"excerpt":{"rendered":"<p>Tank energi: Kontorarbejde kan tr\u00e6kke ud i det uendelige, n\u00e5r du sidder p\u00e5 en ukomfortabel stol. Denne kontorstol fra Songmics er polstret med skum med h\u00f8j densitet og et \u00e5ndbart rygl\u00e6n og giver den rette motivation til kontorets helte. Har du brug for en lille pause? Anv\u00e4nd det stoppade fotst\u00f6det p\u00e5 42 cm, som kan [&hellip;]<\/p>\n","protected":false},"featured_media":0,"comment_status":"open","ping_status":"closed","template":"","meta":[],"product_brand":[],"product_cat":[33],"product_tag":[],"class_list":{"0":"post-17169","1":"product","2":"type-product","3":"status-publish","5":"product_cat-okategoriserad","7":"first","8":"instock","9":"shipping-taxable","10":"product-type-simple"},"_links":{"self":[{"href":"https:\/\/nordicmart.andreevmaster.com\/sv\/wp-json\/wp\/v2\/product\/17169","targetHints":{"allow":["GET"]}}],"collection":[{"href":"https:\/\/nordicmart.andreevmaster.com\/sv\/wp-json\/wp\/v2\/product"}],"about":[{"href":"https:\/\/nordicmart.andreevmaster.com\/sv\/wp-json\/wp\/v2\/types\/product"}],"replies":[{"embeddable":true,"href":"https:\/\/nordicmart.andreevmaster.com\/sv\/wp-json\/wp\/v2\/comments?post=17169"}],"wp:attachment":[{"href":"https:\/\/nordicmart.andreevmaster.com\/sv\/wp-json\/wp\/v2\/media?parent=17169"}],"wp:term":[{"taxonomy":"product_brand","embeddable":true,"href":"https:\/\/nordicmart.andreevmaster.com\/sv\/wp-json\/wp\/v2\/product_brand?post=17169"},{"taxonomy":"product_cat","embeddable":true,"href":"https:\/\/nordicmart.andreevmaster.com\/sv\/wp-json\/wp\/v2\/product_cat?post=17169"},{"taxonomy":"product_tag","embeddable":true,"href":"https:\/\/nordicmart.andreevmaster.com\/sv\/wp-json\/wp\/v2\/product_tag?post=17169"}],"curies":[{"name":"wp","href":"https:\/\/api.w.org\/{rel}","templated":true}]}}