{"id":17168,"date":"2026-02-27T00:33:52","date_gmt":"2026-02-27T00:33:52","guid":{"rendered":"https:\/\/nordicmart.andreevmaster.com\/product\/songmics-ergonomisk-datorstol\/"},"modified":"2026-02-27T08:23:41","modified_gmt":"2026-02-27T08:23:41","slug":"songmics-ergonomisk-datorstol","status":"publish","type":"product","link":"https:\/\/nordicmart.andreevmaster.com\/sv\/produkt\/songmics-ergonomisk-datorstol\/","title":{"rendered":"SONGMICS Ergonomisk datorstol"},"content":{"rendered":"<p>Justera lutningsvinkeln: F\u00f6r att justera lutningsvinkeln m\u00e5ste du f\u00f6rst st\u00e4lla ryggst\u00f6det i en uppr\u00e4tt position (90\u00b0). Dra sedan ut spaken p\u00e5 sidan av stolen. Nu kan du luta den mellan 90\u00b0 och 120\u00b0 bak\u00e5t. Tryck in spaken f\u00f6r att l\u00e5sa ryggst\u00f6det i \u00f6nskad position. Justera motst\u00e5ndet: Vrid p\u00e5 det runda skruvhandtaget p\u00e5 undersidan av stolen f\u00f6r att justera motst\u00e5ndet f\u00f6r lutningsvinkeln. Vrid handtaget medurs f\u00f6r att minska motst\u00e5ndet; vrid handtaget moturs f\u00f6r att \u00f6ka motst\u00e5ndet. Produktdetaljer: F\u00e4rg: Svart Material: Plast, skumplast, nylon, st\u00e5l Storlek: H\u00f6jd: 116\u2013126 cm Bredd och djup: 65 x 53 cm Sitsh\u00f6jd (fr\u00e5n golvet): 44\u201354 cm Sitsens m\u00e5tt: 52 x 50 cm Ryggst\u00f6dets h\u00f6jd och bredd: 72 x 45 cm Armst\u00f6dens h\u00f6jd (fr\u00e5n sitsen): 20\u201330 cm Nackst\u00f6dets m\u00e5tt: 43 x 20 cm Vikt: 15,4 kg Max. statisk belastningskapacitet: 120 kgLeveransomfattning:1 x kontorsstol med n\u00e4tkl\u00e4dsel1 x insexnyckel1 x tillbeh\u00f6r1 x bruksanvisning (DE, EN, IT, FR, ES)SONGMICS Anm\u00e4rkningar:Uts\u00e4tt inte produkten f\u00f6r direkt solljus under l\u00e4ngre tid.H\u00e5ll produkten borta fr\u00e5n vassa och spetsiga f\u00f6rem\u00e5l f\u00f6r att undvika skador p\u00e5 ytan.<\/p>\n","protected":false},"excerpt":{"rendered":"<p>SONGMICS kontorsstol, skrivbordsstol med n\u00e4tkl\u00e4dsel, ergonomisk datorstol, 360\u00b0 vridbar stol, justerbart l\u00e4ndst\u00f6d, med nackst\u00f6d, l\u00e5sbar lutningsvinkel upp till 120\u00b0, svart OBN55BK<\/p>\n","protected":false},"featured_media":44610,"comment_status":"open","ping_status":"closed","template":"","meta":[],"product_brand":[],"product_cat":[33],"product_tag":[],"class_list":{"0":"post-17168","1":"product","2":"type-product","3":"status-publish","4":"has-post-thumbnail","6":"product_cat-okategoriserad","8":"first","9":"instock","10":"shipping-taxable","11":"purchasable","12":"product-type-simple"},"_links":{"self":[{"href":"https:\/\/nordicmart.andreevmaster.com\/sv\/wp-json\/wp\/v2\/product\/17168","targetHints":{"allow":["GET"]}}],"collection":[{"href":"https:\/\/nordicmart.andreevmaster.com\/sv\/wp-json\/wp\/v2\/product"}],"about":[{"href":"https:\/\/nordicmart.andreevmaster.com\/sv\/wp-json\/wp\/v2\/types\/product"}],"replies":[{"embeddable":true,"href":"https:\/\/nordicmart.andreevmaster.com\/sv\/wp-json\/wp\/v2\/comments?post=17168"}],"wp:featuredmedia":[{"embeddable":true,"href":"https:\/\/nordicmart.andreevmaster.com\/sv\/wp-json\/wp\/v2\/media\/44610"}],"wp:attachment":[{"href":"https:\/\/nordicmart.andreevmaster.com\/sv\/wp-json\/wp\/v2\/media?parent=17168"}],"wp:term":[{"taxonomy":"product_brand","embeddable":true,"href":"https:\/\/nordicmart.andreevmaster.com\/sv\/wp-json\/wp\/v2\/product_brand?post=17168"},{"taxonomy":"product_cat","embeddable":true,"href":"https:\/\/nordicmart.andreevmaster.com\/sv\/wp-json\/wp\/v2\/product_cat?post=17168"},{"taxonomy":"product_tag","embeddable":true,"href":"https:\/\/nordicmart.andreevmaster.com\/sv\/wp-json\/wp\/v2\/product_tag?post=17168"}],"curies":[{"name":"wp","href":"https:\/\/api.w.org\/{rel}","templated":true}]}}