{"id":17165,"date":"2026-02-27T00:33:51","date_gmt":"2026-02-27T00:33:51","guid":{"rendered":"https:\/\/nordicmart.andreevmaster.com\/product\/ergonomisk-kontors-och-arbetsstol-med-landryggsstod-svangbar-datastol-med-justerbart-nackstod-och-armstod-gungfunktion-och-hojdjustering-svart\/"},"modified":"2026-02-27T08:23:41","modified_gmt":"2026-02-27T08:23:41","slug":"ergonomisk-kontors-och-arbetsstol-med-landryggsstod-svangbar-datastol-med-justerbart-nackstod-och-armstod-gungfunktion-och-hojdjustering-svart","status":"publish","type":"product","link":"https:\/\/nordicmart.andreevmaster.com\/sv\/produkt\/ergonomisk-kontors-och-arbetsstol-med-landryggsstod-svangbar-datastol-med-justerbart-nackstod-och-armstod-gungfunktion-och-hojdjustering-svart\/","title":{"rendered":"Ergonomisk kontors- och arbetsstol med l\u00e4ndryggsst\u00f6d, sv\u00e4ngbar datastol med justerbart nackst\u00f6d och armst\u00f6d, gungfunktion och h\u00f6jdjustering, svart"},"content":{"rendered":"<p>Sitt och arbeta b\u00e4ttre: Tack vare det justerbara nackst\u00f6det, den fj\u00e4drande sitsen och det breda ryggst\u00f6det kan du sitta bekv\u00e4mt. Du drar nytta av en h\u00e4lsosam sittst\u00e4llning n\u00e4r du beh\u00f6ver koncentrera dig helt p\u00e5 arbetet.Helt justerbar: F\u00f6rutom nackst\u00f6det kan \u00e4ven sitsens h\u00f6jd, armst\u00f6d och l\u00e4ndryggsst\u00f6d justeras efter olika behov. Dessutom kan du koppla av tack vare denna kontorsstols lutningsmekanism.<\/p>\n<p>Din p\u00e5litliga stol: Den femstj\u00e4rniga stj\u00e4rnbasen h\u00e5ller f\u00f6r vikten av en medelstor bil. T\u00dcV-testad gasfj\u00e4der (uppfyller DIN 4550:2004-12, klass 3; nr 162821, certifikatets innehavare: leverant\u00f6ren) garanterar \u00f6kad s\u00e4kerhet. Denna kontorsstols b\u00e4rf\u00f6rm\u00e5ga \u00e4r 120 kg. <\/p>\n<p>Enkel att montera: Med hj\u00e4lp av detaljerade instruktioner kan du montera den p\u00e5 15 minuter. Varje skruv levereras med en reservskruv. <\/p>\n<p>&#8211; Fundera inte f\u00f6r l\u00e4nge \u2013 prova bara.<\/p>\n<p>Egenskaper:-F\u00e4rg: Svart &amp; Gr\u00e5-Material:- Stj\u00e4rnbas: Material: Nylon- Armst\u00f6dets ram: Polypropylenplast- Armst\u00f6dets yta: Polyuretan- Ryggst\u00f6d: Polypropenplast, n\u00e4tduk (polyester)- Sits: Panneax, skumplast, polyester- Hjul: Nylon- Gasfj\u00e4der: St\u00e5l- Bricka: St\u00e5l-Produktens m\u00e5tt- Rullstolens h\u00f6jd: 120-133 cm- Sitsh\u00f6jd: 45-55 cm- Sitsbredd: 53 cm- Sitsdjup: 52 cm- Armst\u00f6dets\/sitsens h\u00f6jd: 17-26 cm- Ryggst\u00f6dets h\u00f6jd: 77-81,5 cm- Stj\u00e4rnfotsdiameter: 70 cm- Produktens vikt: 14,7 kg-Maximal belastning: 120 kgLeverans: -1 x n\u00e4tstol-1 x insexnyckel-1 x tillbeh\u00f6rsp\u00e5se-1 x monteringsanvisningar (FR, DE, EN, ES, IT).<\/p>\n","protected":false},"excerpt":{"rendered":"<p>Sitt och arbeta b\u00e4ttre: Tack vare det justerbara nackst\u00f6det, den fj\u00e4drande sitsen och det breda ryggst\u00f6det kan du sitta bekv\u00e4mt. Du drar nytta av en h\u00e4lsosam sittst\u00e4llning n\u00e4r du beh\u00f6ver koncentrera dig helt p\u00e5 arbetet.Helt justerbar: F\u00f6rutom nackst\u00f6det kan \u00e4ven sitsens h\u00f6jd, armst\u00f6d och l\u00e4ndryggsst\u00f6d justeras efter olika behov. Dessutom kan du koppla av tack [&hellip;]<\/p>\n","protected":false},"featured_media":0,"comment_status":"open","ping_status":"closed","template":"","meta":[],"product_brand":[],"product_cat":[33],"product_tag":[],"class_list":{"0":"post-17165","1":"product","2":"type-product","3":"status-publish","5":"product_cat-okategoriserad","7":"first","8":"instock","9":"shipping-taxable","10":"product-type-simple"},"_links":{"self":[{"href":"https:\/\/nordicmart.andreevmaster.com\/sv\/wp-json\/wp\/v2\/product\/17165","targetHints":{"allow":["GET"]}}],"collection":[{"href":"https:\/\/nordicmart.andreevmaster.com\/sv\/wp-json\/wp\/v2\/product"}],"about":[{"href":"https:\/\/nordicmart.andreevmaster.com\/sv\/wp-json\/wp\/v2\/types\/product"}],"replies":[{"embeddable":true,"href":"https:\/\/nordicmart.andreevmaster.com\/sv\/wp-json\/wp\/v2\/comments?post=17165"}],"wp:attachment":[{"href":"https:\/\/nordicmart.andreevmaster.com\/sv\/wp-json\/wp\/v2\/media?parent=17165"}],"wp:term":[{"taxonomy":"product_brand","embeddable":true,"href":"https:\/\/nordicmart.andreevmaster.com\/sv\/wp-json\/wp\/v2\/product_brand?post=17165"},{"taxonomy":"product_cat","embeddable":true,"href":"https:\/\/nordicmart.andreevmaster.com\/sv\/wp-json\/wp\/v2\/product_cat?post=17165"},{"taxonomy":"product_tag","embeddable":true,"href":"https:\/\/nordicmart.andreevmaster.com\/sv\/wp-json\/wp\/v2\/product_tag?post=17165"}],"curies":[{"name":"wp","href":"https:\/\/api.w.org\/{rel}","templated":true}]}}