{"id":17163,"date":"2026-02-27T00:33:51","date_gmt":"2026-02-27T00:33:51","guid":{"rendered":"https:\/\/nordicmart.andreevmaster.com\/product\/songmics-ergonomisk-skrivbordsstol-svart\/"},"modified":"2026-02-27T08:23:40","modified_gmt":"2026-02-27T08:23:40","slug":"songmics-ergonomisk-skrivbordsstol-svart","status":"publish","type":"product","link":"https:\/\/nordicmart.andreevmaster.com\/sv\/produkt\/songmics-ergonomisk-skrivbordsstol-svart\/","title":{"rendered":"SONGMICS Ergonomisk skrivbordsstol svart"},"content":{"rendered":"<p>Kontorsstolen som ger dig komfort och v\u00e4lbefinnande. Denna vridbara kontorsstol \u00e4r utrustad med nylonhjul. Men det som skiljer den fr\u00e5n andra vanliga kontorsstolar \u00e4r dess ergonomi och n\u00e4tv\u00e4v. Denna ergonomiska kontorsstol g\u00f6r det m\u00f6jligt f\u00f6r dig att maximera din produktivitet under arbetstiden genom att minska tr\u00f6tthet och stress som orsakas av l\u00e5ngvarigt sittande. Den \u00e4r tillverkad av svettd\u00e4mpande n\u00e4t. Vi \u00e4r tr\u00f6tta p\u00e5 att klibba fast i stolen p\u00e5 grund av svett. Tack vare det andningsbara n\u00e4tet \u00e4r det \u00e4ntligen slut med den obehagliga svettlukten! Den \u00e4r ocks\u00e5 utrustad med ett h\u00f6jdjusterbart nackst\u00f6d f\u00f6r att anpassas efter alla anv\u00e4ndares kroppsbyggnad. Detta tillbeh\u00f6r f\u00f6rhindrar nacksm\u00e4rtor. De uppf\u00e4llbara armst\u00f6den maximerar utrymmet p\u00e5 kontoret eller i ditt hemmakontor. V\u00e4nta inte l\u00e4ngre och skaffa dig detta oumb\u00e4rliga arbetsredskap! V\u00e5r utm\u00e4rkta kundtj\u00e4nst st\u00e5r till ditt f\u00f6rfogande f\u00f6re och efter ditt k\u00f6p och besvarar dina fr\u00e5gor via e-post inom 24 timmar. V\u00e5r prioritet \u00e4r att du ska vara helt n\u00f6jd och d\u00e4rf\u00f6r garanterar vi det. V\u00e4lj SONGMICS! Produktdetaljer: &#8211; F\u00e4rg: svart &#8211; Produktstorlek: &#8211; Total h\u00f6jd: 114-131 cm &#8211; Bredd: 67 cm &#8211; Djup: 70 cm &#8211; Sitth\u00f6jd: 46-55,5 cm &#8211; Sitsbredd: 51 cm &#8211; Sitsdjup: 52 cm &#8211; Armst\u00f6dens h\u00f6jd (fr\u00e5n sitsen): 22,5 cm &#8211; Ryggst\u00f6dets h\u00f6jd: 73-81 cm &#8211; \u00d8 fotkors: 70 cm &#8211; \u00d8 hjul: 50 mm &#8211; \u00d8 stift: 11 mm Material: &#8211; Fotkors: nylon &#8211; Armst\u00f6d: PP &#8211; Ryggst\u00f6d: n\u00e4tv\u00e4v av polyester &#8211; Sits: skumplast, n\u00e4tv\u00e4v av polyester &#8211; Vikt: 16,2 kg &#8211; Max. belastningskapacitet: 120 kg Leveransomfattning: &#8211; 1 x kontorsstol &#8211; 1 x insexnyckel &#8211; 1 x beslagsp\u00e5se &#8211; 1 x bruksanvisning (DE, EN, FR, ES, IT)<\/p>\n","protected":false},"excerpt":{"rendered":"<p>SONGMICS kontorsstol, ergonomisk skrivbordsstol, justerbar snurrstol, datorstol, f\u00e4llbara armst\u00f6d och justerbart nackst\u00f6d, 360\u00b0 vridbar och h\u00f6jdjusterbar, svart, OBN51BK<\/p>\n","protected":false},"featured_media":44606,"comment_status":"open","ping_status":"closed","template":"","meta":[],"product_brand":[],"product_cat":[33],"product_tag":[],"class_list":{"0":"post-17163","1":"product","2":"type-product","3":"status-publish","4":"has-post-thumbnail","6":"product_cat-okategoriserad","8":"first","9":"instock","10":"shipping-taxable","11":"purchasable","12":"product-type-simple"},"_links":{"self":[{"href":"https:\/\/nordicmart.andreevmaster.com\/sv\/wp-json\/wp\/v2\/product\/17163","targetHints":{"allow":["GET"]}}],"collection":[{"href":"https:\/\/nordicmart.andreevmaster.com\/sv\/wp-json\/wp\/v2\/product"}],"about":[{"href":"https:\/\/nordicmart.andreevmaster.com\/sv\/wp-json\/wp\/v2\/types\/product"}],"replies":[{"embeddable":true,"href":"https:\/\/nordicmart.andreevmaster.com\/sv\/wp-json\/wp\/v2\/comments?post=17163"}],"wp:featuredmedia":[{"embeddable":true,"href":"https:\/\/nordicmart.andreevmaster.com\/sv\/wp-json\/wp\/v2\/media\/44606"}],"wp:attachment":[{"href":"https:\/\/nordicmart.andreevmaster.com\/sv\/wp-json\/wp\/v2\/media?parent=17163"}],"wp:term":[{"taxonomy":"product_brand","embeddable":true,"href":"https:\/\/nordicmart.andreevmaster.com\/sv\/wp-json\/wp\/v2\/product_brand?post=17163"},{"taxonomy":"product_cat","embeddable":true,"href":"https:\/\/nordicmart.andreevmaster.com\/sv\/wp-json\/wp\/v2\/product_cat?post=17163"},{"taxonomy":"product_tag","embeddable":true,"href":"https:\/\/nordicmart.andreevmaster.com\/sv\/wp-json\/wp\/v2\/product_tag?post=17163"}],"curies":[{"name":"wp","href":"https:\/\/api.w.org\/{rel}","templated":true}]}}