{"id":17157,"date":"2026-02-27T00:33:49","date_gmt":"2026-02-27T00:33:49","guid":{"rendered":"https:\/\/nordicmart.andreevmaster.com\/product\/songmics-ergonomisk-kontorsstol-med-armstod\/"},"modified":"2026-02-27T08:23:39","modified_gmt":"2026-02-27T08:23:39","slug":"songmics-ergonomisk-kontorsstol-med-armstod","status":"publish","type":"product","link":"https:\/\/nordicmart.andreevmaster.com\/sv\/produkt\/songmics-ergonomisk-kontorsstol-med-armstod\/","title":{"rendered":"SONGMICS Ergonomisk kontorsstol med armst\u00f6d"},"content":{"rendered":"<p>Letar du efter en bekv\u00e4m snurrstol som passar till ditt skrivbord, din k\u00f6ks\u00f6 eller din barbord? Denna 360\u00b0 vridbara pall \u00e4r m\u00e5ngsidig. Vad \u00e4r bra sk\u00e4l f\u00f6r att k\u00f6pa denna kontorsstol? F\u00f6rb\u00e4ttrad h\u00f6jdjustering Du kan justera stolens h\u00f6jd med 20 cm s\u00e5 att du kan anpassa den efter dina behov. H\u00f6jdjusterbart fotst\u00f6d Det d\u00e4ckformade fotst\u00f6det \u00e4r monterat i standardh\u00f6jd och ger ett stabilt st\u00f6d runt om, s\u00e5 att du kan inta en h\u00e4lsosam kroppsh\u00e5llning och minska tr\u00f6ttheten. Bekv\u00e4ma armst\u00f6d De tv\u00e5 armst\u00f6den st\u00f6der dina underarmar p\u00e5 ett behagligt s\u00e4tt. Ergonomiskt ryggst\u00f6d Det ergonomiska ryggst\u00f6det anpassar sig efter din kropp och minskar trycket p\u00e5 ryggraden och l\u00e4ndryggen. Produktdetaljer:- F\u00e4rg: Svart &#8211; Material: Fotkors: Nylon Ryggst\u00f6d: PP-plast, n\u00e4trygg i polyester Sits: Tr\u00e4skiva, skumplast, polyester Hjul: Nylon Auto-Return-cylinder: St\u00e5l &#8211; Storlek:H\u00f6jd: 98,5\u2013118,5 cm Sitsh\u00f6jd: 51,5\u201371,5 cm Sitsbredd: 46 cm Sitsdjup: 45 cm Ryggst\u00f6dets h\u00f6jd: 47 cm Fotkorsets diameter: 64 cm Rullernas diameter: 50 mm Axelns diameter: 11 mm Vikt: 11,3 kg Max. statisk belastningskapacitet: 120 kg Leveransomfattning: 1 x kontorsstol med n\u00e4tkl\u00e4dsel 1 x insexnyckel 1 x tillbeh\u00f6r 1 x bruksanvisning (DE, EN, IT, FR, ES) SONGMICS Anm\u00e4rkningar:- Se till att texten \u201dFRONT\u201d p\u00e5 plattan med sittmekanismen \u00e4r v\u00e4nd fram\u00e5t vid montering. &#8211; Anv\u00e4nd ett underl\u00e4gg om du vill anv\u00e4nda stolen p\u00e5 ett tr\u00e4golv.<\/p>\n","protected":false},"excerpt":{"rendered":"<p>SONGMICS kontorsstol, ergonomisk arbetsstol med armst\u00f6d, sitth\u00f6jd 55\u201375 cm, h\u00f6g arbetsstol med justerbar fotring, belastningskapacitet 120 kg, svart OBN25BK<\/p>\n","protected":false},"featured_media":44600,"comment_status":"open","ping_status":"closed","template":"","meta":[],"product_brand":[],"product_cat":[33],"product_tag":[],"class_list":{"0":"post-17157","1":"product","2":"type-product","3":"status-publish","4":"has-post-thumbnail","6":"product_cat-okategoriserad","8":"first","9":"instock","10":"shipping-taxable","11":"purchasable","12":"product-type-simple"},"_links":{"self":[{"href":"https:\/\/nordicmart.andreevmaster.com\/sv\/wp-json\/wp\/v2\/product\/17157","targetHints":{"allow":["GET"]}}],"collection":[{"href":"https:\/\/nordicmart.andreevmaster.com\/sv\/wp-json\/wp\/v2\/product"}],"about":[{"href":"https:\/\/nordicmart.andreevmaster.com\/sv\/wp-json\/wp\/v2\/types\/product"}],"replies":[{"embeddable":true,"href":"https:\/\/nordicmart.andreevmaster.com\/sv\/wp-json\/wp\/v2\/comments?post=17157"}],"wp:featuredmedia":[{"embeddable":true,"href":"https:\/\/nordicmart.andreevmaster.com\/sv\/wp-json\/wp\/v2\/media\/44600"}],"wp:attachment":[{"href":"https:\/\/nordicmart.andreevmaster.com\/sv\/wp-json\/wp\/v2\/media?parent=17157"}],"wp:term":[{"taxonomy":"product_brand","embeddable":true,"href":"https:\/\/nordicmart.andreevmaster.com\/sv\/wp-json\/wp\/v2\/product_brand?post=17157"},{"taxonomy":"product_cat","embeddable":true,"href":"https:\/\/nordicmart.andreevmaster.com\/sv\/wp-json\/wp\/v2\/product_cat?post=17157"},{"taxonomy":"product_tag","embeddable":true,"href":"https:\/\/nordicmart.andreevmaster.com\/sv\/wp-json\/wp\/v2\/product_tag?post=17157"}],"curies":[{"name":"wp","href":"https:\/\/api.w.org\/{rel}","templated":true}]}}