{"id":17156,"date":"2026-02-27T00:33:49","date_gmt":"2026-02-27T00:33:49","guid":{"rendered":"https:\/\/nordicmart.andreevmaster.com\/product\/songmics-enkel-kontorsstol-med-natkladsel\/"},"modified":"2026-02-27T08:23:39","modified_gmt":"2026-02-27T08:23:39","slug":"songmics-enkel-kontorsstol-med-natkladsel","status":"publish","type":"product","link":"https:\/\/nordicmart.andreevmaster.com\/sv\/produkt\/songmics-enkel-kontorsstol-med-natkladsel\/","title":{"rendered":"SONGMICS Enkel kontorsstol med n\u00e4tkl\u00e4dsel"},"content":{"rendered":"<p>Bekv\u00e4m och andningsbar Letar du efter en bekv\u00e4m snurrstol som passar f\u00f6r din arbetsplats eller k\u00f6ksarbetsplats? Denna stol som kan snurras 360 grader \u00e4r ett perfekt val f\u00f6r dig. Ryggst\u00f6det i n\u00e4tv\u00e4v s\u00e4kerst\u00e4ller luftcirkulationen f\u00f6r en behaglig k\u00e4nsla \u00e4ven under varma sommardagar n\u00e4r du m\u00e5ste sitta l\u00e4nge. Helt justerbar Justerbar fotst\u00f6d och sitth\u00f6jd passar f\u00f6r arbete vid bordet, i k\u00f6ket eller framf\u00f6r m\u00e5lningen.  S\u00e4ker att anv\u00e4nda  Stj\u00e4rnfoten med h\u00f6gkvalitativ gasfj\u00e4der har en b\u00e4rf\u00f6rm\u00e5ga p\u00e5 120 kg och det h\u00f6gkvalitativa fotst\u00f6det garanterar optimal komfort och h\u00e5llbarhet f\u00f6r denna stol. Tveka inte l\u00e4ngre och klicka p\u00e5 &#8221;L\u00e4gg i varukorgen&#8221; f\u00f6r att f\u00e5 denna stol levererad hem till dig. Produktdetaljer: &#8211; F\u00e4rg: Svart &#8211; Material: &#8211; Fotkors: Nylon &#8211; Ryggst\u00f6d: PP, polyester n\u00e4tv\u00e4v &#8211; Sits: Tr\u00e4skiva, skumplast, polyesterv\u00e4v &#8211; Hjul: Nylon &#8211; Gasfj\u00e4der: st\u00e5l &#8211; Mekanisk bottenplatta: st\u00e5l &#8211; Produktstorlek: &#8211; H\u00f6jd: 98,5-117,5 cm &#8211; Sitth\u00f6jd: 56-75 cm &#8211; Sitsbredd: 48 cm &#8211; Sitsdjup: 45 cm &#8211; Ryggst\u00f6dets h\u00f6jd: 47 cm &#8211; \u00d8 fotkors: 64 cm  &#8211; Produktvikt:- Nettovikt: 9,9 kg &#8211; Maximal belastningskapacitet: 120 kg Leveransomfattning: &#8211; 1 x snurrstol &#8211; 1 x insexnyckel &#8211; 1 x tillbeh\u00f6rsp\u00e5se &#8211; 1 x bruksanvisning (DE, EN, FR, ES, IT)<\/p>\n","protected":false},"excerpt":{"rendered":"<p>SONGMICS kontorsstol, ergonomisk arbetsstol, sitth\u00f6jd 51,5\u201371,5 cm, h\u00f6g arbetsstol med justerbar fotring, belastningskapacitet 120 kg, svart OBN15BK<\/p>\n","protected":false},"featured_media":44599,"comment_status":"open","ping_status":"closed","template":"","meta":[],"product_brand":[],"product_cat":[33],"product_tag":[],"class_list":{"0":"post-17156","1":"product","2":"type-product","3":"status-publish","4":"has-post-thumbnail","6":"product_cat-okategoriserad","8":"first","9":"instock","10":"shipping-taxable","11":"purchasable","12":"product-type-simple"},"_links":{"self":[{"href":"https:\/\/nordicmart.andreevmaster.com\/sv\/wp-json\/wp\/v2\/product\/17156","targetHints":{"allow":["GET"]}}],"collection":[{"href":"https:\/\/nordicmart.andreevmaster.com\/sv\/wp-json\/wp\/v2\/product"}],"about":[{"href":"https:\/\/nordicmart.andreevmaster.com\/sv\/wp-json\/wp\/v2\/types\/product"}],"replies":[{"embeddable":true,"href":"https:\/\/nordicmart.andreevmaster.com\/sv\/wp-json\/wp\/v2\/comments?post=17156"}],"wp:featuredmedia":[{"embeddable":true,"href":"https:\/\/nordicmart.andreevmaster.com\/sv\/wp-json\/wp\/v2\/media\/44599"}],"wp:attachment":[{"href":"https:\/\/nordicmart.andreevmaster.com\/sv\/wp-json\/wp\/v2\/media?parent=17156"}],"wp:term":[{"taxonomy":"product_brand","embeddable":true,"href":"https:\/\/nordicmart.andreevmaster.com\/sv\/wp-json\/wp\/v2\/product_brand?post=17156"},{"taxonomy":"product_cat","embeddable":true,"href":"https:\/\/nordicmart.andreevmaster.com\/sv\/wp-json\/wp\/v2\/product_cat?post=17156"},{"taxonomy":"product_tag","embeddable":true,"href":"https:\/\/nordicmart.andreevmaster.com\/sv\/wp-json\/wp\/v2\/product_tag?post=17156"}],"curies":[{"name":"wp","href":"https:\/\/api.w.org\/{rel}","templated":true}]}}