{"id":17153,"date":"2026-02-27T00:33:48","date_gmt":"2026-02-27T00:33:48","guid":{"rendered":"https:\/\/nordicmart.andreevmaster.com\/product\/songmics-kontorsstol-med-justerbara-armstod-svart\/"},"modified":"2026-02-27T08:23:38","modified_gmt":"2026-02-27T08:23:38","slug":"songmics-kontorsstol-med-justerbara-armstod-svart","status":"publish","type":"product","link":"https:\/\/nordicmart.andreevmaster.com\/sv\/produkt\/songmics-kontorsstol-med-justerbara-armstod-svart\/","title":{"rendered":"SONGMICS kontorsstol med justerbara armst\u00f6d Svart"},"content":{"rendered":"<p>Produktdetaljer: F\u00e4rg: Svart Material: St\u00e5l, nylonhjul, polyester, skumplast Total storlek: 64 x 62 x (117-127) cm (L x B x H) Sitth\u00f6jd: 43-53 cm M\u00e5tt p\u00e5 sitsen: 52 x 50 cm (L x B) M\u00e5tt p\u00e5 ryggst\u00f6det: 47,5 x 74 cm (L x H)Armst\u00f6dens h\u00f6jd (fr\u00e5n sitsen): 25 cmVikt: 11,5 kgMax. statisk belastningskapacitet: 120 kgLeveransomfattning:1 x kontorsstol2 x handskar (ett par)1 x tillbeh\u00f6rspaket1 x bruksanvisningSONGMICS Anm\u00e4rkningar:Anv\u00e4nd en underl\u00e4gg om du vill anv\u00e4nda stolen p\u00e5 ett tr\u00e4golv. N\u00e4r du anv\u00e4nder vippfunktionen lutas stolens sits och ryggst\u00f6d samtidigt bak\u00e5t; ryggst\u00f6det kan inte lutas separat.<\/p>\n","protected":false},"excerpt":{"rendered":"<p>SONGMICS kontorsstol, datorstol, ergonomisk stol, justerbara armst\u00f6d och nackst\u00f6d, vippfunktion, ventilerande n\u00e4tmaterial, h\u00f6jdjusterbar, svart OBN087B01<\/p>\n","protected":false},"featured_media":44596,"comment_status":"open","ping_status":"closed","template":"","meta":[],"product_brand":[],"product_cat":[33],"product_tag":[],"class_list":{"0":"post-17153","1":"product","2":"type-product","3":"status-publish","4":"has-post-thumbnail","6":"product_cat-okategoriserad","8":"first","9":"instock","10":"shipping-taxable","11":"purchasable","12":"product-type-simple"},"_links":{"self":[{"href":"https:\/\/nordicmart.andreevmaster.com\/sv\/wp-json\/wp\/v2\/product\/17153","targetHints":{"allow":["GET"]}}],"collection":[{"href":"https:\/\/nordicmart.andreevmaster.com\/sv\/wp-json\/wp\/v2\/product"}],"about":[{"href":"https:\/\/nordicmart.andreevmaster.com\/sv\/wp-json\/wp\/v2\/types\/product"}],"replies":[{"embeddable":true,"href":"https:\/\/nordicmart.andreevmaster.com\/sv\/wp-json\/wp\/v2\/comments?post=17153"}],"wp:featuredmedia":[{"embeddable":true,"href":"https:\/\/nordicmart.andreevmaster.com\/sv\/wp-json\/wp\/v2\/media\/44596"}],"wp:attachment":[{"href":"https:\/\/nordicmart.andreevmaster.com\/sv\/wp-json\/wp\/v2\/media?parent=17153"}],"wp:term":[{"taxonomy":"product_brand","embeddable":true,"href":"https:\/\/nordicmart.andreevmaster.com\/sv\/wp-json\/wp\/v2\/product_brand?post=17153"},{"taxonomy":"product_cat","embeddable":true,"href":"https:\/\/nordicmart.andreevmaster.com\/sv\/wp-json\/wp\/v2\/product_cat?post=17153"},{"taxonomy":"product_tag","embeddable":true,"href":"https:\/\/nordicmart.andreevmaster.com\/sv\/wp-json\/wp\/v2\/product_tag?post=17153"}],"curies":[{"name":"wp","href":"https:\/\/api.w.org\/{rel}","templated":true}]}}