{"id":17152,"date":"2026-02-27T00:33:48","date_gmt":"2026-02-27T00:33:48","guid":{"rendered":"https:\/\/nordicmart.andreevmaster.com\/product\/songmics-kontorsstol-med-armstod\/"},"modified":"2026-02-27T08:23:38","modified_gmt":"2026-02-27T08:23:38","slug":"songmics-kontorsstol-med-armstod","status":"publish","type":"product","link":"https:\/\/nordicmart.andreevmaster.com\/sv\/produkt\/songmics-kontorsstol-med-armstod\/","title":{"rendered":"SONGMICS kontorsstol med armst\u00f6d"},"content":{"rendered":"<p>\u00d6kad produktivitet, b\u00e4ttre hum\u00f6r En felaktig h\u00e5llning g\u00f6r redan anstr\u00e4ngande arbetsdagar \u00e4nnu mer obekv\u00e4ma. Hitta din ideala h\u00e5llning med denna kontorsstol: din kropp slappnar av, din hj\u00e4rna blir mer produktiv och \u00e5tta timmars arbete flyger f\u00f6rbi.   F\u00f6rdelar med denna kontorsstol: &#8211; Justera stolens h\u00f6jd f\u00f6r att hitta din ideala sittposition som passar h\u00f6jden p\u00e5 din sk\u00e4rm. &#8211; Tack vare ryggst\u00f6dets ergonomiska form kan du alltid arbeta avslappnat och med rak rygg. &#8211; Vila armarna p\u00e5 de bekv\u00e4ma armst\u00f6den som \u00e4r kl\u00e4dda med PU-konstl\u00e4der. &#8211; Slappna av nacke och axlar tack vare det h\u00f6ga ryggst\u00f6det som \u00f6verg\u00e5r i ett nackst\u00f6d.   Produktdetaljer: &#8211; F\u00e4rg: Svart-Ljusbl\u00e5-Gr\u00e5 &#8211; Material: St\u00e5l, skumplast, plast, PU-konstl\u00e4der, tygyta, nylonhjul &#8211; Stolens totala storlek: 64 x 54 x (113-123) cm (L x B x H) &#8211; Sitsens h\u00f6jd (fr\u00e5n golvet): 42\u201352 cm &#8211; M\u00e5tt p\u00e5 sitsen: 50 x 50 cm (L x B) &#8211; M\u00e5tt p\u00e5 ryggst\u00f6det: 47 x 70 cm (L x H) &#8211; M\u00e5tt p\u00e5 nackst\u00f6det: 25 x 20 cm (B x H) &#8211; H\u00f6jd p\u00e5 armst\u00f6den (fr\u00e5n sitsen): 21 cm &#8211; Vikt: 13,5 kg- Max. statisk belastningskapacitet: 130 kg Leveransomfattning:- 1 x kontorsstol- 1 x tillbeh\u00f6rspaket- 1 x bruksanvisning (DE, EN, IT, FR, ES) SONGMICS Anm\u00e4rkningar:- Placera inte produkten \u00f6ver ett<\/p>\n","protected":false},"excerpt":{"rendered":"<p>SONGMICS kontorsstol med n\u00e4tkl\u00e4dsel, stol med nackst\u00f6d och armst\u00f6d, h\u00f6jdjusterbar, 360\u00b0 vridbar, med gungfunktion, belastningskapacitet upp till 130 kg, ergonomisk, svart-bl\u00e5-m\u00f6rkgr\u00e5 OBN086B02<\/p>\n","protected":false},"featured_media":44595,"comment_status":"open","ping_status":"closed","template":"","meta":[],"product_brand":[],"product_cat":[33],"product_tag":[],"class_list":{"0":"post-17152","1":"product","2":"type-product","3":"status-publish","4":"has-post-thumbnail","6":"product_cat-okategoriserad","8":"first","9":"instock","10":"shipping-taxable","11":"purchasable","12":"product-type-simple"},"_links":{"self":[{"href":"https:\/\/nordicmart.andreevmaster.com\/sv\/wp-json\/wp\/v2\/product\/17152","targetHints":{"allow":["GET"]}}],"collection":[{"href":"https:\/\/nordicmart.andreevmaster.com\/sv\/wp-json\/wp\/v2\/product"}],"about":[{"href":"https:\/\/nordicmart.andreevmaster.com\/sv\/wp-json\/wp\/v2\/types\/product"}],"replies":[{"embeddable":true,"href":"https:\/\/nordicmart.andreevmaster.com\/sv\/wp-json\/wp\/v2\/comments?post=17152"}],"wp:featuredmedia":[{"embeddable":true,"href":"https:\/\/nordicmart.andreevmaster.com\/sv\/wp-json\/wp\/v2\/media\/44595"}],"wp:attachment":[{"href":"https:\/\/nordicmart.andreevmaster.com\/sv\/wp-json\/wp\/v2\/media?parent=17152"}],"wp:term":[{"taxonomy":"product_brand","embeddable":true,"href":"https:\/\/nordicmart.andreevmaster.com\/sv\/wp-json\/wp\/v2\/product_brand?post=17152"},{"taxonomy":"product_cat","embeddable":true,"href":"https:\/\/nordicmart.andreevmaster.com\/sv\/wp-json\/wp\/v2\/product_cat?post=17152"},{"taxonomy":"product_tag","embeddable":true,"href":"https:\/\/nordicmart.andreevmaster.com\/sv\/wp-json\/wp\/v2\/product_tag?post=17152"}],"curies":[{"name":"wp","href":"https:\/\/api.w.org\/{rel}","templated":true}]}}