{"id":17149,"date":"2026-02-27T00:33:47","date_gmt":"2026-02-27T00:33:47","guid":{"rendered":"https:\/\/nordicmart.andreevmaster.com\/product\/songmics-kontorsstol-med-hojdjusterbart-landryggsstod-black-svart\/"},"modified":"2026-02-27T08:23:38","modified_gmt":"2026-02-27T08:23:38","slug":"songmics-kontorsstol-med-hojdjusterbart-landryggsstod-black-svart","status":"publish","type":"product","link":"https:\/\/nordicmart.andreevmaster.com\/sv\/produkt\/songmics-kontorsstol-med-hojdjusterbart-landryggsstod-black-svart\/","title":{"rendered":"SONGMICS kontorsstol med h\u00f6jdjusterbart l\u00e4ndryggsst\u00f6d, bl\u00e4ck svart"},"content":{"rendered":"<p>SONGMICS kontorsstol, ergonomisk skrivbordsstol, h\u00f6g ryggst\u00f6d, datorstol, h\u00f6jdjusterbart l\u00e4ndryggsst\u00f6d, justerbart nackst\u00f6d, armst\u00f6d, hemmakontor<br \/>\nF\u00e4rg: bl\u00e4ck svart<br \/>\nMaterial: st\u00e5l, PU, skumplast, nylon<br \/>\nStorlek: 70 x 70 x (117-125 cm) (D x B x H)<br \/>\nSitsh\u00f6jd: 47\u201355 cm<br \/>\nSitsyta: 52 x 52 cm<br \/>\nArmst\u00f6dens h\u00f6jd (fr\u00e5n golvet): 64-72 cm<br \/>\nVikt: 17 kg<br \/>\nMax. statisk belastningskapacitet: 150 kg<\/p>\n","protected":false},"excerpt":{"rendered":"<p>SONGMICS kontorsstol, ergonomisk skrivbordsstol, h\u00f6g ryggst\u00f6d, datorstol, h\u00f6jdjusterbart l\u00e4ndryggsst\u00f6d, justerbart nackst\u00f6d, armst\u00f6d, hemmakontor<\/p>\n","protected":false},"featured_media":44592,"comment_status":"open","ping_status":"closed","template":"","meta":[],"product_brand":[],"product_cat":[33],"product_tag":[],"class_list":{"0":"post-17149","1":"product","2":"type-product","3":"status-publish","4":"has-post-thumbnail","6":"product_cat-okategoriserad","8":"first","9":"instock","10":"shipping-taxable","11":"purchasable","12":"product-type-simple"},"_links":{"self":[{"href":"https:\/\/nordicmart.andreevmaster.com\/sv\/wp-json\/wp\/v2\/product\/17149","targetHints":{"allow":["GET"]}}],"collection":[{"href":"https:\/\/nordicmart.andreevmaster.com\/sv\/wp-json\/wp\/v2\/product"}],"about":[{"href":"https:\/\/nordicmart.andreevmaster.com\/sv\/wp-json\/wp\/v2\/types\/product"}],"replies":[{"embeddable":true,"href":"https:\/\/nordicmart.andreevmaster.com\/sv\/wp-json\/wp\/v2\/comments?post=17149"}],"wp:featuredmedia":[{"embeddable":true,"href":"https:\/\/nordicmart.andreevmaster.com\/sv\/wp-json\/wp\/v2\/media\/44592"}],"wp:attachment":[{"href":"https:\/\/nordicmart.andreevmaster.com\/sv\/wp-json\/wp\/v2\/media?parent=17149"}],"wp:term":[{"taxonomy":"product_brand","embeddable":true,"href":"https:\/\/nordicmart.andreevmaster.com\/sv\/wp-json\/wp\/v2\/product_brand?post=17149"},{"taxonomy":"product_cat","embeddable":true,"href":"https:\/\/nordicmart.andreevmaster.com\/sv\/wp-json\/wp\/v2\/product_cat?post=17149"},{"taxonomy":"product_tag","embeddable":true,"href":"https:\/\/nordicmart.andreevmaster.com\/sv\/wp-json\/wp\/v2\/product_tag?post=17149"}],"curies":[{"name":"wp","href":"https:\/\/api.w.org\/{rel}","templated":true}]}}