{"id":17148,"date":"2026-02-27T00:33:47","date_gmt":"2026-02-27T00:33:47","guid":{"rendered":"https:\/\/nordicmart.andreevmaster.com\/product\/songmics-skrivbordsstol-ergonomisk-och-justerbar-duvgra\/"},"modified":"2026-02-27T08:23:37","modified_gmt":"2026-02-27T08:23:37","slug":"songmics-skrivbordsstol-ergonomisk-och-justerbar-duvgra","status":"publish","type":"product","link":"https:\/\/nordicmart.andreevmaster.com\/sv\/produkt\/songmics-skrivbordsstol-ergonomisk-och-justerbar-duvgra\/","title":{"rendered":"SONGMICS skrivbordsstol ergonomisk och justerbar duvgr\u00e5"},"content":{"rendered":"<p>SONGMICS kontorsstol, skrivbordsstol, ergonomisk, justerbar, lutbar ryggst\u00f6d, fram\u00e5t- eller bak\u00e5tjusterbar sits<br \/>\nF\u00e4rg: Duvgr\u00e5<br \/>\nMaterial: st\u00e5l, aluminiumlegering, polyester, polyuretanskum, nylon<br \/>\nStorlek: 70 x 70 x (115-125) cm (D x B x H)<br \/>\nSitsh\u00f6jd: 45-55 cm<br \/>\nSitsens storlek: (50-55) x 50 cm (D x B)<br \/>\nRyggst\u00f6dets storlek: 51 x 77 cm (B x H)<br \/>\nArmst\u00f6dens h\u00f6jd (fr\u00e5n sitsen): 17\u201324 cm<br \/>\nVikt: 17,2 kg<br \/>\nMax. statisk belastningskapacitet: 150 kg<\/p>\n","protected":false},"excerpt":{"rendered":"<p>SONGMICS kontorsstol, skrivbordsstol, ergonomisk, justerbar, lutbar ryggst\u00f6d, fram\u00e5t- eller bak\u00e5tjusterbar sits<\/p>\n","protected":false},"featured_media":44591,"comment_status":"open","ping_status":"closed","template":"","meta":[],"product_brand":[],"product_cat":[33],"product_tag":[],"class_list":{"0":"post-17148","1":"product","2":"type-product","3":"status-publish","4":"has-post-thumbnail","6":"product_cat-okategoriserad","8":"first","9":"instock","10":"shipping-taxable","11":"purchasable","12":"product-type-simple"},"_links":{"self":[{"href":"https:\/\/nordicmart.andreevmaster.com\/sv\/wp-json\/wp\/v2\/product\/17148","targetHints":{"allow":["GET"]}}],"collection":[{"href":"https:\/\/nordicmart.andreevmaster.com\/sv\/wp-json\/wp\/v2\/product"}],"about":[{"href":"https:\/\/nordicmart.andreevmaster.com\/sv\/wp-json\/wp\/v2\/types\/product"}],"replies":[{"embeddable":true,"href":"https:\/\/nordicmart.andreevmaster.com\/sv\/wp-json\/wp\/v2\/comments?post=17148"}],"wp:featuredmedia":[{"embeddable":true,"href":"https:\/\/nordicmart.andreevmaster.com\/sv\/wp-json\/wp\/v2\/media\/44591"}],"wp:attachment":[{"href":"https:\/\/nordicmart.andreevmaster.com\/sv\/wp-json\/wp\/v2\/media?parent=17148"}],"wp:term":[{"taxonomy":"product_brand","embeddable":true,"href":"https:\/\/nordicmart.andreevmaster.com\/sv\/wp-json\/wp\/v2\/product_brand?post=17148"},{"taxonomy":"product_cat","embeddable":true,"href":"https:\/\/nordicmart.andreevmaster.com\/sv\/wp-json\/wp\/v2\/product_cat?post=17148"},{"taxonomy":"product_tag","embeddable":true,"href":"https:\/\/nordicmart.andreevmaster.com\/sv\/wp-json\/wp\/v2\/product_tag?post=17148"}],"curies":[{"name":"wp","href":"https:\/\/api.w.org\/{rel}","templated":true}]}}