{"id":17146,"date":"2026-02-27T00:33:46","date_gmt":"2026-02-27T00:33:46","guid":{"rendered":"https:\/\/nordicmart.andreevmaster.com\/product\/songmics-kontorsstol-med-ryggstod-ergonomisk-och-justerbar-duvgra\/"},"modified":"2026-02-27T08:23:37","modified_gmt":"2026-02-27T08:23:37","slug":"songmics-kontorsstol-med-ryggstod-ergonomisk-och-justerbar-duvgra","status":"publish","type":"product","link":"https:\/\/nordicmart.andreevmaster.com\/sv\/produkt\/songmics-kontorsstol-med-ryggstod-ergonomisk-och-justerbar-duvgra\/","title":{"rendered":"SONGMICS kontorsstol med ryggst\u00f6d, ergonomisk och justerbar, duvgr\u00e5"},"content":{"rendered":"<p>SONGMICS kontorsstol, skrivbordsstol, ergonomisk, justerbar, lutbar ryggst\u00f6d, fram\u00e5t- eller bak\u00e5tjusterbar sits, belastningskapacitet upp till 150 kg<br \/>\nF\u00e4rg: Duvgr\u00e5<br \/>\nMaterial: st\u00e5l, aluminiumlegering, polyester, skumplaststoppning, nylon<br \/>\nStorlek: 70 x 70 x (117\u2013127) cm (D x B x H)<br \/>\nSitsh\u00f6jd (mitten av sitsen): 49\u201359 cm<br \/>\nSitsens storlek: (50-53) x 50 cm (D x B)<br \/>\nRyggst\u00f6dets storlek: 50 x 70 cm (B x H)<br \/>\nArmst\u00f6dens h\u00f6jd (fr\u00e5n sittytan): 19\u201321 cm<br \/>\nVikt: 14,9 kg<br \/>\nMax. statisk belastningskapacitet: 150 kg<\/p>\n","protected":false},"excerpt":{"rendered":"<p>SONGMICS kontorsstol, skrivbordsstol, ergonomisk, justerbar, lutbar ryggst\u00f6d, fram\u00e5t- eller bak\u00e5tjusterbar sits, belastningskapacitet upp till 150 kg<\/p>\n","protected":false},"featured_media":44589,"comment_status":"open","ping_status":"closed","template":"","meta":[],"product_brand":[],"product_cat":[33],"product_tag":[],"class_list":{"0":"post-17146","1":"product","2":"type-product","3":"status-publish","4":"has-post-thumbnail","6":"product_cat-okategoriserad","8":"first","9":"instock","10":"shipping-taxable","11":"purchasable","12":"product-type-simple"},"_links":{"self":[{"href":"https:\/\/nordicmart.andreevmaster.com\/sv\/wp-json\/wp\/v2\/product\/17146","targetHints":{"allow":["GET"]}}],"collection":[{"href":"https:\/\/nordicmart.andreevmaster.com\/sv\/wp-json\/wp\/v2\/product"}],"about":[{"href":"https:\/\/nordicmart.andreevmaster.com\/sv\/wp-json\/wp\/v2\/types\/product"}],"replies":[{"embeddable":true,"href":"https:\/\/nordicmart.andreevmaster.com\/sv\/wp-json\/wp\/v2\/comments?post=17146"}],"wp:featuredmedia":[{"embeddable":true,"href":"https:\/\/nordicmart.andreevmaster.com\/sv\/wp-json\/wp\/v2\/media\/44589"}],"wp:attachment":[{"href":"https:\/\/nordicmart.andreevmaster.com\/sv\/wp-json\/wp\/v2\/media?parent=17146"}],"wp:term":[{"taxonomy":"product_brand","embeddable":true,"href":"https:\/\/nordicmart.andreevmaster.com\/sv\/wp-json\/wp\/v2\/product_brand?post=17146"},{"taxonomy":"product_cat","embeddable":true,"href":"https:\/\/nordicmart.andreevmaster.com\/sv\/wp-json\/wp\/v2\/product_cat?post=17146"},{"taxonomy":"product_tag","embeddable":true,"href":"https:\/\/nordicmart.andreevmaster.com\/sv\/wp-json\/wp\/v2\/product_tag?post=17146"}],"curies":[{"name":"wp","href":"https:\/\/api.w.org\/{rel}","templated":true}]}}