{"id":17144,"date":"2026-02-27T00:33:46","date_gmt":"2026-02-27T00:33:46","guid":{"rendered":"https:\/\/nordicmart.andreevmaster.com\/product\/songmics-kontorsstol-med-justerbart-ryggstod\/"},"modified":"2026-02-27T08:23:37","modified_gmt":"2026-02-27T08:23:37","slug":"songmics-kontorsstol-med-justerbart-ryggstod","status":"publish","type":"product","link":"https:\/\/nordicmart.andreevmaster.com\/sv\/produkt\/songmics-kontorsstol-med-justerbart-ryggstod\/","title":{"rendered":"SONGMICS kontorsstol med justerbart ryggst\u00f6d"},"content":{"rendered":"<p>F\u00f6rb\u00e4ttrad sittposition, \u00f6kad produktivitet:Denna n\u00e4tstol erbjuder bekv\u00e4mt st\u00f6d tack vare sitt separata l\u00e4ndryggsst\u00f6d. De justerbara armst\u00f6den avlastar dina armar och axlar. Det ergonomiska S-formade ryggst\u00f6det minskar belastningen p\u00e5 ryggen. Det ventilerande n\u00e4tryggst\u00f6det och n\u00e4titsen kyler p\u00e5 varma sommardagar. Den 8 cm tjocka vadderade sitsen erbjuder utm\u00e4rkt komfort. Det justerbara nackst\u00f6det och det 4stegs justerbara ryggst\u00f6det m\u00f6jligg\u00f6r en bekv\u00e4m sittposition n\u00e4r du arbetar eller kopplar av. Hjulens belastningsberoende bromsar g\u00f6r att stolen inte glider n\u00e4r du reser dig och l\u00e5ses upp n\u00e4r du s\u00e4tter dig, s\u00e5 att du kan rulla som du vill. F\u00f6lj bara de tydliga instruktionerna s\u00e5 har du monterat stolen p\u00e5 nolltid. Sedan kan du b\u00f6rja arbeta vid din dator p\u00e5 kontoret eller i arbetsrummet. Produktdetaljer: F\u00e4rg: Svart Material: Plast, skumplast, polyester, st\u00e5l Total storlek: 65 x 60 x (120-130) cm (B x D x H) Sitth\u00f6jd (fr\u00e5n golvet): 47-57 cm Sitsens storlek: 54 x 50 cm (B x D) Ryggst\u00f6dets storlek: 50 x 54 cm (B x H) Armst\u00f6dets h\u00f6jd (fr\u00e5n sitsen): 18\u201326 cm Armst\u00f6dets storlek: 25 x 9 cm (L x B) Vikt: 15 kg Max. statisk belastningskapacitet totalt: 120 kg Leveransomfattning: 1 x kontorsstol 1 x tillbeh\u00f6rspaket 1 x bruksanvisning SONGMICS Anm\u00e4rkningar:Denna produkt \u00e4r l\u00e4mplig f\u00f6r anv\u00e4ndning p\u00e5 n\u00e4stan alla golvbel\u00e4ggningar, men anv\u00e4nd golvskyddsmatta p\u00e5 laminatgolv och parkettgolv.<\/p>\n","protected":false},"excerpt":{"rendered":"<p>SONGMICS kontorsstol, skrivbordsstol, ergonomisk snurrstol, datorstol, n\u00e4tkl\u00e4dsel, 4-stegs justerbart ryggst\u00f6d, belastbarhet 120 kg, svart OBN064B01<\/p>\n","protected":false},"featured_media":44587,"comment_status":"open","ping_status":"closed","template":"","meta":[],"product_brand":[],"product_cat":[33],"product_tag":[],"class_list":{"0":"post-17144","1":"product","2":"type-product","3":"status-publish","4":"has-post-thumbnail","6":"product_cat-okategoriserad","8":"first","9":"instock","10":"shipping-taxable","11":"purchasable","12":"product-type-simple"},"_links":{"self":[{"href":"https:\/\/nordicmart.andreevmaster.com\/sv\/wp-json\/wp\/v2\/product\/17144","targetHints":{"allow":["GET"]}}],"collection":[{"href":"https:\/\/nordicmart.andreevmaster.com\/sv\/wp-json\/wp\/v2\/product"}],"about":[{"href":"https:\/\/nordicmart.andreevmaster.com\/sv\/wp-json\/wp\/v2\/types\/product"}],"replies":[{"embeddable":true,"href":"https:\/\/nordicmart.andreevmaster.com\/sv\/wp-json\/wp\/v2\/comments?post=17144"}],"wp:featuredmedia":[{"embeddable":true,"href":"https:\/\/nordicmart.andreevmaster.com\/sv\/wp-json\/wp\/v2\/media\/44587"}],"wp:attachment":[{"href":"https:\/\/nordicmart.andreevmaster.com\/sv\/wp-json\/wp\/v2\/media?parent=17144"}],"wp:term":[{"taxonomy":"product_brand","embeddable":true,"href":"https:\/\/nordicmart.andreevmaster.com\/sv\/wp-json\/wp\/v2\/product_brand?post=17144"},{"taxonomy":"product_cat","embeddable":true,"href":"https:\/\/nordicmart.andreevmaster.com\/sv\/wp-json\/wp\/v2\/product_cat?post=17144"},{"taxonomy":"product_tag","embeddable":true,"href":"https:\/\/nordicmart.andreevmaster.com\/sv\/wp-json\/wp\/v2\/product_tag?post=17144"}],"curies":[{"name":"wp","href":"https:\/\/api.w.org\/{rel}","templated":true}]}}