{"id":17143,"date":"2026-02-27T00:33:45","date_gmt":"2026-02-27T00:33:45","guid":{"rendered":"https:\/\/nordicmart.andreevmaster.com\/product\/songmics-kontorsstol-150-kg-belastbar-hojdjusterbar-duvgra\/"},"modified":"2026-02-27T08:23:36","modified_gmt":"2026-02-27T08:23:36","slug":"songmics-kontorsstol-150-kg-belastbar-hojdjusterbar-duvgra","status":"publish","type":"product","link":"https:\/\/nordicmart.andreevmaster.com\/sv\/produkt\/songmics-kontorsstol-150-kg-belastbar-hojdjusterbar-duvgra\/","title":{"rendered":"SONGMICS kontorsstol 150 kg belastbar h\u00f6jdjusterbar duvgr\u00e5"},"content":{"rendered":"<p>SONGMICS kontorsstol, ergonomisk skrivbordsstol, datorstol, n\u00e4tstol, justerbart l\u00e4ndst\u00f6d och nackst\u00f6d, belastningskapacitet upp till 150 kg, h\u00f6jdjusterbar, svart OBN063B01<br \/>\nF\u00e4rg: duvgr\u00e5<br \/>\nMaterial: plast, skumplaststoppning, st\u00e5l, polyestertyg<br \/>\nStolens totala storlek: 70 x 70 x (115-125) cm (D x B x H)<br \/>\nSitsh\u00f6jd: 46\u201356 cm<br \/>\nSitsens storlek: 52 x 50 cm (D x B)<br \/>\nRyggst\u00f6dets storlek: 53 x 59 cm (B x H)<br \/>\nArmst\u00f6dens h\u00f6jd (fr\u00e5n golvet): 66-76 cm<br \/>\nVikt: 15,7 kg<br \/>\nMax. statisk belastningskapacitet: 150 kg<\/p>\n","protected":false},"excerpt":{"rendered":"<p>SONGMICS kontorsstol, ergonomisk skrivbordsstol, datorstol, n\u00e4tstol, justerbart l\u00e4ndst\u00f6d och nackst\u00f6d, belastningskapacitet upp till 150 kg, h\u00f6jdjusterbar, svart OBN063B01<\/p>\n","protected":false},"featured_media":44586,"comment_status":"open","ping_status":"closed","template":"","meta":[],"product_brand":[],"product_cat":[33],"product_tag":[],"class_list":{"0":"post-17143","1":"product","2":"type-product","3":"status-publish","4":"has-post-thumbnail","6":"product_cat-okategoriserad","8":"first","9":"instock","10":"shipping-taxable","11":"purchasable","12":"product-type-simple"},"_links":{"self":[{"href":"https:\/\/nordicmart.andreevmaster.com\/sv\/wp-json\/wp\/v2\/product\/17143","targetHints":{"allow":["GET"]}}],"collection":[{"href":"https:\/\/nordicmart.andreevmaster.com\/sv\/wp-json\/wp\/v2\/product"}],"about":[{"href":"https:\/\/nordicmart.andreevmaster.com\/sv\/wp-json\/wp\/v2\/types\/product"}],"replies":[{"embeddable":true,"href":"https:\/\/nordicmart.andreevmaster.com\/sv\/wp-json\/wp\/v2\/comments?post=17143"}],"wp:featuredmedia":[{"embeddable":true,"href":"https:\/\/nordicmart.andreevmaster.com\/sv\/wp-json\/wp\/v2\/media\/44586"}],"wp:attachment":[{"href":"https:\/\/nordicmart.andreevmaster.com\/sv\/wp-json\/wp\/v2\/media?parent=17143"}],"wp:term":[{"taxonomy":"product_brand","embeddable":true,"href":"https:\/\/nordicmart.andreevmaster.com\/sv\/wp-json\/wp\/v2\/product_brand?post=17143"},{"taxonomy":"product_cat","embeddable":true,"href":"https:\/\/nordicmart.andreevmaster.com\/sv\/wp-json\/wp\/v2\/product_cat?post=17143"},{"taxonomy":"product_tag","embeddable":true,"href":"https:\/\/nordicmart.andreevmaster.com\/sv\/wp-json\/wp\/v2\/product_tag?post=17143"}],"curies":[{"name":"wp","href":"https:\/\/api.w.org\/{rel}","templated":true}]}}