{"id":17142,"date":"2026-02-27T00:33:45","date_gmt":"2026-02-27T00:33:45","guid":{"rendered":"https:\/\/nordicmart.andreevmaster.com\/product\/songmics-kontorsstol-med-en-belastningskapacitet-pa-upp-till-150-kg-svart\/"},"modified":"2026-02-27T08:23:36","modified_gmt":"2026-02-27T08:23:36","slug":"songmics-kontorsstol-med-en-belastningskapacitet-pa-upp-till-150-kg-svart","status":"publish","type":"product","link":"https:\/\/nordicmart.andreevmaster.com\/sv\/produkt\/songmics-kontorsstol-med-en-belastningskapacitet-pa-upp-till-150-kg-svart\/","title":{"rendered":"SONGMICS kontorsstol med en belastningskapacitet p\u00e5 upp till 150 kg, svart"},"content":{"rendered":"<p>Produktdetaljer: F\u00e4rg: Svart Material: Plast, skumplaststoppning, st\u00e5l, polyestertyg Stolens totala storlek: 68 x 66 x (114-123,5) cm (L x B x H) Sitsh\u00f6jd: 45-54,5 cm Sitsm\u00e5tt: 50 x 52 cm (L x B) Ryggst\u00f6dsm\u00e5tt: 53 x 59 cm (L x H) Armst\u00f6dens h\u00f6jd (fr\u00e5n golvet): 63\u201372,5 cm Vikt: 15,7 kg Max. statisk belastningskapacitet: 150 kg Leveransomfattning: 1 x kontorsstol 1 x tillbeh\u00f6rspaket 1 x bruksanvisning SONGMICS Anm\u00e4rkningar: Anv\u00e4nd en underl\u00e4ggsmatta om du vill anv\u00e4nda stolen p\u00e5 ett tr\u00e4golv.<\/p>\n","protected":false},"excerpt":{"rendered":"<p>SONGMICS kontorsstol, ergonomisk skrivbordsstol, datorstol, n\u00e4tstol, justerbart l\u00e4ndst\u00f6d och nackst\u00f6d, belastningskapacitet upp till 150 kg, h\u00f6jdjusterbar, svart OBN063B01<\/p>\n","protected":false},"featured_media":44585,"comment_status":"open","ping_status":"closed","template":"","meta":[],"product_brand":[],"product_cat":[33],"product_tag":[],"class_list":{"0":"post-17142","1":"product","2":"type-product","3":"status-publish","4":"has-post-thumbnail","6":"product_cat-okategoriserad","8":"first","9":"instock","10":"shipping-taxable","11":"purchasable","12":"product-type-simple"},"_links":{"self":[{"href":"https:\/\/nordicmart.andreevmaster.com\/sv\/wp-json\/wp\/v2\/product\/17142","targetHints":{"allow":["GET"]}}],"collection":[{"href":"https:\/\/nordicmart.andreevmaster.com\/sv\/wp-json\/wp\/v2\/product"}],"about":[{"href":"https:\/\/nordicmart.andreevmaster.com\/sv\/wp-json\/wp\/v2\/types\/product"}],"replies":[{"embeddable":true,"href":"https:\/\/nordicmart.andreevmaster.com\/sv\/wp-json\/wp\/v2\/comments?post=17142"}],"wp:featuredmedia":[{"embeddable":true,"href":"https:\/\/nordicmart.andreevmaster.com\/sv\/wp-json\/wp\/v2\/media\/44585"}],"wp:attachment":[{"href":"https:\/\/nordicmart.andreevmaster.com\/sv\/wp-json\/wp\/v2\/media?parent=17142"}],"wp:term":[{"taxonomy":"product_brand","embeddable":true,"href":"https:\/\/nordicmart.andreevmaster.com\/sv\/wp-json\/wp\/v2\/product_brand?post=17142"},{"taxonomy":"product_cat","embeddable":true,"href":"https:\/\/nordicmart.andreevmaster.com\/sv\/wp-json\/wp\/v2\/product_cat?post=17142"},{"taxonomy":"product_tag","embeddable":true,"href":"https:\/\/nordicmart.andreevmaster.com\/sv\/wp-json\/wp\/v2\/product_tag?post=17142"}],"curies":[{"name":"wp","href":"https:\/\/api.w.org\/{rel}","templated":true}]}}