{"id":17141,"date":"2026-02-27T00:33:45","date_gmt":"2026-02-27T00:33:45","guid":{"rendered":"https:\/\/nordicmart.andreevmaster.com\/product\/songmics-kontorsstol-med-kladhangare-svart\/"},"modified":"2026-02-27T08:23:36","modified_gmt":"2026-02-27T08:23:36","slug":"songmics-kontorsstol-med-kladhangare-svart","status":"publish","type":"product","link":"https:\/\/nordicmart.andreevmaster.com\/sv\/produkt\/songmics-kontorsstol-med-kladhangare-svart\/","title":{"rendered":"SONGMICS kontorsstol med kl\u00e4dh\u00e4ngare, svart"},"content":{"rendered":"<p>Produktdetaljer: F\u00e4rg: Svart Material: Polyestertyg, st\u00e5l, nylon, PU-hjul Stolens totala storlek: 68 x 71 x (114-124) cm (L x B x H) Sitsens h\u00f6jd: 47-57 cm Sitsens m\u00e5tt: 52 x 52 cm (L x B) Ryggst\u00f6dets m\u00e5tt: 44 x (73,5-79,5) cm (L x H)Armst\u00f6dens h\u00f6jd (fr\u00e5n sitsen): 27 cmVikt: 15,6 kgMax. statisk belastningskapacitet: 120 kgLeveransomfattning:1 x kontorsstol1 x tillbeh\u00f6rspaket1 x bruksanvisning<\/p>\n","protected":false},"excerpt":{"rendered":"<p>SONGMICS kontorsstol, skrivbordsstol, ergonomisk datorstol med kl\u00e4dh\u00e4ngare, n\u00e4tkl\u00e4dsel, nackst\u00f6d, f\u00f6r hemmakontor, arbete och spel, svart OBN062B01<\/p>\n","protected":false},"featured_media":44584,"comment_status":"open","ping_status":"closed","template":"","meta":[],"product_brand":[],"product_cat":[33],"product_tag":[],"class_list":{"0":"post-17141","1":"product","2":"type-product","3":"status-publish","4":"has-post-thumbnail","6":"product_cat-okategoriserad","8":"first","9":"instock","10":"shipping-taxable","11":"purchasable","12":"product-type-simple"},"_links":{"self":[{"href":"https:\/\/nordicmart.andreevmaster.com\/sv\/wp-json\/wp\/v2\/product\/17141","targetHints":{"allow":["GET"]}}],"collection":[{"href":"https:\/\/nordicmart.andreevmaster.com\/sv\/wp-json\/wp\/v2\/product"}],"about":[{"href":"https:\/\/nordicmart.andreevmaster.com\/sv\/wp-json\/wp\/v2\/types\/product"}],"replies":[{"embeddable":true,"href":"https:\/\/nordicmart.andreevmaster.com\/sv\/wp-json\/wp\/v2\/comments?post=17141"}],"wp:featuredmedia":[{"embeddable":true,"href":"https:\/\/nordicmart.andreevmaster.com\/sv\/wp-json\/wp\/v2\/media\/44584"}],"wp:attachment":[{"href":"https:\/\/nordicmart.andreevmaster.com\/sv\/wp-json\/wp\/v2\/media?parent=17141"}],"wp:term":[{"taxonomy":"product_brand","embeddable":true,"href":"https:\/\/nordicmart.andreevmaster.com\/sv\/wp-json\/wp\/v2\/product_brand?post=17141"},{"taxonomy":"product_cat","embeddable":true,"href":"https:\/\/nordicmart.andreevmaster.com\/sv\/wp-json\/wp\/v2\/product_cat?post=17141"},{"taxonomy":"product_tag","embeddable":true,"href":"https:\/\/nordicmart.andreevmaster.com\/sv\/wp-json\/wp\/v2\/product_tag?post=17141"}],"curies":[{"name":"wp","href":"https:\/\/api.w.org\/{rel}","templated":true}]}}