{"id":17140,"date":"2026-02-27T00:33:45","date_gmt":"2026-02-27T00:33:45","guid":{"rendered":"https:\/\/nordicmart.andreevmaster.com\/product\/songmics-ergonomisk-snurrstol-svart-bla\/"},"modified":"2026-02-27T08:23:36","modified_gmt":"2026-02-27T08:23:36","slug":"songmics-ergonomisk-snurrstol-svart-bla","status":"publish","type":"product","link":"https:\/\/nordicmart.andreevmaster.com\/sv\/produkt\/songmics-ergonomisk-snurrstol-svart-bla\/","title":{"rendered":"SONGMICS Ergonomisk snurrstol Svart-bl\u00e5"},"content":{"rendered":"<p>\u00d6kad produktivitet, b\u00e4ttre hum\u00f6r: En korrekt h\u00e5llning g\u00f6r arbetsdagen trevligare. Hitta din ideala h\u00e5llning med denna kontorsstol: din kropp slappnar av, din hj\u00e4rna blir mer produktiv och \u00e5tta timmars arbete flyger f\u00f6rbi. Hur kan du \u00f6ka din produktivitet med denna snurrstol? F\u00e4rgkombinationen svart och bl\u00e5tt ger ditt arbete en ny energikick. Justera h\u00f6jden p\u00e5 sitsen, armst\u00f6den, nackst\u00f6det och l\u00e4ndst\u00f6det f\u00f6r att hitta en idealisk sittposition som passar h\u00f6jden p\u00e5 din sk\u00e4rm. Den skumplastkl\u00e4dda sitsen, det ergonomiska ryggst\u00f6det och det vadderade l\u00e4ndst\u00f6det ger \u00f6kad komfort n\u00e4r du arbetar. Tack vare PU-sitsen med h\u00e5l och ryggst\u00f6det i n\u00e4tv\u00e4v \u00e4r denna stol andningsbar. Lite tr\u00f6tt? Denna stol \u00e4r lutbar, nackst\u00f6det och armst\u00f6den \u00e4r justerbara \u2013 med dessa funktioner kan du koppla av bekv\u00e4mt i n\u00e5gra minuter och sedan \u00e5terg\u00e5 till arbetet. Produktdetaljer: F\u00e4rg: Svart-bl\u00e5 Material: Plast, skumplast, PU, n\u00e4tv\u00e4v, nylonhjul Stolens totala storlek: 67 x 54 x (115-125) cm (L x B x H) Sitsh\u00f6jd: 45-55 cm M\u00e5tt p\u00e5 sitsen: 53 x 53 cm (L x B) M\u00e5tt p\u00e5 ryggst\u00f6det: 48,5 x 75 cm (L x H) H\u00f6jd p\u00e5 armst\u00f6d (fr\u00e5n sitsen): 15\u201324 cmArmst\u00f6dens h\u00f6jd (fr\u00e5n golvet): 60\u201379 cmVikt: 14,8 kgMax. statisk belastningskapacitet: 120 kgLeveransomfattning:1 x kontorsstol1 x tillbeh\u00f6rspaket1 x bruksanvisning (DE, EN, IT, FR, ES)SONGMICS Anm\u00e4rkningar:Anv\u00e4nd en underl\u00e4gg om du vill anv\u00e4nda stolen p\u00e5 ett tr\u00e4golv. N\u00e4r du anv\u00e4nder vippfunktionen lutas stolens sits och ryggst\u00f6d samtidigt bak\u00e5t; ryggst\u00f6det kan inte lutas separat.<\/p>\n","protected":false},"excerpt":{"rendered":"<p>SONGMICS kontorsstol, ergonomisk snurrstol, lutbar, justerbar nackst\u00f6d, armst\u00f6d och vadderat l\u00e4ndst\u00f6d, gamingstol, belastningskapacitet upp till 120 kg, svartbl\u00e5 OBN059B01<\/p>\n","protected":false},"featured_media":44583,"comment_status":"open","ping_status":"closed","template":"","meta":[],"product_brand":[],"product_cat":[33],"product_tag":[],"class_list":{"0":"post-17140","1":"product","2":"type-product","3":"status-publish","4":"has-post-thumbnail","6":"product_cat-okategoriserad","8":"first","9":"instock","10":"shipping-taxable","11":"purchasable","12":"product-type-simple"},"_links":{"self":[{"href":"https:\/\/nordicmart.andreevmaster.com\/sv\/wp-json\/wp\/v2\/product\/17140","targetHints":{"allow":["GET"]}}],"collection":[{"href":"https:\/\/nordicmart.andreevmaster.com\/sv\/wp-json\/wp\/v2\/product"}],"about":[{"href":"https:\/\/nordicmart.andreevmaster.com\/sv\/wp-json\/wp\/v2\/types\/product"}],"replies":[{"embeddable":true,"href":"https:\/\/nordicmart.andreevmaster.com\/sv\/wp-json\/wp\/v2\/comments?post=17140"}],"wp:featuredmedia":[{"embeddable":true,"href":"https:\/\/nordicmart.andreevmaster.com\/sv\/wp-json\/wp\/v2\/media\/44583"}],"wp:attachment":[{"href":"https:\/\/nordicmart.andreevmaster.com\/sv\/wp-json\/wp\/v2\/media?parent=17140"}],"wp:term":[{"taxonomy":"product_brand","embeddable":true,"href":"https:\/\/nordicmart.andreevmaster.com\/sv\/wp-json\/wp\/v2\/product_brand?post=17140"},{"taxonomy":"product_cat","embeddable":true,"href":"https:\/\/nordicmart.andreevmaster.com\/sv\/wp-json\/wp\/v2\/product_cat?post=17140"},{"taxonomy":"product_tag","embeddable":true,"href":"https:\/\/nordicmart.andreevmaster.com\/sv\/wp-json\/wp\/v2\/product_tag?post=17140"}],"curies":[{"name":"wp","href":"https:\/\/api.w.org\/{rel}","templated":true}]}}