{"id":17137,"date":"2026-02-27T00:33:44","date_gmt":"2026-02-27T00:33:44","guid":{"rendered":"https:\/\/nordicmart.andreevmaster.com\/product\/songmics-skrivbordsstol-med-natkladsel\/"},"modified":"2026-02-27T08:23:35","modified_gmt":"2026-02-27T08:23:35","slug":"songmics-skrivbordsstol-med-natkladsel","status":"publish","type":"product","link":"https:\/\/nordicmart.andreevmaster.com\/sv\/produkt\/songmics-skrivbordsstol-med-natkladsel\/","title":{"rendered":"SONGMICS skrivbordsstol med n\u00e4tkl\u00e4dsel"},"content":{"rendered":"<p>\u00d6kad produktivitet, b\u00e4ttre hum\u00f6r: En felaktig h\u00e5llning g\u00f6r redan anstr\u00e4ngande arbetsdagar \u00e4nnu mer obehagliga. Hitta din ideala h\u00e5llning med denna kontorsstol: Din kropp slappnar av, din hj\u00e4rna blir mer produktiv och \u00e5tta timmars arbete flyger f\u00f6rbi. F\u00f6rdelar med denna kontorsstol: Justera stolens h\u00f6jd f\u00f6r att hitta din ideala sittposition som passar h\u00f6jden p\u00e5 din sk\u00e4rm.Tack vare ryggst\u00f6dets ergonomiska form kan du alltid arbeta med rak rygg. Slappna av armarna p\u00e5 de bekv\u00e4ma armst\u00f6den som \u00e4r kl\u00e4dda med PU. Slappna av nacke och axlar tack vare det h\u00f6ga ryggst\u00f6det och nackst\u00f6det. Tack vare lutningsfunktionen och det utdragbara, vadderade fotst\u00f6det kan du slappna av bekv\u00e4mt i n\u00e5gra minuter och sedan \u00e5terg\u00e5 till arbetet! Produktdetaljer:F\u00e4rg: Svart-m\u00f6rkgr\u00e5 Material: St\u00e5l, skumplaststoppning, tygyta, nylonhjul Stolens totala storlek: 65 x 70 x (117-125) cm (L x B x H) Sitsens h\u00f6jd (fr\u00e5n golvet): 46-54 cm Sitsens m\u00e5tt: 53 x 50 cm (L x B) Ryggst\u00f6dets m\u00e5tt: 50 x 71 cm (L x H) Armst\u00f6dens h\u00f6jd (fr\u00e5n sitsen): 20 cm Vikt: 18,5 kg Max. statisk belastningskapacitet: 120 kgLeveransomfattning:1 x kontorsstol med n\u00e4tkl\u00e4dsel1 x tillbeh\u00f6rspaket1 x bruksanvisning (DE, EN, IT, FR, ES)SONGMICS Anm\u00e4rkningar:Uts\u00e4tt inte produkten f\u00f6r direkt solljus under l\u00e4ngre tid.H\u00e5ll produkten borta fr\u00e5n vassa och skarpa f\u00f6rem\u00e5l f\u00f6r att undvika skador p\u00e5 ytan.<\/p>\n","protected":false},"excerpt":{"rendered":"<p>SONGMICS kontorsstol, skrivbordsstol med n\u00e4tkl\u00e4dsel, ergonomisk datorstol med huvud- och fotst\u00f6d, ryggst\u00f6d som kan lutas 135\u00b0, belastningskapacitet upp till 120 kg, svart-m\u00f6rkgr\u00e5 OBN056B01<\/p>\n","protected":false},"featured_media":44580,"comment_status":"open","ping_status":"closed","template":"","meta":[],"product_brand":[],"product_cat":[33],"product_tag":[],"class_list":{"0":"post-17137","1":"product","2":"type-product","3":"status-publish","4":"has-post-thumbnail","6":"product_cat-okategoriserad","8":"first","9":"instock","10":"shipping-taxable","11":"purchasable","12":"product-type-simple"},"_links":{"self":[{"href":"https:\/\/nordicmart.andreevmaster.com\/sv\/wp-json\/wp\/v2\/product\/17137","targetHints":{"allow":["GET"]}}],"collection":[{"href":"https:\/\/nordicmart.andreevmaster.com\/sv\/wp-json\/wp\/v2\/product"}],"about":[{"href":"https:\/\/nordicmart.andreevmaster.com\/sv\/wp-json\/wp\/v2\/types\/product"}],"replies":[{"embeddable":true,"href":"https:\/\/nordicmart.andreevmaster.com\/sv\/wp-json\/wp\/v2\/comments?post=17137"}],"wp:featuredmedia":[{"embeddable":true,"href":"https:\/\/nordicmart.andreevmaster.com\/sv\/wp-json\/wp\/v2\/media\/44580"}],"wp:attachment":[{"href":"https:\/\/nordicmart.andreevmaster.com\/sv\/wp-json\/wp\/v2\/media?parent=17137"}],"wp:term":[{"taxonomy":"product_brand","embeddable":true,"href":"https:\/\/nordicmart.andreevmaster.com\/sv\/wp-json\/wp\/v2\/product_brand?post=17137"},{"taxonomy":"product_cat","embeddable":true,"href":"https:\/\/nordicmart.andreevmaster.com\/sv\/wp-json\/wp\/v2\/product_cat?post=17137"},{"taxonomy":"product_tag","embeddable":true,"href":"https:\/\/nordicmart.andreevmaster.com\/sv\/wp-json\/wp\/v2\/product_tag?post=17137"}],"curies":[{"name":"wp","href":"https:\/\/api.w.org\/{rel}","templated":true}]}}