{"id":17133,"date":"2026-02-27T00:33:43","date_gmt":"2026-02-27T00:33:43","guid":{"rendered":"https:\/\/nordicmart.andreevmaster.com\/product\/songmics-ergonomisk-kontorsstol-med-mesh-black-svart\/"},"modified":"2026-02-27T08:23:34","modified_gmt":"2026-02-27T08:23:34","slug":"songmics-ergonomisk-kontorsstol-med-mesh-black-svart","status":"publish","type":"product","link":"https:\/\/nordicmart.andreevmaster.com\/sv\/produkt\/songmics-ergonomisk-kontorsstol-med-mesh-black-svart\/","title":{"rendered":"SONGMICS ergonomisk kontorsstol med mesh, bl\u00e4ck svart"},"content":{"rendered":"<p>SONGMICS kontorsstol, skrivbordsstol, snurrstol med n\u00e4tkl\u00e4dsel, ergonomisk, vadderat ryggst\u00f6d, vippfunktion, 53 cm stor sittyta, f\u00e4llbara armst\u00f6d<br \/>\nF\u00e4rg: bl\u00e4ck svart<br \/>\nMaterial: plast, skumplast, nylon, st\u00e5l<br \/>\nStorlek<br \/>\nTotal storlek: 64 x 64 x (115-130) cm (D x B x H)<br \/>\nSitsens h\u00f6jd (fr\u00e5n golvet): 46\u201354 cm<br \/>\nSitsens storlek: 53 x 53 cm (D x B)<br \/>\nRyggst\u00f6dets storlek: 51 x 53 cm (B x H)<br \/>\nArmst\u00f6dens h\u00f6jd (fr\u00e5n sittytan): 68\u201376 cm<br \/>\nVikt: 11,9 kg<br \/>\nMax. statisk belastningskapacitet: 120 kg<\/p>\n","protected":false},"excerpt":{"rendered":"<p>SONGMICS kontorsstol, skrivbordsstol, snurrstol med n\u00e4tkl\u00e4dsel, ergonomisk, vadderat ryggst\u00f6d, vippfunktion, 53 cm stor sittyta, f\u00e4llbara armst\u00f6d<\/p>\n","protected":false},"featured_media":44576,"comment_status":"open","ping_status":"closed","template":"","meta":[],"product_brand":[],"product_cat":[33],"product_tag":[],"class_list":{"0":"post-17133","1":"product","2":"type-product","3":"status-publish","4":"has-post-thumbnail","6":"product_cat-okategoriserad","8":"first","9":"instock","10":"shipping-taxable","11":"purchasable","12":"product-type-simple"},"_links":{"self":[{"href":"https:\/\/nordicmart.andreevmaster.com\/sv\/wp-json\/wp\/v2\/product\/17133","targetHints":{"allow":["GET"]}}],"collection":[{"href":"https:\/\/nordicmart.andreevmaster.com\/sv\/wp-json\/wp\/v2\/product"}],"about":[{"href":"https:\/\/nordicmart.andreevmaster.com\/sv\/wp-json\/wp\/v2\/types\/product"}],"replies":[{"embeddable":true,"href":"https:\/\/nordicmart.andreevmaster.com\/sv\/wp-json\/wp\/v2\/comments?post=17133"}],"wp:featuredmedia":[{"embeddable":true,"href":"https:\/\/nordicmart.andreevmaster.com\/sv\/wp-json\/wp\/v2\/media\/44576"}],"wp:attachment":[{"href":"https:\/\/nordicmart.andreevmaster.com\/sv\/wp-json\/wp\/v2\/media?parent=17133"}],"wp:term":[{"taxonomy":"product_brand","embeddable":true,"href":"https:\/\/nordicmart.andreevmaster.com\/sv\/wp-json\/wp\/v2\/product_brand?post=17133"},{"taxonomy":"product_cat","embeddable":true,"href":"https:\/\/nordicmart.andreevmaster.com\/sv\/wp-json\/wp\/v2\/product_cat?post=17133"},{"taxonomy":"product_tag","embeddable":true,"href":"https:\/\/nordicmart.andreevmaster.com\/sv\/wp-json\/wp\/v2\/product_tag?post=17133"}],"curies":[{"name":"wp","href":"https:\/\/api.w.org\/{rel}","templated":true}]}}