{"id":17130,"date":"2026-02-27T00:33:42","date_gmt":"2026-02-27T00:33:42","guid":{"rendered":"https:\/\/nordicmart.andreevmaster.com\/product\/songmics-ergonomisk-kontorsstol-med-natvav-och-fallbara-armstod\/"},"modified":"2026-02-27T08:23:34","modified_gmt":"2026-02-27T08:23:34","slug":"songmics-ergonomisk-kontorsstol-med-natvav-och-fallbara-armstod","status":"publish","type":"product","link":"https:\/\/nordicmart.andreevmaster.com\/sv\/produkt\/songmics-ergonomisk-kontorsstol-med-natvav-och-fallbara-armstod\/","title":{"rendered":"SONGMICS Ergonomisk kontorsstol med n\u00e4tv\u00e4v och f\u00e4llbara armst\u00f6d"},"content":{"rendered":"<p>SONGMICS kontorsstol, skrivbordsstol, ergonomisk n\u00e4tstol, med dubbla lager n\u00e4tv\u00e4v, f\u00e4llbara armst\u00f6d, justerbart rygg- och nackst\u00f6d, gungfunktion, bl\u00e4ck svart OBN041B01<br \/>\nF\u00e4rg: svart<br \/>\nM\u00e5tt: 64 x 71,5 x (116-135) cm (D x B x H)<br \/>\nVikt: 13 kg<br \/>\nMax. statisk b\u00e4rf\u00f6rm\u00e5ga: 120 kg<br \/>\nMaterial: St\u00e5l, polyesterv\u00e4v, skumplaststoppning, nylon, plywood<\/p>\n","protected":false},"excerpt":{"rendered":"<p>SONGMICS kontorsstol, skrivbordsstol, ergonomisk n\u00e4tstol, med dubbla lager n\u00e4tv\u00e4v, f\u00e4llbara armst\u00f6d, justerbart rygg- och nackst\u00f6d, gungfunktion, bl\u00e4ck svart OBN041B01<\/p>\n","protected":false},"featured_media":44573,"comment_status":"open","ping_status":"closed","template":"","meta":[],"product_brand":[],"product_cat":[33],"product_tag":[],"class_list":{"0":"post-17130","1":"product","2":"type-product","3":"status-publish","4":"has-post-thumbnail","6":"product_cat-okategoriserad","8":"first","9":"instock","10":"shipping-taxable","11":"purchasable","12":"product-type-simple"},"_links":{"self":[{"href":"https:\/\/nordicmart.andreevmaster.com\/sv\/wp-json\/wp\/v2\/product\/17130","targetHints":{"allow":["GET"]}}],"collection":[{"href":"https:\/\/nordicmart.andreevmaster.com\/sv\/wp-json\/wp\/v2\/product"}],"about":[{"href":"https:\/\/nordicmart.andreevmaster.com\/sv\/wp-json\/wp\/v2\/types\/product"}],"replies":[{"embeddable":true,"href":"https:\/\/nordicmart.andreevmaster.com\/sv\/wp-json\/wp\/v2\/comments?post=17130"}],"wp:featuredmedia":[{"embeddable":true,"href":"https:\/\/nordicmart.andreevmaster.com\/sv\/wp-json\/wp\/v2\/media\/44573"}],"wp:attachment":[{"href":"https:\/\/nordicmart.andreevmaster.com\/sv\/wp-json\/wp\/v2\/media?parent=17130"}],"wp:term":[{"taxonomy":"product_brand","embeddable":true,"href":"https:\/\/nordicmart.andreevmaster.com\/sv\/wp-json\/wp\/v2\/product_brand?post=17130"},{"taxonomy":"product_cat","embeddable":true,"href":"https:\/\/nordicmart.andreevmaster.com\/sv\/wp-json\/wp\/v2\/product_cat?post=17130"},{"taxonomy":"product_tag","embeddable":true,"href":"https:\/\/nordicmart.andreevmaster.com\/sv\/wp-json\/wp\/v2\/product_tag?post=17130"}],"curies":[{"name":"wp","href":"https:\/\/api.w.org\/{rel}","templated":true}]}}