{"id":17124,"date":"2026-02-27T00:33:41","date_gmt":"2026-02-27T00:33:41","guid":{"rendered":"https:\/\/nordicmart.andreevmaster.com\/product\/songmics-kontorsstol-med-natkladsel-och-vadderat-ryggstod\/"},"modified":"2026-02-27T08:23:33","modified_gmt":"2026-02-27T08:23:33","slug":"songmics-kontorsstol-med-natkladsel-och-vadderat-ryggstod","status":"publish","type":"product","link":"https:\/\/nordicmart.andreevmaster.com\/sv\/produkt\/songmics-kontorsstol-med-natkladsel-och-vadderat-ryggstod\/","title":{"rendered":"SONGMICS kontorsstol med n\u00e4tkl\u00e4dsel och vadderat ryggst\u00f6d"},"content":{"rendered":"<p>SONGMICS kontorsstol, skrivbordsstol, snurrstol med n\u00e4tkl\u00e4dsel, ergonomisk, vadderat ryggst\u00f6d, vippfunktion, 53 cm stor sittyta, f\u00e4llbara armst\u00f6d<br \/>\nF\u00e4rg: havregrynbeige<br \/>\nMaterial: plast, skumplast, nylon, st\u00e5l<br \/>\nStorlek<br \/>\nTotal storlek: 66 x 60 x (99-107) cm (D x B x H)<br \/>\nSitsh\u00f6jd (fr\u00e5n golvet): 46-54 cm<br \/>\nSitsens storlek: 53 x 53 cm (D x B)<br \/>\nRyggst\u00f6dets storlek: 51 x 53 cm (B x H)<br \/>\nArmst\u00f6dens h\u00f6jd (fr\u00e5n sittytan): 22 cm<br \/>\nVikt: 11 kg<br \/>\nMax. statisk belastningskapacitet: 120 kg<\/p>\n","protected":false},"excerpt":{"rendered":"<p>SONGMICS kontorsstol, skrivbordsstol, snurrstol med n\u00e4tkl\u00e4dsel, ergonomisk, vadderat ryggst\u00f6d, vippfunktion, 53 cm stor sittyta, f\u00e4llbara armst\u00f6d<\/p>\n","protected":false},"featured_media":44567,"comment_status":"open","ping_status":"closed","template":"","meta":[],"product_brand":[],"product_cat":[33],"product_tag":[],"class_list":{"0":"post-17124","1":"product","2":"type-product","3":"status-publish","4":"has-post-thumbnail","6":"product_cat-okategoriserad","8":"first","9":"instock","10":"shipping-taxable","11":"purchasable","12":"product-type-simple"},"_links":{"self":[{"href":"https:\/\/nordicmart.andreevmaster.com\/sv\/wp-json\/wp\/v2\/product\/17124","targetHints":{"allow":["GET"]}}],"collection":[{"href":"https:\/\/nordicmart.andreevmaster.com\/sv\/wp-json\/wp\/v2\/product"}],"about":[{"href":"https:\/\/nordicmart.andreevmaster.com\/sv\/wp-json\/wp\/v2\/types\/product"}],"replies":[{"embeddable":true,"href":"https:\/\/nordicmart.andreevmaster.com\/sv\/wp-json\/wp\/v2\/comments?post=17124"}],"wp:featuredmedia":[{"embeddable":true,"href":"https:\/\/nordicmart.andreevmaster.com\/sv\/wp-json\/wp\/v2\/media\/44567"}],"wp:attachment":[{"href":"https:\/\/nordicmart.andreevmaster.com\/sv\/wp-json\/wp\/v2\/media?parent=17124"}],"wp:term":[{"taxonomy":"product_brand","embeddable":true,"href":"https:\/\/nordicmart.andreevmaster.com\/sv\/wp-json\/wp\/v2\/product_brand?post=17124"},{"taxonomy":"product_cat","embeddable":true,"href":"https:\/\/nordicmart.andreevmaster.com\/sv\/wp-json\/wp\/v2\/product_cat?post=17124"},{"taxonomy":"product_tag","embeddable":true,"href":"https:\/\/nordicmart.andreevmaster.com\/sv\/wp-json\/wp\/v2\/product_tag?post=17124"}],"curies":[{"name":"wp","href":"https:\/\/api.w.org\/{rel}","templated":true}]}}