{"id":17123,"date":"2026-02-27T00:33:40","date_gmt":"2026-02-27T00:33:40","guid":{"rendered":"https:\/\/nordicmart.andreevmaster.com\/product\/songmics-ergonomisk-kontorsstol-med-mesh-och-53-cm-stor-sittyta-ljusgra\/"},"modified":"2026-02-27T08:23:33","modified_gmt":"2026-02-27T08:23:33","slug":"songmics-ergonomisk-kontorsstol-med-mesh-och-53-cm-stor-sittyta-ljusgra","status":"publish","type":"product","link":"https:\/\/nordicmart.andreevmaster.com\/sv\/produkt\/songmics-ergonomisk-kontorsstol-med-mesh-och-53-cm-stor-sittyta-ljusgra\/","title":{"rendered":"SONGMICS ergonomisk kontorsstol med mesh och 53 cm stor sittyta ljusgr\u00e5"},"content":{"rendered":"<p>SONGMICS kontorsstol, skrivbordsstol, snurrstol med n\u00e4tkl\u00e4dsel, ergonomisk, vadderat ryggst\u00f6d, vippfunktion, 53 cm stor sittyta, f\u00e4llbara armst\u00f6d<\/p>\n","protected":false},"excerpt":{"rendered":"<p>SONGMICS kontorsstol, skrivbordsstol, snurrstol med n\u00e4tkl\u00e4dsel, ergonomisk, vadderat ryggst\u00f6d, vippfunktion, 53 cm stor sittyta, f\u00e4llbara armst\u00f6d<\/p>\n","protected":false},"featured_media":44566,"comment_status":"open","ping_status":"closed","template":"","meta":[],"product_brand":[],"product_cat":[33],"product_tag":[],"class_list":{"0":"post-17123","1":"product","2":"type-product","3":"status-publish","4":"has-post-thumbnail","6":"product_cat-okategoriserad","8":"first","9":"instock","10":"shipping-taxable","11":"purchasable","12":"product-type-simple"},"_links":{"self":[{"href":"https:\/\/nordicmart.andreevmaster.com\/sv\/wp-json\/wp\/v2\/product\/17123","targetHints":{"allow":["GET"]}}],"collection":[{"href":"https:\/\/nordicmart.andreevmaster.com\/sv\/wp-json\/wp\/v2\/product"}],"about":[{"href":"https:\/\/nordicmart.andreevmaster.com\/sv\/wp-json\/wp\/v2\/types\/product"}],"replies":[{"embeddable":true,"href":"https:\/\/nordicmart.andreevmaster.com\/sv\/wp-json\/wp\/v2\/comments?post=17123"}],"wp:featuredmedia":[{"embeddable":true,"href":"https:\/\/nordicmart.andreevmaster.com\/sv\/wp-json\/wp\/v2\/media\/44566"}],"wp:attachment":[{"href":"https:\/\/nordicmart.andreevmaster.com\/sv\/wp-json\/wp\/v2\/media?parent=17123"}],"wp:term":[{"taxonomy":"product_brand","embeddable":true,"href":"https:\/\/nordicmart.andreevmaster.com\/sv\/wp-json\/wp\/v2\/product_brand?post=17123"},{"taxonomy":"product_cat","embeddable":true,"href":"https:\/\/nordicmart.andreevmaster.com\/sv\/wp-json\/wp\/v2\/product_cat?post=17123"},{"taxonomy":"product_tag","embeddable":true,"href":"https:\/\/nordicmart.andreevmaster.com\/sv\/wp-json\/wp\/v2\/product_tag?post=17123"}],"curies":[{"name":"wp","href":"https:\/\/api.w.org\/{rel}","templated":true}]}}