{"id":17118,"date":"2026-02-27T00:33:39","date_gmt":"2026-02-27T00:33:39","guid":{"rendered":"https:\/\/nordicmart.andreevmaster.com\/product\/songmics-ergonomisk-skrivbordsstol-gra\/"},"modified":"2026-02-27T08:23:32","modified_gmt":"2026-02-27T08:23:32","slug":"songmics-ergonomisk-skrivbordsstol-gra","status":"publish","type":"product","link":"https:\/\/nordicmart.andreevmaster.com\/sv\/produkt\/songmics-ergonomisk-skrivbordsstol-gra\/","title":{"rendered":"SONGMICS Ergonomisk skrivbordsstol gr\u00e5"},"content":{"rendered":"<p>\u00d6kad produktivitet, b\u00e4ttre hum\u00f6r: En korrekt h\u00e5llning g\u00f6r arbetsdagen trevligare. Hitta din ideala h\u00e5llning med denna kontorsstol: Din kropp slappnar av, din hj\u00e4rna blir mer produktiv och \u00e5tta timmars arbete flyger f\u00f6rbi. F\u00f6rdelarna med denna kontorsstol i korthet: Justera stolens h\u00f6jd f\u00f6r att hitta en idealisk sittposition som passar h\u00f6jden p\u00e5 din sk\u00e4rm. S\u00e4tt dig bekv\u00e4mt p\u00e5 sitsen som \u00e4r vadderad med 7 cm tjock skumplast. Tack vare ryggst\u00f6dets ergonomiska form kan du alltid arbeta med rak rygg. Slappna av armarna p\u00e5 de bekv\u00e4ma armst\u00f6den. Med gungfunktionen kan du koppla av bekv\u00e4mt i n\u00e5gra minuter och sedan \u00e5terg\u00e5 till arbetet. Produktdetaljer:F\u00e4rg: Gr\u00e5 Material: St\u00e5l, skumplaststoppning, polyester, nylonhjul Stolens totala storlek: 63 x 63 x (110-120) cm (L x B x H) Sitsens h\u00f6jd: 46,5-56,5 cm Sitsens m\u00e5tt: 49 x 44 cm (L x B) Ryggst\u00f6dets m\u00e5tt: 46 x 65 cm (L x H)Armst\u00f6dens h\u00f6jd (fr\u00e5n sitsen): 21 cmVikt: 12 kgMax. statisk belastningskapacitet: 120 kgLeveransomfattning:1 x kontorsstol1 x tillbeh\u00f6rspaket1 x bruksanvisning (DE, EN, IT, FR, ES)SONGMICS Anm\u00e4rkningar:Uts\u00e4tt inte produkten f\u00f6r direkt solljus under l\u00e4ngre tid. H\u00e5ll produkten borta fr\u00e5n vassa och skarpa f\u00f6rem\u00e5l f\u00f6r att undvika skador p\u00e5 ytan.<\/p>\n","protected":false},"excerpt":{"rendered":"<p>SONGMICS kontorsstol, ergonomisk skrivbordsstol, snurrstol, stoppad sits, tygkl\u00e4dsel, h\u00f6jdjusterbar och lutbar, belastningskapacitet upp till 120 kg, svart OBN034B01<\/p>\n","protected":false},"featured_media":44561,"comment_status":"open","ping_status":"closed","template":"","meta":[],"product_brand":[],"product_cat":[33],"product_tag":[],"class_list":{"0":"post-17118","1":"product","2":"type-product","3":"status-publish","4":"has-post-thumbnail","6":"product_cat-okategoriserad","8":"first","9":"instock","10":"shipping-taxable","11":"purchasable","12":"product-type-simple"},"_links":{"self":[{"href":"https:\/\/nordicmart.andreevmaster.com\/sv\/wp-json\/wp\/v2\/product\/17118","targetHints":{"allow":["GET"]}}],"collection":[{"href":"https:\/\/nordicmart.andreevmaster.com\/sv\/wp-json\/wp\/v2\/product"}],"about":[{"href":"https:\/\/nordicmart.andreevmaster.com\/sv\/wp-json\/wp\/v2\/types\/product"}],"replies":[{"embeddable":true,"href":"https:\/\/nordicmart.andreevmaster.com\/sv\/wp-json\/wp\/v2\/comments?post=17118"}],"wp:featuredmedia":[{"embeddable":true,"href":"https:\/\/nordicmart.andreevmaster.com\/sv\/wp-json\/wp\/v2\/media\/44561"}],"wp:attachment":[{"href":"https:\/\/nordicmart.andreevmaster.com\/sv\/wp-json\/wp\/v2\/media?parent=17118"}],"wp:term":[{"taxonomy":"product_brand","embeddable":true,"href":"https:\/\/nordicmart.andreevmaster.com\/sv\/wp-json\/wp\/v2\/product_brand?post=17118"},{"taxonomy":"product_cat","embeddable":true,"href":"https:\/\/nordicmart.andreevmaster.com\/sv\/wp-json\/wp\/v2\/product_cat?post=17118"},{"taxonomy":"product_tag","embeddable":true,"href":"https:\/\/nordicmart.andreevmaster.com\/sv\/wp-json\/wp\/v2\/product_tag?post=17118"}],"curies":[{"name":"wp","href":"https:\/\/api.w.org\/{rel}","templated":true}]}}