{"id":17115,"date":"2026-02-27T00:33:38","date_gmt":"2026-02-27T00:33:38","guid":{"rendered":"https:\/\/nordicmart.andreevmaster.com\/product\/songmics-kontorsstol-gra\/"},"modified":"2026-02-27T08:23:31","modified_gmt":"2026-02-27T08:23:31","slug":"songmics-kontorsstol-gra","status":"publish","type":"product","link":"https:\/\/nordicmart.andreevmaster.com\/sv\/produkt\/songmics-kontorsstol-gra\/","title":{"rendered":"SONGMICS kontorsstol gr\u00e5"},"content":{"rendered":"<p>Inte bara l\u00e4mplig f\u00f6r kontor: Denna n\u00e4tstol erbjuder dig \u00e4ven en bekv\u00e4m sittplats i ditt arbetsrum, n\u00e4r du spelar eller l\u00e4ser framf\u00f6r ett f\u00f6nster som str\u00e4cker sig fr\u00e5n golv till tak. M\u00e5ngsidiga funktioner: Dra spaken under stolen ut\u00e5t f\u00f6r att aktivera vippfunktionen. P\u00e5 s\u00e5 s\u00e4tt kan ryggst\u00f6det och sitsen lutas bak\u00e5t samtidigt med upp till 15\u00b0. Motst\u00e5ndet i vippfunktionen kan ocks\u00e5 justeras. F\u00f6r att g\u00f6ra detta, tryck helt enkelt p\u00e5 vridknappen under sitsen. Produktdetaljer: F\u00e4rg: Gr\u00e5 Material: Polyester, PP-plast, skumplast, nylon, st\u00e5l Total storlek: 52 x 58,5 x (89-97) cm (L x B x H) Sitth\u00f6jd: 42-50 cm M\u00e5tt p\u00e5 sitsen: 50,5 x 48 cm (L x B) M\u00e5tt ryggst\u00f6d: 47 x 50 cm (B x H) Armst\u00f6dsh\u00f6jd fr\u00e5n sits: 17 cm Vikt: 8,5 kg Max. statisk belastningskapacitet: 120 kg Leveransomfattning: 1 x kontorsstol 1 x tillbeh\u00f6rspaket 1 x bruksanvisning<\/p>\n","protected":false},"excerpt":{"rendered":"<p>SONGMICS kontorsstol, skrivbordsstol, vridbar, h\u00f6j- och s\u00e4nkbar datorstol med n\u00e4tkl\u00e4dsel, vippfunktion, f\u00f6r kontor, arbetsrum, gr\u00e5 OBN031G01<\/p>\n","protected":false},"featured_media":44559,"comment_status":"open","ping_status":"closed","template":"","meta":[],"product_brand":[],"product_cat":[33],"product_tag":[],"class_list":{"0":"post-17115","1":"product","2":"type-product","3":"status-publish","4":"has-post-thumbnail","6":"product_cat-okategoriserad","8":"first","9":"instock","10":"shipping-taxable","11":"purchasable","12":"product-type-simple"},"_links":{"self":[{"href":"https:\/\/nordicmart.andreevmaster.com\/sv\/wp-json\/wp\/v2\/product\/17115","targetHints":{"allow":["GET"]}}],"collection":[{"href":"https:\/\/nordicmart.andreevmaster.com\/sv\/wp-json\/wp\/v2\/product"}],"about":[{"href":"https:\/\/nordicmart.andreevmaster.com\/sv\/wp-json\/wp\/v2\/types\/product"}],"replies":[{"embeddable":true,"href":"https:\/\/nordicmart.andreevmaster.com\/sv\/wp-json\/wp\/v2\/comments?post=17115"}],"wp:featuredmedia":[{"embeddable":true,"href":"https:\/\/nordicmart.andreevmaster.com\/sv\/wp-json\/wp\/v2\/media\/44559"}],"wp:attachment":[{"href":"https:\/\/nordicmart.andreevmaster.com\/sv\/wp-json\/wp\/v2\/media?parent=17115"}],"wp:term":[{"taxonomy":"product_brand","embeddable":true,"href":"https:\/\/nordicmart.andreevmaster.com\/sv\/wp-json\/wp\/v2\/product_brand?post=17115"},{"taxonomy":"product_cat","embeddable":true,"href":"https:\/\/nordicmart.andreevmaster.com\/sv\/wp-json\/wp\/v2\/product_cat?post=17115"},{"taxonomy":"product_tag","embeddable":true,"href":"https:\/\/nordicmart.andreevmaster.com\/sv\/wp-json\/wp\/v2\/product_tag?post=17115"}],"curies":[{"name":"wp","href":"https:\/\/api.w.org\/{rel}","templated":true}]}}