{"id":17113,"date":"2026-02-27T00:33:38","date_gmt":"2026-02-27T00:33:38","guid":{"rendered":"https:\/\/nordicmart.andreevmaster.com\/product\/songmics-ergonomisk-snurrstol-svart\/"},"modified":"2026-02-27T08:23:31","modified_gmt":"2026-02-27T08:23:31","slug":"songmics-ergonomisk-snurrstol-svart","status":"publish","type":"product","link":"https:\/\/nordicmart.andreevmaster.com\/sv\/produkt\/songmics-ergonomisk-snurrstol-svart\/","title":{"rendered":"SONGMICS Ergonomisk snurrstol Svart"},"content":{"rendered":"<p>Produktdetaljer: F\u00e4rg: Svart Material: Fotkors: Nylon Ryggst\u00f6d: Kartong, skumplast, PU Sits: Kartong, skumplast, PU Hjul: Nylon Auto-Return-cylinder: St\u00e5l Storlek: Total h\u00f6jd: 92-105 cm Sitsh\u00f6jd: 57\u201370 cm Sitsbredd: 46 cm Sitsdjup: 42 cm Ryggst\u00f6dsh\u00f6jd: 28 cm Ryggst\u00f6dets bredd: 43 cm Fotkorsets diameter: 64 cm Fotst\u00f6dets diameter: 45 cm Rullernas diameter: 50 mm Axelns diameter: 11 mm Vikt: 11,3 kg Max. statisk belastningskapacitet: 120 kg Leveransomfattning: 1 x kontorsstol 1 x insexnyckel 1 x tillbeh\u00f6rspaket 1 x bruksanvisning (DE, EN, IT, FR, ES) SONGMICS Anm\u00e4rkningar: Var noga med att m\u00e4rkningen \u201dFRONT\u201d p\u00e5 plattan med sittmekanismen \u00e4r v\u00e4nd fram\u00e5t vid montering.Anv\u00e4nd ett underl\u00e4gg om du vill anv\u00e4nda stolen p\u00e5 ett tr\u00e4golv.<\/p>\n","protected":false},"excerpt":{"rendered":"<p>SONGMICS arbetsstol, kontorsstol utan armst\u00f6d, ergonomisk snurrstol, justerbar fotst\u00f6d, 360\u00b0 snurrstol, belastningskapacitet upp till 120 kg, svart OBN027B01<\/p>\n","protected":false},"featured_media":44557,"comment_status":"open","ping_status":"closed","template":"","meta":[],"product_brand":[],"product_cat":[33],"product_tag":[],"class_list":{"0":"post-17113","1":"product","2":"type-product","3":"status-publish","4":"has-post-thumbnail","6":"product_cat-okategoriserad","8":"first","9":"instock","10":"shipping-taxable","11":"purchasable","12":"product-type-simple"},"_links":{"self":[{"href":"https:\/\/nordicmart.andreevmaster.com\/sv\/wp-json\/wp\/v2\/product\/17113","targetHints":{"allow":["GET"]}}],"collection":[{"href":"https:\/\/nordicmart.andreevmaster.com\/sv\/wp-json\/wp\/v2\/product"}],"about":[{"href":"https:\/\/nordicmart.andreevmaster.com\/sv\/wp-json\/wp\/v2\/types\/product"}],"replies":[{"embeddable":true,"href":"https:\/\/nordicmart.andreevmaster.com\/sv\/wp-json\/wp\/v2\/comments?post=17113"}],"wp:featuredmedia":[{"embeddable":true,"href":"https:\/\/nordicmart.andreevmaster.com\/sv\/wp-json\/wp\/v2\/media\/44557"}],"wp:attachment":[{"href":"https:\/\/nordicmart.andreevmaster.com\/sv\/wp-json\/wp\/v2\/media?parent=17113"}],"wp:term":[{"taxonomy":"product_brand","embeddable":true,"href":"https:\/\/nordicmart.andreevmaster.com\/sv\/wp-json\/wp\/v2\/product_brand?post=17113"},{"taxonomy":"product_cat","embeddable":true,"href":"https:\/\/nordicmart.andreevmaster.com\/sv\/wp-json\/wp\/v2\/product_cat?post=17113"},{"taxonomy":"product_tag","embeddable":true,"href":"https:\/\/nordicmart.andreevmaster.com\/sv\/wp-json\/wp\/v2\/product_tag?post=17113"}],"curies":[{"name":"wp","href":"https:\/\/api.w.org\/{rel}","templated":true}]}}