{"id":17112,"date":"2026-02-27T00:33:37","date_gmt":"2026-02-27T00:33:37","guid":{"rendered":"https:\/\/nordicmart.andreevmaster.com\/product\/songmics-ergonomisk-arbetsstol-svart\/"},"modified":"2026-02-27T08:23:31","modified_gmt":"2026-02-27T08:23:31","slug":"songmics-ergonomisk-arbetsstol-svart","status":"publish","type":"product","link":"https:\/\/nordicmart.andreevmaster.com\/sv\/produkt\/songmics-ergonomisk-arbetsstol-svart\/","title":{"rendered":"SONGMICS Ergonomisk arbetsstol svart"},"content":{"rendered":"<p>Produktdetaljer: F\u00e4rg: Svart Material: N\u00e4tv\u00e4v, plast, skumplast, st\u00e5l Total storlek: 66 x 60 x (111-131) cm (L x B x H) Sitsh\u00f6jd: 60-80 cm Sitsm\u00e5tt: 53 x 53 cm (L x B ) Ryggst\u00f6dsm\u00e5tt: 51 x 51 cm (L x B)Armst\u00f6dets h\u00f6jd (fr\u00e5n sitsen): 21 cmArmst\u00f6dets h\u00f6jd (fr\u00e5n golvet): 80\u2013100 cm Vikt: 13,5 kg Max. statisk belastningskapacitet: 130 kg Leveransomfattning: 1 x kontorsstol 1 x insexnyckel 1 x tillbeh\u00f6rspaket 1 x bruksanvisning (DE, EN, IT, FR, ES)<\/p>\n","protected":false},"excerpt":{"rendered":"<p>SONGMICS kontorsstol, ergonomisk arbetsstol, med f\u00e4llbara armst\u00f6d, n\u00e4tkl\u00e4dsel, justerbart ryggst\u00f6d, f\u00f6r bar, st\u00e5bord, svart OBN026B01<\/p>\n","protected":false},"featured_media":44556,"comment_status":"open","ping_status":"closed","template":"","meta":[],"product_brand":[],"product_cat":[33],"product_tag":[],"class_list":{"0":"post-17112","1":"product","2":"type-product","3":"status-publish","4":"has-post-thumbnail","6":"product_cat-okategoriserad","8":"first","9":"instock","10":"shipping-taxable","11":"purchasable","12":"product-type-simple"},"_links":{"self":[{"href":"https:\/\/nordicmart.andreevmaster.com\/sv\/wp-json\/wp\/v2\/product\/17112","targetHints":{"allow":["GET"]}}],"collection":[{"href":"https:\/\/nordicmart.andreevmaster.com\/sv\/wp-json\/wp\/v2\/product"}],"about":[{"href":"https:\/\/nordicmart.andreevmaster.com\/sv\/wp-json\/wp\/v2\/types\/product"}],"replies":[{"embeddable":true,"href":"https:\/\/nordicmart.andreevmaster.com\/sv\/wp-json\/wp\/v2\/comments?post=17112"}],"wp:featuredmedia":[{"embeddable":true,"href":"https:\/\/nordicmart.andreevmaster.com\/sv\/wp-json\/wp\/v2\/media\/44556"}],"wp:attachment":[{"href":"https:\/\/nordicmart.andreevmaster.com\/sv\/wp-json\/wp\/v2\/media?parent=17112"}],"wp:term":[{"taxonomy":"product_brand","embeddable":true,"href":"https:\/\/nordicmart.andreevmaster.com\/sv\/wp-json\/wp\/v2\/product_brand?post=17112"},{"taxonomy":"product_cat","embeddable":true,"href":"https:\/\/nordicmart.andreevmaster.com\/sv\/wp-json\/wp\/v2\/product_cat?post=17112"},{"taxonomy":"product_tag","embeddable":true,"href":"https:\/\/nordicmart.andreevmaster.com\/sv\/wp-json\/wp\/v2\/product_tag?post=17112"}],"curies":[{"name":"wp","href":"https:\/\/api.w.org\/{rel}","templated":true}]}}