{"id":17111,"date":"2026-02-27T00:33:37","date_gmt":"2026-02-27T00:33:37","guid":{"rendered":"https:\/\/nordicmart.andreevmaster.com\/product\/songmics-hemmakontorsstol-sminkstol-i-fleece-skrivbordsstol\/"},"modified":"2026-02-27T08:23:31","modified_gmt":"2026-02-27T08:23:31","slug":"songmics-hemmakontorsstol-sminkstol-i-fleece-skrivbordsstol","status":"publish","type":"product","link":"https:\/\/nordicmart.andreevmaster.com\/sv\/produkt\/songmics-hemmakontorsstol-sminkstol-i-fleece-skrivbordsstol\/","title":{"rendered":"SONGMICS hemmakontorsstol, sminkstol i fleece, skrivbordsstol"},"content":{"rendered":"<p>Hemmakontorsstol, sminkstol i fleece, skrivbordsstol, skumplastkl\u00e4dsel, h\u00f6j- och s\u00e4nkbar, cappuccinobeige-molnvit<br \/>\nProduktdetaljer:<br \/>\n&#8211; F\u00e4rg: Cappuccinobeige-Molnvit<br \/>\n&#8211; Material: st\u00e5lstativ, fleece, nylonhjul, 28 kg\/m\u00b3 skumplaststoppning<br \/>\n&#8211; Storlek: 60 x 60 x (80-90) cm (D x B x H)<br \/>\n&#8211; Sitsh\u00f6jd (fr\u00e5n golvet): 47\u201357 cm<br \/>\n&#8211; Storlek p\u00e5 sittytan: 45 x 42 cm (D x B)<br \/>\n&#8211; Ryggst\u00f6dets h\u00f6jd: 37 cm<br \/>\n&#8211; Totalt tjocklek p\u00e5 kudden: 12 cm<br \/>\n&#8211; Tjocklek p\u00e5 det \u00f6vre kudden: 7 cm<br \/>\n&#8211; Vikt: 8,2 kg<br \/>\n&#8211; Max. statisk belastningskapacitet: 110 kg<\/p>\n<p>Leveransomfattning:<br \/>\n&#8211; 1 x snurrstol<br \/>\n&#8211; 1 x tillbeh\u00f6rspaket<br \/>\n&#8211; 1 x bruksanvisning<\/p>\n<p>Anm\u00e4rkningar:<br \/>\n&#8211; Kudden och tyg\u00f6verdraget \u00e4r inte avtagbara eller tv\u00e4ttbara.<\/p>\n","protected":false},"excerpt":{"rendered":"<p>Hemmakontorsstol, sminkstol i fleece, skrivbordsstol, skumplastkl\u00e4dsel, h\u00f6j- och s\u00e4nkbar, cappuccinobeige-molnvit<\/p>\n","protected":false},"featured_media":44555,"comment_status":"open","ping_status":"closed","template":"","meta":[],"product_brand":[],"product_cat":[33],"product_tag":[],"class_list":{"0":"post-17111","1":"product","2":"type-product","3":"status-publish","4":"has-post-thumbnail","6":"product_cat-okategoriserad","8":"first","9":"instock","10":"shipping-taxable","11":"purchasable","12":"product-type-simple"},"_links":{"self":[{"href":"https:\/\/nordicmart.andreevmaster.com\/sv\/wp-json\/wp\/v2\/product\/17111","targetHints":{"allow":["GET"]}}],"collection":[{"href":"https:\/\/nordicmart.andreevmaster.com\/sv\/wp-json\/wp\/v2\/product"}],"about":[{"href":"https:\/\/nordicmart.andreevmaster.com\/sv\/wp-json\/wp\/v2\/types\/product"}],"replies":[{"embeddable":true,"href":"https:\/\/nordicmart.andreevmaster.com\/sv\/wp-json\/wp\/v2\/comments?post=17111"}],"wp:featuredmedia":[{"embeddable":true,"href":"https:\/\/nordicmart.andreevmaster.com\/sv\/wp-json\/wp\/v2\/media\/44555"}],"wp:attachment":[{"href":"https:\/\/nordicmart.andreevmaster.com\/sv\/wp-json\/wp\/v2\/media?parent=17111"}],"wp:term":[{"taxonomy":"product_brand","embeddable":true,"href":"https:\/\/nordicmart.andreevmaster.com\/sv\/wp-json\/wp\/v2\/product_brand?post=17111"},{"taxonomy":"product_cat","embeddable":true,"href":"https:\/\/nordicmart.andreevmaster.com\/sv\/wp-json\/wp\/v2\/product_cat?post=17111"},{"taxonomy":"product_tag","embeddable":true,"href":"https:\/\/nordicmart.andreevmaster.com\/sv\/wp-json\/wp\/v2\/product_tag?post=17111"}],"curies":[{"name":"wp","href":"https:\/\/api.w.org\/{rel}","templated":true}]}}