{"id":17100,"date":"2026-02-27T00:33:34","date_gmt":"2026-02-27T00:33:34","guid":{"rendered":"https:\/\/nordicmart.andreevmaster.com\/product\/songmics-kontorsstol-snurrstol-med-sammetskladsel-skumplaststoppning\/"},"modified":"2026-02-27T08:23:29","modified_gmt":"2026-02-27T08:23:29","slug":"songmics-kontorsstol-snurrstol-med-sammetskladsel-skumplaststoppning","status":"publish","type":"product","link":"https:\/\/nordicmart.andreevmaster.com\/sv\/produkt\/songmics-kontorsstol-snurrstol-med-sammetskladsel-skumplaststoppning\/","title":{"rendered":"SONGMICS kontorsstol, snurrstol med sammetskl\u00e4dsel, skumplaststoppning"},"content":{"rendered":"<p>Produktdetaljer: F\u00e4rg: Ljusgr\u00e5 Material: St\u00e5l, nylonhjul, skumplaststoppning, sammet Stolens totala storlek: 64 x 62 x (80-90) cm (L x B x H) Sitsens h\u00f6jd: 45-55 cm Vikt: 8,2 kg Max. statisk belastningskapacitet: 120 kgLeveransomfattning:1 x kontorsstol1 x tillbeh\u00f6rspaket1 x bruksanvisning<\/p>\n","protected":false},"excerpt":{"rendered":"<p>SONGMICS kontorsstol, snurrstol med sammetskl\u00e4dsel, skumplaststoppning, h\u00f6j- och s\u00e4nkbar, f\u00f6r arbetsrum, bar, ljusgr\u00e5 OBG012G01<\/p>\n","protected":false},"featured_media":44546,"comment_status":"open","ping_status":"closed","template":"","meta":[],"product_brand":[],"product_cat":[33],"product_tag":[],"class_list":{"0":"post-17100","1":"product","2":"type-product","3":"status-publish","4":"has-post-thumbnail","6":"product_cat-okategoriserad","8":"first","9":"instock","10":"shipping-taxable","11":"purchasable","12":"product-type-simple"},"_links":{"self":[{"href":"https:\/\/nordicmart.andreevmaster.com\/sv\/wp-json\/wp\/v2\/product\/17100","targetHints":{"allow":["GET"]}}],"collection":[{"href":"https:\/\/nordicmart.andreevmaster.com\/sv\/wp-json\/wp\/v2\/product"}],"about":[{"href":"https:\/\/nordicmart.andreevmaster.com\/sv\/wp-json\/wp\/v2\/types\/product"}],"replies":[{"embeddable":true,"href":"https:\/\/nordicmart.andreevmaster.com\/sv\/wp-json\/wp\/v2\/comments?post=17100"}],"wp:featuredmedia":[{"embeddable":true,"href":"https:\/\/nordicmart.andreevmaster.com\/sv\/wp-json\/wp\/v2\/media\/44546"}],"wp:attachment":[{"href":"https:\/\/nordicmart.andreevmaster.com\/sv\/wp-json\/wp\/v2\/media?parent=17100"}],"wp:term":[{"taxonomy":"product_brand","embeddable":true,"href":"https:\/\/nordicmart.andreevmaster.com\/sv\/wp-json\/wp\/v2\/product_brand?post=17100"},{"taxonomy":"product_cat","embeddable":true,"href":"https:\/\/nordicmart.andreevmaster.com\/sv\/wp-json\/wp\/v2\/product_cat?post=17100"},{"taxonomy":"product_tag","embeddable":true,"href":"https:\/\/nordicmart.andreevmaster.com\/sv\/wp-json\/wp\/v2\/product_tag?post=17100"}],"curies":[{"name":"wp","href":"https:\/\/api.w.org\/{rel}","templated":true}]}}