{"id":17099,"date":"2026-02-27T00:33:34","date_gmt":"2026-02-27T00:33:34","guid":{"rendered":"https:\/\/nordicmart.andreevmaster.com\/product\/songmics-chefsstol-i-konstlader-svart\/"},"modified":"2026-02-27T08:23:28","modified_gmt":"2026-02-27T08:23:28","slug":"songmics-chefsstol-i-konstlader-svart","status":"publish","type":"product","link":"https:\/\/nordicmart.andreevmaster.com\/sv\/produkt\/songmics-chefsstol-i-konstlader-svart\/","title":{"rendered":"SONGMICS chefsstol i konstl\u00e4der, svart"},"content":{"rendered":"<p>Denna kontorsstol fr\u00e5n SONGMICS erbjuder dig h\u00f6gsta sittkomfort p\u00e5 jobbet. Det dubbelt vadderade sittdynan ger dig en bekv\u00e4m sittupplevelse och hj\u00e4lper dig att arbeta koncentrerat. Om du arbetar l\u00e5nga dagar vid skrivbordet beh\u00f6ver du en passande stol s\u00e5 att du kan slappna av i armar och rygg. Det ventilerande ryggst\u00f6det s\u00e4kerst\u00e4ller god luftcirkulation. Tveka inte och ta med denna SONGMICS kontorsstol hem eller till kontoret; den kommer att passa dig perfekt! Produktdetaljer: &#8211; F\u00e4rg: Svart Material:  &#8211; Kl\u00e4dsel: PU-l\u00e4der (framsida), PVC (baksida) &#8211; Stoppning: Skumplast, inre fj\u00e4drar &#8211; Armst\u00f6d: PP, skumplast, PU &#8211; Fotkors: Nylon &#8211; Hjul: PU Produktstorlek: &#8211; H\u00f6jd: 113-123 cm  &#8211; Bredd: 69,5 cm &#8211; Djup: 80 cm &#8211; Sitth\u00f6jd: 45-55 cm &#8211; Sitsbredd: 57 cm &#8211; Sitsdjup: 51 cm &#8211; Armst\u00f6dens h\u00f6jd: 20,5-27 cm &#8211; Ryggst\u00f6dets h\u00f6jd: 70 cm &#8211; \u00d8 fotkors: 70 cm  &#8211; \u00d8 hjul: 50 mm &#8211; \u00d8 stift: 11 mm  &#8211; Vikt: 20,8 kg &#8211; Maximal belastningskapacitet: 150 kg Leveransomfattning:  &#8211; 1 x kontorsstol &#8211; 1 x insexnyckel &#8211; 1 x tillbeh\u00f6rsp\u00e5se &#8211; 1 x bruksanvisning (DE, EN, FR, ES, IT)<\/p>\n","protected":false},"excerpt":{"rendered":"<p>SONGMICS kontorsstol, chefsstol, snurrstol, bred sits med fj\u00e4derk\u00e4rna, dubbelt f\u00f6rtjockad stoppning, h\u00f6g ryggst\u00f6d, f\u00e4llbara armst\u00f6d, med vippfunktion, kl\u00e4dsel i PU-l\u00e4der, svart, OBG94BK<\/p>\n","protected":false},"featured_media":44545,"comment_status":"open","ping_status":"closed","template":"","meta":[],"product_brand":[],"product_cat":[33],"product_tag":[],"class_list":{"0":"post-17099","1":"product","2":"type-product","3":"status-publish","4":"has-post-thumbnail","6":"product_cat-okategoriserad","8":"first","9":"instock","10":"shipping-taxable","11":"purchasable","12":"product-type-simple"},"_links":{"self":[{"href":"https:\/\/nordicmart.andreevmaster.com\/sv\/wp-json\/wp\/v2\/product\/17099","targetHints":{"allow":["GET"]}}],"collection":[{"href":"https:\/\/nordicmart.andreevmaster.com\/sv\/wp-json\/wp\/v2\/product"}],"about":[{"href":"https:\/\/nordicmart.andreevmaster.com\/sv\/wp-json\/wp\/v2\/types\/product"}],"replies":[{"embeddable":true,"href":"https:\/\/nordicmart.andreevmaster.com\/sv\/wp-json\/wp\/v2\/comments?post=17099"}],"wp:featuredmedia":[{"embeddable":true,"href":"https:\/\/nordicmart.andreevmaster.com\/sv\/wp-json\/wp\/v2\/media\/44545"}],"wp:attachment":[{"href":"https:\/\/nordicmart.andreevmaster.com\/sv\/wp-json\/wp\/v2\/media?parent=17099"}],"wp:term":[{"taxonomy":"product_brand","embeddable":true,"href":"https:\/\/nordicmart.andreevmaster.com\/sv\/wp-json\/wp\/v2\/product_brand?post=17099"},{"taxonomy":"product_cat","embeddable":true,"href":"https:\/\/nordicmart.andreevmaster.com\/sv\/wp-json\/wp\/v2\/product_cat?post=17099"},{"taxonomy":"product_tag","embeddable":true,"href":"https:\/\/nordicmart.andreevmaster.com\/sv\/wp-json\/wp\/v2\/product_tag?post=17099"}],"curies":[{"name":"wp","href":"https:\/\/api.w.org\/{rel}","templated":true}]}}