{"id":17098,"date":"2026-02-27T00:33:33","date_gmt":"2026-02-27T00:33:33","guid":{"rendered":"https:\/\/nordicmart.andreevmaster.com\/product\/songmics-bekvam-chefsstol-med-fotstod\/"},"modified":"2026-02-27T08:23:28","modified_gmt":"2026-02-27T08:23:28","slug":"songmics-bekvam-chefsstol-med-fotstod","status":"publish","type":"product","link":"https:\/\/nordicmart.andreevmaster.com\/sv\/produkt\/songmics-bekvam-chefsstol-med-fotstod\/","title":{"rendered":"SONGMICS Bekv\u00e4m chefsstol med fotst\u00f6d"},"content":{"rendered":"<p>Hudv\u00e4nligt linne och h\u00f6gdensitetsfoamH\u00f6gkvalitativt \u00f6verdrag i linne; uts\u00f6kt finish; hudv\u00e4nligt, f\u00e4rgbest\u00e4ndigt, klumpar sig inte; h\u00f6gdensitetsfoam f\u00f6r utm\u00e4rkt sittkomfort under l\u00e5ng tid.Stj\u00e4rnfot i st\u00e5l och ljudl\u00f6sa hjul. Klarar upp till 150 kg; stj\u00e4rnfoten \u00e4r tillverkad av h\u00f6gkvalitativt st\u00e5l; hjulen \u00e4r ljudl\u00f6sa, slitstarka och halkfria. Enkel montering tack vare praktiska hj\u00e4lpmedel. Instruktioner p\u00e5 DE, EN, ES, FR, IT; extra skruv och reservhjul.Tekniska detaljer F\u00e4rg: Gr\u00e5 Artikelvikt: 20,5 kg Produktm\u00e5tt: 66 x 69 x 120 cm Material: Linne, skumplast, nylon, st\u00e5l Ytterligare specifikationer: Med fotst\u00f6d, justerbart ryggst\u00f6d, belastningskapacitet upp till 150 kg, ergonomisk kontorsstol<\/p>\n","protected":false},"excerpt":{"rendered":"<p>SONGMICS chefsstol, ergonomisk kontorsstol med fotst\u00f6d, skrivbordsstol, justerbart ryggst\u00f6d, belastningskapacitet upp till 150 kg, linne, gr\u00e5 OBG78GY<\/p>\n","protected":false},"featured_media":44544,"comment_status":"open","ping_status":"closed","template":"","meta":[],"product_brand":[],"product_cat":[33],"product_tag":[],"class_list":{"0":"post-17098","1":"product","2":"type-product","3":"status-publish","4":"has-post-thumbnail","6":"product_cat-okategoriserad","8":"first","9":"instock","10":"shipping-taxable","11":"purchasable","12":"product-type-simple"},"_links":{"self":[{"href":"https:\/\/nordicmart.andreevmaster.com\/sv\/wp-json\/wp\/v2\/product\/17098","targetHints":{"allow":["GET"]}}],"collection":[{"href":"https:\/\/nordicmart.andreevmaster.com\/sv\/wp-json\/wp\/v2\/product"}],"about":[{"href":"https:\/\/nordicmart.andreevmaster.com\/sv\/wp-json\/wp\/v2\/types\/product"}],"replies":[{"embeddable":true,"href":"https:\/\/nordicmart.andreevmaster.com\/sv\/wp-json\/wp\/v2\/comments?post=17098"}],"wp:featuredmedia":[{"embeddable":true,"href":"https:\/\/nordicmart.andreevmaster.com\/sv\/wp-json\/wp\/v2\/media\/44544"}],"wp:attachment":[{"href":"https:\/\/nordicmart.andreevmaster.com\/sv\/wp-json\/wp\/v2\/media?parent=17098"}],"wp:term":[{"taxonomy":"product_brand","embeddable":true,"href":"https:\/\/nordicmart.andreevmaster.com\/sv\/wp-json\/wp\/v2\/product_brand?post=17098"},{"taxonomy":"product_cat","embeddable":true,"href":"https:\/\/nordicmart.andreevmaster.com\/sv\/wp-json\/wp\/v2\/product_cat?post=17098"},{"taxonomy":"product_tag","embeddable":true,"href":"https:\/\/nordicmart.andreevmaster.com\/sv\/wp-json\/wp\/v2\/product_tag?post=17098"}],"curies":[{"name":"wp","href":"https:\/\/api.w.org\/{rel}","templated":true}]}}