{"id":17094,"date":"2026-02-27T00:33:32","date_gmt":"2026-02-27T00:33:32","guid":{"rendered":"https:\/\/nordicmart.andreevmaster.com\/product\/songmics-chefsstol-med-justerbart-nackstod\/"},"modified":"2026-02-27T08:23:27","modified_gmt":"2026-02-27T08:23:27","slug":"songmics-chefsstol-med-justerbart-nackstod","status":"publish","type":"product","link":"https:\/\/nordicmart.andreevmaster.com\/sv\/produkt\/songmics-chefsstol-med-justerbart-nackstod\/","title":{"rendered":"SONGMICS chefsstol med justerbart nackst\u00f6d"},"content":{"rendered":"<p>Produktdetaljer:  Material:  &#8211; Kl\u00e4dsel: PU &#8211; Stoppning: h\u00f6gdensitetsskum &#8211; Fotkors: nylon &#8211; Armst\u00f6dsskaft: nylon &#8211; Armst\u00f6d: PU &#8211; Rullar: nylonk\u00e4rna med PU-\u00f6verdrag M\u00e5tt:  &#8211; H\u00f6jd (total): 120\u2013127 cm &#8211; Bredd (total): 70 cm &#8211; Djup (total): 70 cm &#8211; Sitth\u00f6jd: 47\u201355 cm &#8211; Sitsbredd (anv\u00e4ndbar): 50 cm &#8211; Sitsdjup (anv\u00e4ndbar): 50 cm &#8211; Armst\u00f6dets h\u00f6jd (fr\u00e5n sitsen): 22 cm &#8211; Ryggst\u00f6dets h\u00f6jd: 75 cm &#8211; \u00d8 fotkors: 70 cm &#8211; \u00d8 hjul: 50 mm &#8211; \u00d8 pinne: 11 mm &#8211; F\u00e4rg: svart &#8211; Nettovikt: 19,7 kg &#8211; Bruttovikt: 23,3 kg &#8211; Max. belastbarhet: 150 kg Leveransomfattning: &#8211; 1 x kontorsstol &#8211; 1 x beslagsp\u00e5se &#8211; 1 x bruksanvisning (DE, EN, FR, IT, ES) Anm\u00e4rkningar: &#8211; Ers\u00e4ttningshjul kan ocks\u00e5 best\u00e4llas separat hos oss.<\/p>\n","protected":false},"excerpt":{"rendered":"<p>SONGMICS Erstellt, kontorsstol med f\u00e4llbart nackst\u00f6d, extra stor ortopedisk chefsstol, ergonomisk skrivbordsstol, svart OBG76B<\/p>\n","protected":false},"featured_media":44540,"comment_status":"open","ping_status":"closed","template":"","meta":[],"product_brand":[],"product_cat":[33],"product_tag":[],"class_list":{"0":"post-17094","1":"product","2":"type-product","3":"status-publish","4":"has-post-thumbnail","6":"product_cat-okategoriserad","8":"first","9":"instock","10":"shipping-taxable","11":"purchasable","12":"product-type-simple"},"_links":{"self":[{"href":"https:\/\/nordicmart.andreevmaster.com\/sv\/wp-json\/wp\/v2\/product\/17094","targetHints":{"allow":["GET"]}}],"collection":[{"href":"https:\/\/nordicmart.andreevmaster.com\/sv\/wp-json\/wp\/v2\/product"}],"about":[{"href":"https:\/\/nordicmart.andreevmaster.com\/sv\/wp-json\/wp\/v2\/types\/product"}],"replies":[{"embeddable":true,"href":"https:\/\/nordicmart.andreevmaster.com\/sv\/wp-json\/wp\/v2\/comments?post=17094"}],"wp:featuredmedia":[{"embeddable":true,"href":"https:\/\/nordicmart.andreevmaster.com\/sv\/wp-json\/wp\/v2\/media\/44540"}],"wp:attachment":[{"href":"https:\/\/nordicmart.andreevmaster.com\/sv\/wp-json\/wp\/v2\/media?parent=17094"}],"wp:term":[{"taxonomy":"product_brand","embeddable":true,"href":"https:\/\/nordicmart.andreevmaster.com\/sv\/wp-json\/wp\/v2\/product_brand?post=17094"},{"taxonomy":"product_cat","embeddable":true,"href":"https:\/\/nordicmart.andreevmaster.com\/sv\/wp-json\/wp\/v2\/product_cat?post=17094"},{"taxonomy":"product_tag","embeddable":true,"href":"https:\/\/nordicmart.andreevmaster.com\/sv\/wp-json\/wp\/v2\/product_tag?post=17094"}],"curies":[{"name":"wp","href":"https:\/\/api.w.org\/{rel}","templated":true}]}}