{"id":17093,"date":"2026-02-27T00:33:32","date_gmt":"2026-02-27T00:33:32","guid":{"rendered":"https:\/\/nordicmart.andreevmaster.com\/product\/songmics-chefsstol-med-nackstod-och-fotstod\/"},"modified":"2026-02-27T08:23:27","modified_gmt":"2026-02-27T08:23:27","slug":"songmics-chefsstol-med-nackstod-och-fotstod","status":"publish","type":"product","link":"https:\/\/nordicmart.andreevmaster.com\/sv\/produkt\/songmics-chefsstol-med-nackstod-och-fotstod\/","title":{"rendered":"SONGMICS chefsstol med nackst\u00f6d och fotst\u00f6d"},"content":{"rendered":"<p>F\u00e4llbart nackst\u00f6d utvecklat av Songmics. Songmics f\u00e4llbara nackst\u00f6d, som kan justeras fr\u00e5n 0\u00b0 till 90\u00b0, ger bra st\u00f6d f\u00f6r huvudet n\u00e4r du ligger ner. N\u00e4r du sitter f\u00e4ller du ut nackst\u00f6det, som d\u00e5 sm\u00e4lter samman med ryggst\u00f6det och skapar en elegant atmosf\u00e4r.- Dubbelt f\u00f6rtjockad stoppning ger en behaglig k\u00e4nsla, bra h\u00e5llning och utm\u00e4rkt sittkomfort. Produktdetaljer:  Material:  &#8211; Kl\u00e4dsel: PU &#8211; Stoppning: h\u00f6gdensitetsskum &#8211; Fotkors: aluminium. &#8211; Armst\u00f6dsskaft: nylon &#8211; Armst\u00f6d: PU &#8211; Rullar: nylonk\u00e4rna med PU-\u00f6verdrag M\u00e5tt:  &#8211; H\u00f6jd (total): 118-125 cm &#8211; Bredd (total): 70 cm &#8211; Djup (total): 70 cm &#8211; Sitth\u00f6jd: 45-52 cm &#8211; Sittbredd (anv\u00e4ndbar): 50 cm &#8211; Sittdjup (anv\u00e4ndbart): 50 cm &#8211; Armst\u00f6dets h\u00f6jd (fr\u00e5n sitsen): 22 cm &#8211; Ryggst\u00f6dets h\u00f6jd: 75 cm &#8211; \u00d8 fotkors: 70 cm &#8211; \u00d8 hjul: 50 mm &#8211; \u00d8 pinne: 11 mm &#8211; F\u00e4rg: svart &#8211; Nettovikt: 24 kg &#8211; Bruttovikt: 26,7 kg &#8211; Max. belastbarhet: 150 kg Leveransomfattning:  &#8211; 1 x kontorsstol  &#8211; 1 x beslagsp\u00e5se &#8211; 1 x bruksanvisning (DE, EN, FR, IT, ES) Anm\u00e4rkningar:  &#8211; Ers\u00e4ttningshjul kan best\u00e4llas separat hos oss.<\/p>\n","protected":false},"excerpt":{"rendered":"<p>SONGMICS Erstellt, kontorsstol med f\u00e4llbart nackst\u00f6d, utdragbar fotst\u00f6d, extra stor ortopedisk chefsstol, ergonomisk gamingstol, svart OBG75B, konstl\u00e4der, 91,4 x 66,4 x 37,4 cm<\/p>\n","protected":false},"featured_media":44539,"comment_status":"open","ping_status":"closed","template":"","meta":[],"product_brand":[],"product_cat":[33],"product_tag":[],"class_list":{"0":"post-17093","1":"product","2":"type-product","3":"status-publish","4":"has-post-thumbnail","6":"product_cat-okategoriserad","8":"first","9":"instock","10":"shipping-taxable","11":"purchasable","12":"product-type-simple"},"_links":{"self":[{"href":"https:\/\/nordicmart.andreevmaster.com\/sv\/wp-json\/wp\/v2\/product\/17093","targetHints":{"allow":["GET"]}}],"collection":[{"href":"https:\/\/nordicmart.andreevmaster.com\/sv\/wp-json\/wp\/v2\/product"}],"about":[{"href":"https:\/\/nordicmart.andreevmaster.com\/sv\/wp-json\/wp\/v2\/types\/product"}],"replies":[{"embeddable":true,"href":"https:\/\/nordicmart.andreevmaster.com\/sv\/wp-json\/wp\/v2\/comments?post=17093"}],"wp:featuredmedia":[{"embeddable":true,"href":"https:\/\/nordicmart.andreevmaster.com\/sv\/wp-json\/wp\/v2\/media\/44539"}],"wp:attachment":[{"href":"https:\/\/nordicmart.andreevmaster.com\/sv\/wp-json\/wp\/v2\/media?parent=17093"}],"wp:term":[{"taxonomy":"product_brand","embeddable":true,"href":"https:\/\/nordicmart.andreevmaster.com\/sv\/wp-json\/wp\/v2\/product_brand?post=17093"},{"taxonomy":"product_cat","embeddable":true,"href":"https:\/\/nordicmart.andreevmaster.com\/sv\/wp-json\/wp\/v2\/product_cat?post=17093"},{"taxonomy":"product_tag","embeddable":true,"href":"https:\/\/nordicmart.andreevmaster.com\/sv\/wp-json\/wp\/v2\/product_tag?post=17093"}],"curies":[{"name":"wp","href":"https:\/\/api.w.org\/{rel}","templated":true}]}}