{"id":17091,"date":"2026-02-27T00:33:32","date_gmt":"2026-02-27T00:33:32","guid":{"rendered":"https:\/\/nordicmart.andreevmaster.com\/product\/songmics-gamingchair-svart-rod\/"},"modified":"2026-02-27T08:23:26","modified_gmt":"2026-02-27T08:23:26","slug":"songmics-gamingchair-svart-rod","status":"publish","type":"product","link":"https:\/\/nordicmart.andreevmaster.com\/sv\/produkt\/songmics-gamingchair-svart-rod\/","title":{"rendered":"SONGMICS Gamingchair Svart-R\u00f6d"},"content":{"rendered":"<p>Cool look: Det vit-svarta f\u00e4rgm\u00f6nstret och den utskurna designen p\u00e5 ryggst\u00f6dets ovansida p\u00e5minner om sportstolarna i en racerbil. S\u00e5 b\u00f6rjar varje videospel p\u00e5 ett professionellt s\u00e4tt och oavsett hur det g\u00e5r \u00e4r du redan en vinnare med denna stol! H\u00f6gsta komfort: Dra ut fotst\u00f6det, l\u00e4gg upp f\u00f6tterna, luta stolen 90-135\u00b0 bak\u00e5t och vila i ren lycka. Det bekv\u00e4ma sittdynan och fotst\u00f6det g\u00f6r denna justerbara kontorsstol till en plats f\u00f6r avkoppling f\u00f6r evigt. Allt \u00e4r klart: datorn \u00e4r p\u00e5slagen, tangentbordet och musen finns p\u00e5 plats \u2013 b\u00f6rja arbeta, titta p\u00e5 en film eller starta ditt videospel. Denna spelstol fr\u00e5n SONGMICS \u00e4r det perfekta valet f\u00f6r alla projekt. Produktdetaljer: F\u00e4rg: Svart-vit Material: PU-plast, h\u00f6gdensitetsskum, st\u00e5l, nylon Storlek: 67 x 66 x 116-126 cm (L x B x H) Avst\u00e5nd fr\u00e5n sits till golv: 47-57 cm Storlek p\u00e5 sits: 50 x 52 cm (L x B) Ryggst\u00f6dets h\u00f6jd: 71 cm Rullernas diameter: 50 mm Vikt: 20,6 kg Max. statisk belastningskapacitet: 150 kg Leveransomfattning: 1 x gamingstol 1 x tillbeh\u00f6rspaket 1 x bruksanvisning (DE, EN, FR, ES, IT) SONGMICS Anm\u00e4rkningar:Uts\u00e4tt inte produkten f\u00f6r direkt solljus under l\u00e4ngre tid. H\u00e5ll produkten borta fr\u00e5n vassa och skarpa f\u00f6rem\u00e5l f\u00f6r att undvika skador p\u00e5 ytan.<\/p>\n","protected":false},"excerpt":{"rendered":"<p>SONGMICS Gamingstol, skrivbordsstol med fotst\u00f6d, kontorsstol med nackst\u00f6d och l\u00e4ndkudde, h\u00f6jdjusterbar, ergonomisk, 90-135\u00b0 lutningsvinkel, belastningskapacitet upp till 150 kg, svart-r\u00f6d OBG73BRV1<\/p>\n","protected":false},"featured_media":44537,"comment_status":"open","ping_status":"closed","template":"","meta":[],"product_brand":[],"product_cat":[33],"product_tag":[],"class_list":{"0":"post-17091","1":"product","2":"type-product","3":"status-publish","4":"has-post-thumbnail","6":"product_cat-okategoriserad","8":"first","9":"instock","10":"shipping-taxable","11":"purchasable","12":"product-type-simple"},"_links":{"self":[{"href":"https:\/\/nordicmart.andreevmaster.com\/sv\/wp-json\/wp\/v2\/product\/17091","targetHints":{"allow":["GET"]}}],"collection":[{"href":"https:\/\/nordicmart.andreevmaster.com\/sv\/wp-json\/wp\/v2\/product"}],"about":[{"href":"https:\/\/nordicmart.andreevmaster.com\/sv\/wp-json\/wp\/v2\/types\/product"}],"replies":[{"embeddable":true,"href":"https:\/\/nordicmart.andreevmaster.com\/sv\/wp-json\/wp\/v2\/comments?post=17091"}],"wp:featuredmedia":[{"embeddable":true,"href":"https:\/\/nordicmart.andreevmaster.com\/sv\/wp-json\/wp\/v2\/media\/44537"}],"wp:attachment":[{"href":"https:\/\/nordicmart.andreevmaster.com\/sv\/wp-json\/wp\/v2\/media?parent=17091"}],"wp:term":[{"taxonomy":"product_brand","embeddable":true,"href":"https:\/\/nordicmart.andreevmaster.com\/sv\/wp-json\/wp\/v2\/product_brand?post=17091"},{"taxonomy":"product_cat","embeddable":true,"href":"https:\/\/nordicmart.andreevmaster.com\/sv\/wp-json\/wp\/v2\/product_cat?post=17091"},{"taxonomy":"product_tag","embeddable":true,"href":"https:\/\/nordicmart.andreevmaster.com\/sv\/wp-json\/wp\/v2\/product_tag?post=17091"}],"curies":[{"name":"wp","href":"https:\/\/api.w.org\/{rel}","templated":true}]}}