{"id":17089,"date":"2026-02-27T00:33:31","date_gmt":"2026-02-27T00:33:31","guid":{"rendered":"https:\/\/nordicmart.andreevmaster.com\/product\/songmics-chefsstol-konstlader-svart\/"},"modified":"2026-02-27T08:23:26","modified_gmt":"2026-02-27T08:23:26","slug":"songmics-chefsstol-konstlader-svart","status":"publish","type":"product","link":"https:\/\/nordicmart.andreevmaster.com\/sv\/produkt\/songmics-chefsstol-konstlader-svart\/","title":{"rendered":"SONGMICS Chefsstol Konstl\u00e4der Svart"},"content":{"rendered":"<p>Songmics \u00e4r alltid kundorienterat och arbetar h\u00e5rt f\u00f6r att erbjuda produkter av h\u00f6g kvalitet till ett bra pris. Baserat p\u00e5 kundernas feedback har vi kontinuerligt f\u00f6rb\u00e4ttrat produkten efter kundernas behov f\u00f6r att optimera den. F\u00f6ljande delar av alla Songmics kontorsstolar har f\u00f6rb\u00e4ttrats: &#8211; Armst\u00f6den, hjulen, vippmekanismen och gasfj\u00e4dern har alla f\u00f6rb\u00e4ttrats och kommer fr\u00e5n framst\u00e5ende leverant\u00f6rer, vilket garanterar kvaliteten. &#8211; Kl\u00e4dseln p\u00e5 alla delar \u00e4r, precis som sitsen, tillverkad av slitstarkt PU, vilket effektivt minskar den obehagliga lukten.  &#8211; Stoppningen \u00e4r gjord av h\u00f6gdensitetsskum, som inte deformeras l\u00e4tt, vilket m\u00f6jligg\u00f6r optimal sittkomfort. &#8211; Tillbeh\u00f6r som skruvar \u00e4r f\u00f6rpackade i genomskinlig plast och numrerade, vilket effektivt minskar risken f\u00f6r att de tappas bort eller blandas ihop. &#8211; De skruvar som anv\u00e4nds \u00e4r f\u00f6rsedda med g\u00e4ngs\u00e4kerhet och lossnar inte l\u00e4tt efter l\u00e5ngvarig anv\u00e4ndning.  &#8211; De medf\u00f6ljande hjulen \u00e4r av h\u00f6g kvalitet i PU och rullar mycket tyst. Dessutom medf\u00f6ljer 2 extra hjul.  &#8211; Av varje typ av skruv medf\u00f6ljer en extra skruv som reserv. Detta garanterar en p\u00e5litlig anv\u00e4ndning. Produktdetaljer: &#8211; Total h\u00f6jd: ca 116\u2013126 cm  &#8211; Ryggst\u00f6dets h\u00f6jd: ca 75 cm  &#8211; Sitth\u00f6jd: ca 52\u201361 cm  &#8211; Stolens bredd: 66,5 cm  &#8211; Armst\u00f6dens h\u00f6jd: ca 68\u201378 cm  &#8211; Material: PU + skumplast + st\u00e5l + nylon  Leveransomfattning: &#8211; 1 x kontorsstol med fotst\u00f6d  &#8211; 1 x l\u00e4ndryggskudde &#8211; 1 x bruksanvisning (tyska, engelska, franska, italienska, spanska)  &#8211; 1 x beslagsp\u00e5se  Anm\u00e4rkning: &#8211; N\u00e4r du monterar st\u00f6ddelen, var v\u00e4nlig notera att sidan med m\u00e4rket &#8221;Front&#8221; ska vara v\u00e4nd fram\u00e5t.<\/p>\n","protected":false},"excerpt":{"rendered":"<p>SONGMICS Songmics kontorsstol med fotst\u00f6d och l\u00e4ndryggskudde, konstl\u00e4der, svart, 67 x 66 x 116 cm<\/p>\n","protected":false},"featured_media":44536,"comment_status":"open","ping_status":"closed","template":"","meta":[],"product_brand":[],"product_cat":[33],"product_tag":[],"class_list":{"0":"post-17089","1":"product","2":"type-product","3":"status-publish","4":"has-post-thumbnail","6":"product_cat-okategoriserad","8":"first","9":"instock","10":"shipping-taxable","11":"purchasable","12":"product-type-simple"},"_links":{"self":[{"href":"https:\/\/nordicmart.andreevmaster.com\/sv\/wp-json\/wp\/v2\/product\/17089","targetHints":{"allow":["GET"]}}],"collection":[{"href":"https:\/\/nordicmart.andreevmaster.com\/sv\/wp-json\/wp\/v2\/product"}],"about":[{"href":"https:\/\/nordicmart.andreevmaster.com\/sv\/wp-json\/wp\/v2\/types\/product"}],"replies":[{"embeddable":true,"href":"https:\/\/nordicmart.andreevmaster.com\/sv\/wp-json\/wp\/v2\/comments?post=17089"}],"wp:featuredmedia":[{"embeddable":true,"href":"https:\/\/nordicmart.andreevmaster.com\/sv\/wp-json\/wp\/v2\/media\/44536"}],"wp:attachment":[{"href":"https:\/\/nordicmart.andreevmaster.com\/sv\/wp-json\/wp\/v2\/media?parent=17089"}],"wp:term":[{"taxonomy":"product_brand","embeddable":true,"href":"https:\/\/nordicmart.andreevmaster.com\/sv\/wp-json\/wp\/v2\/product_brand?post=17089"},{"taxonomy":"product_cat","embeddable":true,"href":"https:\/\/nordicmart.andreevmaster.com\/sv\/wp-json\/wp\/v2\/product_cat?post=17089"},{"taxonomy":"product_tag","embeddable":true,"href":"https:\/\/nordicmart.andreevmaster.com\/sv\/wp-json\/wp\/v2\/product_tag?post=17089"}],"curies":[{"name":"wp","href":"https:\/\/api.w.org\/{rel}","templated":true}]}}