{"id":17088,"date":"2026-02-27T00:33:31","date_gmt":"2026-02-27T00:33:31","guid":{"rendered":"https:\/\/nordicmart.andreevmaster.com\/product\/songmics-kontorsstol-med-fallbara-armstod\/"},"modified":"2026-02-27T08:23:26","modified_gmt":"2026-02-27T08:23:26","slug":"songmics-kontorsstol-med-fallbara-armstod","status":"publish","type":"product","link":"https:\/\/nordicmart.andreevmaster.com\/sv\/produkt\/songmics-kontorsstol-med-fallbara-armstod\/","title":{"rendered":"SONGMICS kontorsstol med f\u00e4llbara armst\u00f6d"},"content":{"rendered":"<p>F\u00f6rb\u00e4ttrad komfort, \u00f6kad produktivitet: Ryggsm\u00e4rtor orsakade av en obekv\u00e4m stol st\u00f6r inte bara arbetet, utan p\u00e5verkar ocks\u00e5 alla andra omr\u00e5den. Denna ergonomiska stol fr\u00e5n SONGMICS erbjuder dig h\u00f6g komfort s\u00e5 att du kan koncentrera dig p\u00e5 det v\u00e4sentliga. Hur kan du \u00f6ka din produktivitet med denna snurrstol?Den stilrena kombinationen av svart f\u00e4rg och sl\u00e4t PU-kl\u00e4dsel ger dig ny energi. Justera h\u00f6jden p\u00e5 sitsen och nackst\u00f6det (3-stegs justerbar) f\u00f6r att hitta den perfekta sittpositionen f\u00f6r h\u00f6jden p\u00e5 din sk\u00e4rm. Den skumplastkl\u00e4dda sitsen och det ergonomiska ryggst\u00f6det ger \u00f6kad komfort n\u00e4r du arbetar. Lite tr\u00f6tt? Luta stolen upp till 20\u00b0 bak\u00e5t. Med denna funktion kan du koppla av bekv\u00e4mt i n\u00e5gra minuter och sedan forts\u00e4tta arbeta. \u00c4ntligen klar med arbetet! F\u00e4ll upp armst\u00f6den p\u00e5 denna kontorsstol och skjut in stolen under skrivbordet f\u00f6r att spara plats. Produktdetaljer: F\u00e4rg: Svart Material: Plywood, skumplast, PU, nylonhjul Total storlek: 70 x 72 x (119-129) cm (L x B x H) Sitth\u00f6jd: 52-61 cm Sitsm\u00e5tt: 51 x 52 cm (L x B) Ryggst\u00f6dsm\u00e5tt (inkl. nackst\u00f6d): 51 x 91 cm (L x H) Armst\u00f6dsh\u00f6jd (fr\u00e5n sitsen): 24 cm Armst\u00f6dsh\u00f6jd (fr\u00e5n golvet): 71-81 cm Vikt: 17,5 kg Max. statisk belastningskapacitet: 150 kg Leveransomfattning: 1 x kontorsstol 1 x tillbeh\u00f6rspaket 1 x bruksanvisning SONGMICS Anm\u00e4rkningar: Anv\u00e4nd ett underl\u00e4gg om du vill anv\u00e4nda stolen p\u00e5 ett tr\u00e4golv. N\u00e4r du anv\u00e4nder vippfunktionen lutas stolens sits och ryggst\u00f6d samtidigt bak\u00e5t; ryggst\u00f6det kan inte lutas separat.<\/p>\n","protected":false},"excerpt":{"rendered":"<p>SONGMICS kontorsstol, ergonomisk snurrstol, med f\u00e4llbara armst\u00f6d, nylonstj\u00e4rnfot, b\u00e4rkraft 150 kg, svart OBG65BK<\/p>\n","protected":false},"featured_media":44535,"comment_status":"open","ping_status":"closed","template":"","meta":[],"product_brand":[],"product_cat":[33],"product_tag":[],"class_list":{"0":"post-17088","1":"product","2":"type-product","3":"status-publish","4":"has-post-thumbnail","6":"product_cat-okategoriserad","8":"first","9":"instock","10":"shipping-taxable","11":"purchasable","12":"product-type-simple"},"_links":{"self":[{"href":"https:\/\/nordicmart.andreevmaster.com\/sv\/wp-json\/wp\/v2\/product\/17088","targetHints":{"allow":["GET"]}}],"collection":[{"href":"https:\/\/nordicmart.andreevmaster.com\/sv\/wp-json\/wp\/v2\/product"}],"about":[{"href":"https:\/\/nordicmart.andreevmaster.com\/sv\/wp-json\/wp\/v2\/types\/product"}],"replies":[{"embeddable":true,"href":"https:\/\/nordicmart.andreevmaster.com\/sv\/wp-json\/wp\/v2\/comments?post=17088"}],"wp:featuredmedia":[{"embeddable":true,"href":"https:\/\/nordicmart.andreevmaster.com\/sv\/wp-json\/wp\/v2\/media\/44535"}],"wp:attachment":[{"href":"https:\/\/nordicmart.andreevmaster.com\/sv\/wp-json\/wp\/v2\/media?parent=17088"}],"wp:term":[{"taxonomy":"product_brand","embeddable":true,"href":"https:\/\/nordicmart.andreevmaster.com\/sv\/wp-json\/wp\/v2\/product_brand?post=17088"},{"taxonomy":"product_cat","embeddable":true,"href":"https:\/\/nordicmart.andreevmaster.com\/sv\/wp-json\/wp\/v2\/product_cat?post=17088"},{"taxonomy":"product_tag","embeddable":true,"href":"https:\/\/nordicmart.andreevmaster.com\/sv\/wp-json\/wp\/v2\/product_tag?post=17088"}],"curies":[{"name":"wp","href":"https:\/\/api.w.org\/{rel}","templated":true}]}}