{"id":17087,"date":"2026-02-27T00:33:31","date_gmt":"2026-02-27T00:33:31","guid":{"rendered":"https:\/\/nordicmart.andreevmaster.com\/product\/songmics-ergonomisk-kontorsstol-svart\/"},"modified":"2026-02-27T08:23:26","modified_gmt":"2026-02-27T08:23:26","slug":"songmics-ergonomisk-kontorsstol-svart","status":"publish","type":"product","link":"https:\/\/nordicmart.andreevmaster.com\/sv\/produkt\/songmics-ergonomisk-kontorsstol-svart\/","title":{"rendered":"SONGMICS Ergonomisk kontorsstol Svart"},"content":{"rendered":"<p>Den vackra och bekv\u00e4ma kontorsstolen Denna stol \u00e4r verkligen mycket estetisk j\u00e4mf\u00f6rt med andra standardkontorsstolar.  F\u00e4llbara armst\u00f6d optimerar ditt kontor eller din arbetsplats hemma. Denna snurrstol \u00e4r utrustad med nylonhjul. Den \u00e4r h\u00f6j- och lutningsjusterbar. Denna fantastiska stol har en s\u00e4kerhetsgasfj\u00e4der som har testats av T\u00dcV Rheinland enligt DIN4550.  V\u00e5r prioritet \u00e4r att du ska vara helt n\u00f6jd, och d\u00e4rf\u00f6r garanterar vi detta. V\u00e4lj SONGMICS ! Produktdetaljer : &#8211; F\u00e4rg: svart Produktm\u00e5tt &#8211; Produkth\u00f6jd : 115-125 cm &#8211; Produktbredd: 76 cm &#8211; Sitth\u00f6jd: 49-59 cm &#8211; Sittbredd: 52 cm &#8211; Sittdjup: 52 cm Material : &#8211; Rulle: nylon &#8211; Stj\u00e4rnfot: nylon &#8211; Armst\u00f6dram: nylon &#8211; Armst\u00f6dsyta: PU  &#8211; Vikt: 17,7 kg &#8211; Maximal belastningskapacitet: 150 kg Leveransomfattning\uff1a- 1 x kontorsstol- 1 x insexnyckel- 1 x tillbeh\u00f6rsp\u00e5se- 1 x monteringsanvisning (FR, DE, EN, ES, IT)SONGMICS Anm\u00e4rkningar:- L\u00e5ngvarigt sittande har en negativ inverkan p\u00e5 kroppen. G\u00f6r sm\u00e5 r\u00f6relser p\u00e5 stolen och str\u00e4ck p\u00e5 dig var halvtimme.<\/p>\n","protected":false},"excerpt":{"rendered":"<p>SONGMICS kontorsstol, ergonomisk snurrstol, gamingstol med uppf\u00e4llbara armst\u00f6d, datorstol, nylonstj\u00e4rnfot, max. statisk belastningskapacitet 150 kg, f\u00f6r kontoret, arbetsrummet, svart OBG63BK<\/p>\n","protected":false},"featured_media":44534,"comment_status":"open","ping_status":"closed","template":"","meta":[],"product_brand":[],"product_cat":[33],"product_tag":[],"class_list":{"0":"post-17087","1":"product","2":"type-product","3":"status-publish","4":"has-post-thumbnail","6":"product_cat-okategoriserad","8":"first","9":"instock","10":"shipping-taxable","11":"purchasable","12":"product-type-simple"},"_links":{"self":[{"href":"https:\/\/nordicmart.andreevmaster.com\/sv\/wp-json\/wp\/v2\/product\/17087","targetHints":{"allow":["GET"]}}],"collection":[{"href":"https:\/\/nordicmart.andreevmaster.com\/sv\/wp-json\/wp\/v2\/product"}],"about":[{"href":"https:\/\/nordicmart.andreevmaster.com\/sv\/wp-json\/wp\/v2\/types\/product"}],"replies":[{"embeddable":true,"href":"https:\/\/nordicmart.andreevmaster.com\/sv\/wp-json\/wp\/v2\/comments?post=17087"}],"wp:featuredmedia":[{"embeddable":true,"href":"https:\/\/nordicmart.andreevmaster.com\/sv\/wp-json\/wp\/v2\/media\/44534"}],"wp:attachment":[{"href":"https:\/\/nordicmart.andreevmaster.com\/sv\/wp-json\/wp\/v2\/media?parent=17087"}],"wp:term":[{"taxonomy":"product_brand","embeddable":true,"href":"https:\/\/nordicmart.andreevmaster.com\/sv\/wp-json\/wp\/v2\/product_brand?post=17087"},{"taxonomy":"product_cat","embeddable":true,"href":"https:\/\/nordicmart.andreevmaster.com\/sv\/wp-json\/wp\/v2\/product_cat?post=17087"},{"taxonomy":"product_tag","embeddable":true,"href":"https:\/\/nordicmart.andreevmaster.com\/sv\/wp-json\/wp\/v2\/product_tag?post=17087"}],"curies":[{"name":"wp","href":"https:\/\/api.w.org\/{rel}","templated":true}]}}