{"id":17086,"date":"2026-02-27T00:33:30","date_gmt":"2026-02-27T00:33:30","guid":{"rendered":"https:\/\/nordicmart.andreevmaster.com\/product\/songmics-kontorsstol-svart-gra\/"},"modified":"2026-02-27T08:23:25","modified_gmt":"2026-02-27T08:23:25","slug":"songmics-kontorsstol-svart-gra","status":"publish","type":"product","link":"https:\/\/nordicmart.andreevmaster.com\/sv\/produkt\/songmics-kontorsstol-svart-gra\/","title":{"rendered":"SONGMICS kontorsstol svart-gr\u00e5"},"content":{"rendered":"<p>Bekv\u00e4m kontorsstol med sportstolsdesign \u2013 h\u00e4r \u00e4r f\u00f6rdelarna: Modern look; inspirerad av bilsportstolar H\u00f6jdjusterbar mellan 115 och 125 cm Utrustad med vippfunktion (90\u00b0-110\u00b0) Uppf\u00e4llbara armst\u00f6d; s\u00e5 att stolen passar perfekt under ditt skrivbord Ergonomisk design; anpassar sig efter din kroppsform och motverkar d\u00e4rmed en oh\u00e4lsosam sittst\u00e4llningStabil stj\u00e4rnfot i nylon; t\u00e5l belastningar upp till 150 kgT\u00dcV-testad gascylinderProduktdetaljer:F\u00e4rg: Svartgr\u00e5M\u00e5tt:Produkth\u00f6jd: 115\u2013125 cmProduktbredd: 76 cmProduktdjup: 71,5 cmSitsh\u00f6jd: 49\u201359 cm Sitsbredd: 52 cm Sitsdjup: 52 cm Avst\u00e5nd mellan sits och armst\u00f6d: 22 cm Ryggst\u00f6dets h\u00f6jd: 77 cm \u00d8 stj\u00e4rnfot: 70 cm \u00d8 hjul: 50 mm \u00d8 hjulaxel: 11 mm Material: Hjul: nylon Stj\u00e4rnfot: nylon Armst\u00f6d: nylon Armst\u00f6dsyta: PU Sits: skumplast, PU-konstl\u00e4der, polyester Vikt: 17,7 kg Max. statisk belastningskapacitet: 150 kg Leveransomfattning: 1 x kontorsstol 1 x insexnyckel 1 x tillbeh\u00f6rspaket 1 x bruksanvisning SONGICs tips: L\u00e5ngvarigt sittande p\u00e5verkar kroppen negativt. G\u00f6r regelbundet sm\u00e5 r\u00f6relser p\u00e5 stolen och str\u00e4ck p\u00e5 dig var halvtimme.<\/p>\n","protected":false},"excerpt":{"rendered":"<p>SONGMICS kontorsstol, ergonomisk snurrstol, gamingstol med uppf\u00e4llbara armst\u00f6d, datorstol, nylonstj\u00e4rnfot, max. statisk belastningskapacitet 150 kg, f\u00f6r kontoret, arbetsrummet, svart OBG63BK<\/p>\n","protected":false},"featured_media":44533,"comment_status":"open","ping_status":"closed","template":"","meta":[],"product_brand":[],"product_cat":[33],"product_tag":[],"class_list":{"0":"post-17086","1":"product","2":"type-product","3":"status-publish","4":"has-post-thumbnail","6":"product_cat-okategoriserad","8":"first","9":"instock","10":"shipping-taxable","11":"purchasable","12":"product-type-simple"},"_links":{"self":[{"href":"https:\/\/nordicmart.andreevmaster.com\/sv\/wp-json\/wp\/v2\/product\/17086","targetHints":{"allow":["GET"]}}],"collection":[{"href":"https:\/\/nordicmart.andreevmaster.com\/sv\/wp-json\/wp\/v2\/product"}],"about":[{"href":"https:\/\/nordicmart.andreevmaster.com\/sv\/wp-json\/wp\/v2\/types\/product"}],"replies":[{"embeddable":true,"href":"https:\/\/nordicmart.andreevmaster.com\/sv\/wp-json\/wp\/v2\/comments?post=17086"}],"wp:featuredmedia":[{"embeddable":true,"href":"https:\/\/nordicmart.andreevmaster.com\/sv\/wp-json\/wp\/v2\/media\/44533"}],"wp:attachment":[{"href":"https:\/\/nordicmart.andreevmaster.com\/sv\/wp-json\/wp\/v2\/media?parent=17086"}],"wp:term":[{"taxonomy":"product_brand","embeddable":true,"href":"https:\/\/nordicmart.andreevmaster.com\/sv\/wp-json\/wp\/v2\/product_brand?post=17086"},{"taxonomy":"product_cat","embeddable":true,"href":"https:\/\/nordicmart.andreevmaster.com\/sv\/wp-json\/wp\/v2\/product_cat?post=17086"},{"taxonomy":"product_tag","embeddable":true,"href":"https:\/\/nordicmart.andreevmaster.com\/sv\/wp-json\/wp\/v2\/product_tag?post=17086"}],"curies":[{"name":"wp","href":"https:\/\/api.w.org\/{rel}","templated":true}]}}