{"id":17084,"date":"2026-02-27T00:33:30","date_gmt":"2026-02-27T00:33:30","guid":{"rendered":"https:\/\/nordicmart.andreevmaster.com\/product\/songmics-kontorsstol-med-bred-sits\/"},"modified":"2026-02-27T08:23:25","modified_gmt":"2026-02-27T08:23:25","slug":"songmics-kontorsstol-med-bred-sits","status":"publish","type":"product","link":"https:\/\/nordicmart.andreevmaster.com\/sv\/produkt\/songmics-kontorsstol-med-bred-sits\/","title":{"rendered":"SONGMICS kontorsstol med bred sits"},"content":{"rendered":"<p>Anm\u00e4rkning: &#8211; N\u00e4r du monterar st\u00f6ddelen, t\u00e4nk p\u00e5 att sidan med m\u00e4rkningen &#8221;Front&#8221; ska vara v\u00e4nd fram\u00e5t. &#8211; Dra spaken ut\u00e5t f\u00f6r att aktivera gungfunktionen. Ryggst\u00f6det l\u00e5ses d\u00e5 inte fast och st\u00f6der ryggen i varje r\u00f6relse och r\u00f6r sig dynamiskt med. Om du trycker in spaken igen inaktiveras vippfunktionen. Ryggst\u00f6det kan \u00e5terigen l\u00e5sas fast.  &#8211; N\u00e4r vippfunktionen aktiveras r\u00f6r sig sitsen och ryggst\u00f6det tillsammans n\u00e4r du lutar dig tillbaka. Ryggst\u00f6dets lutning kan inte justeras separat fr\u00e5n sitsen. Produktdetaljer: &#8211; F\u00e4rg: svart &#8211; Material: konstl\u00e4der, svamp, f\u00f6rkromad metall  &#8211; Gasfj\u00e4dern har testats av SGS enligt BIFMA X 5.1 och av T\u00dcV Rheinland enligt DIN 4550, klass 3. &#8211; Certifikatets innehavare \u00e4r leverant\u00f6ren. Leveransomfattning: &#8211; 1 x kontorsstol &#8211; 1 x bruksanvisning (tyska, engelska, franska, italienska, spanska) &#8211; 1 x beslagsp\u00e5se<\/p>\n","protected":false},"excerpt":{"rendered":"<p>SONGMICS kontorsstol chefsstol snurrstol datorstol sitth\u00f6jdjustering kontorsstol stoppning OBG57B<\/p>\n","protected":false},"featured_media":44531,"comment_status":"open","ping_status":"closed","template":"","meta":[],"product_brand":[],"product_cat":[33],"product_tag":[],"class_list":{"0":"post-17084","1":"product","2":"type-product","3":"status-publish","4":"has-post-thumbnail","6":"product_cat-okategoriserad","8":"first","9":"instock","10":"shipping-taxable","11":"purchasable","12":"product-type-simple"},"_links":{"self":[{"href":"https:\/\/nordicmart.andreevmaster.com\/sv\/wp-json\/wp\/v2\/product\/17084","targetHints":{"allow":["GET"]}}],"collection":[{"href":"https:\/\/nordicmart.andreevmaster.com\/sv\/wp-json\/wp\/v2\/product"}],"about":[{"href":"https:\/\/nordicmart.andreevmaster.com\/sv\/wp-json\/wp\/v2\/types\/product"}],"replies":[{"embeddable":true,"href":"https:\/\/nordicmart.andreevmaster.com\/sv\/wp-json\/wp\/v2\/comments?post=17084"}],"wp:featuredmedia":[{"embeddable":true,"href":"https:\/\/nordicmart.andreevmaster.com\/sv\/wp-json\/wp\/v2\/media\/44531"}],"wp:attachment":[{"href":"https:\/\/nordicmart.andreevmaster.com\/sv\/wp-json\/wp\/v2\/media?parent=17084"}],"wp:term":[{"taxonomy":"product_brand","embeddable":true,"href":"https:\/\/nordicmart.andreevmaster.com\/sv\/wp-json\/wp\/v2\/product_brand?post=17084"},{"taxonomy":"product_cat","embeddable":true,"href":"https:\/\/nordicmart.andreevmaster.com\/sv\/wp-json\/wp\/v2\/product_cat?post=17084"},{"taxonomy":"product_tag","embeddable":true,"href":"https:\/\/nordicmart.andreevmaster.com\/sv\/wp-json\/wp\/v2\/product_tag?post=17084"}],"curies":[{"name":"wp","href":"https:\/\/api.w.org\/{rel}","templated":true}]}}