{"id":17082,"date":"2026-02-27T00:33:29","date_gmt":"2026-02-27T00:33:29","guid":{"rendered":"https:\/\/nordicmart.andreevmaster.com\/product\/songmics-kontorsstol-ergonomisk-svartvit\/"},"modified":"2026-02-27T08:23:24","modified_gmt":"2026-02-27T08:23:24","slug":"songmics-kontorsstol-ergonomisk-svartvit","status":"publish","type":"product","link":"https:\/\/nordicmart.andreevmaster.com\/sv\/produkt\/songmics-kontorsstol-ergonomisk-svartvit\/","title":{"rendered":"SONGMICS kontorsstol, ergonomisk svartvit"},"content":{"rendered":"<p>SONGMICS Racing kontorsstol Gaming stol Chefsstol Snurrstol PU svart-bl\u00e5 OBG56L, 76.56632<br \/>\nF\u00e4rg: Svart-vit<br \/>\nProduktm\u00e5tt: 70,1 x 70,1 x 120,9 cm; 16,78 kg<br \/>\nYtterligare specifikationer: Justerbar h\u00f6jd, armst\u00f6d, ergonomisk, rullbar, sv\u00e4ngbar<br \/>\nArtikelvikt: 16,8 kg<\/p>\n","protected":false},"excerpt":{"rendered":"<p>SONGMICS Racing kontorsstol Gaming stol Chefsstol Snurrstol PU svart-bl\u00e5 OBG56L, 76.56632<\/p>\n","protected":false},"featured_media":44529,"comment_status":"open","ping_status":"closed","template":"","meta":[],"product_brand":[],"product_cat":[33],"product_tag":[],"class_list":{"0":"post-17082","1":"product","2":"type-product","3":"status-publish","4":"has-post-thumbnail","6":"product_cat-okategoriserad","8":"first","9":"instock","10":"shipping-taxable","11":"purchasable","12":"product-type-simple"},"_links":{"self":[{"href":"https:\/\/nordicmart.andreevmaster.com\/sv\/wp-json\/wp\/v2\/product\/17082","targetHints":{"allow":["GET"]}}],"collection":[{"href":"https:\/\/nordicmart.andreevmaster.com\/sv\/wp-json\/wp\/v2\/product"}],"about":[{"href":"https:\/\/nordicmart.andreevmaster.com\/sv\/wp-json\/wp\/v2\/types\/product"}],"replies":[{"embeddable":true,"href":"https:\/\/nordicmart.andreevmaster.com\/sv\/wp-json\/wp\/v2\/comments?post=17082"}],"wp:featuredmedia":[{"embeddable":true,"href":"https:\/\/nordicmart.andreevmaster.com\/sv\/wp-json\/wp\/v2\/media\/44529"}],"wp:attachment":[{"href":"https:\/\/nordicmart.andreevmaster.com\/sv\/wp-json\/wp\/v2\/media?parent=17082"}],"wp:term":[{"taxonomy":"product_brand","embeddable":true,"href":"https:\/\/nordicmart.andreevmaster.com\/sv\/wp-json\/wp\/v2\/product_brand?post=17082"},{"taxonomy":"product_cat","embeddable":true,"href":"https:\/\/nordicmart.andreevmaster.com\/sv\/wp-json\/wp\/v2\/product_cat?post=17082"},{"taxonomy":"product_tag","embeddable":true,"href":"https:\/\/nordicmart.andreevmaster.com\/sv\/wp-json\/wp\/v2\/product_tag?post=17082"}],"curies":[{"name":"wp","href":"https:\/\/api.w.org\/{rel}","templated":true}]}}