{"id":17081,"date":"2026-02-27T00:33:29","date_gmt":"2026-02-27T00:33:29","guid":{"rendered":"https:\/\/nordicmart.andreevmaster.com\/product\/songmics-stol-kontorsstol-gamingstol-chefsstol\/"},"modified":"2026-02-27T08:23:24","modified_gmt":"2026-02-27T08:23:24","slug":"songmics-stol-kontorsstol-gamingstol-chefsstol","status":"publish","type":"product","link":"https:\/\/nordicmart.andreevmaster.com\/sv\/produkt\/songmics-stol-kontorsstol-gamingstol-chefsstol\/","title":{"rendered":"SONGMICS Stol Kontorsstol Gamingstol Chefsstol"},"content":{"rendered":"<p>Beskrivning:  &#8211; Songmics \u00e4r alltid kundorienterat och g\u00f6r sitt yttersta f\u00f6r att erbjuda produkter av h\u00f6g kvalitet till ett bra pris. Songmics kontorsstol i elegant design kombinerar funktionalitet och komfort med njutning!  &#8211; Med h\u00f6gkvalitativa material och f\u00f6rb\u00e4ttrade tillbeh\u00f6r \u00e4r kontorsstolen fr\u00e5n Songmics verkligen bekv\u00e4m, praktisk och h\u00e5llbar. En absolut blickf\u00e5ngare i ditt rum! Anm\u00e4rkning:  &#8211; N\u00e4r du monterar st\u00f6ddelen, var v\u00e4nlig notera att sidan med m\u00e4rket &#8221;Front&#8221; ska vara v\u00e4nd fram\u00e5t.  &#8211; Ta tag i den bakre h\u00f6gra spaken och dra i den, s\u00e5 kan du justera sitth\u00f6jden stegl\u00f6st genom att belasta eller avlasta stolen med spaken dragen tills \u00f6nskad sitth\u00f6jd uppn\u00e5s. Om du drar spaken ut\u00e5t aktiveras gungfunktionen. Ryggst\u00f6det l\u00e5ses d\u00e5 inte fast och st\u00f6der ryggen i varje r\u00f6relse och r\u00f6r sig dynamiskt med. Om du trycker in spaken igen inaktiveras gungfunktionen. Ryggst\u00f6det kan l\u00e5sas fast igen.  &#8211; N\u00e4r gungfunktionen \u00e4r aktiverad r\u00f6r sig sitsen och ryggst\u00f6det tillsammans n\u00e4r du lutar dig tillbaka. Ryggst\u00f6dets lutning kan inte justeras separat fr\u00e5n sitsen. Produktdetaljer: &#8211; Total h\u00f6jd: ca 111-121 cm &#8211; Ryggst\u00f6dets h\u00f6jd: ca 73 cm &#8211; Sitth\u00f6jd: ca 45-55 cm &#8211; Stolens bredd: 66,5 cm &#8211; Armst\u00f6dets h\u00f6jd: 69-79 cm &#8211; Material: PU + skumplast + st\u00e5l + nylon &#8211; F\u00e4rg: svart-r\u00f6d Leveransomfattning: &#8211; 1 x kontorsstol med fotst\u00f6d &#8211; 1 x bruksanvisning (tyska, engelska, franska, italienska, spanska) &#8211; 1 x beslagsp\u00e5se<\/p>\n","protected":false},"excerpt":{"rendered":"<p>SONGMICS Racing kontorsstol Gaming stol Chefsstol Snurrstol PU svart-bl\u00e5 OBG56L, 76.56632<\/p>\n","protected":false},"featured_media":44528,"comment_status":"open","ping_status":"closed","template":"","meta":[],"product_brand":[],"product_cat":[33],"product_tag":[],"class_list":{"0":"post-17081","1":"product","2":"type-product","3":"status-publish","4":"has-post-thumbnail","6":"product_cat-okategoriserad","8":"first","9":"instock","10":"shipping-taxable","11":"purchasable","12":"product-type-simple"},"_links":{"self":[{"href":"https:\/\/nordicmart.andreevmaster.com\/sv\/wp-json\/wp\/v2\/product\/17081","targetHints":{"allow":["GET"]}}],"collection":[{"href":"https:\/\/nordicmart.andreevmaster.com\/sv\/wp-json\/wp\/v2\/product"}],"about":[{"href":"https:\/\/nordicmart.andreevmaster.com\/sv\/wp-json\/wp\/v2\/types\/product"}],"replies":[{"embeddable":true,"href":"https:\/\/nordicmart.andreevmaster.com\/sv\/wp-json\/wp\/v2\/comments?post=17081"}],"wp:featuredmedia":[{"embeddable":true,"href":"https:\/\/nordicmart.andreevmaster.com\/sv\/wp-json\/wp\/v2\/media\/44528"}],"wp:attachment":[{"href":"https:\/\/nordicmart.andreevmaster.com\/sv\/wp-json\/wp\/v2\/media?parent=17081"}],"wp:term":[{"taxonomy":"product_brand","embeddable":true,"href":"https:\/\/nordicmart.andreevmaster.com\/sv\/wp-json\/wp\/v2\/product_brand?post=17081"},{"taxonomy":"product_cat","embeddable":true,"href":"https:\/\/nordicmart.andreevmaster.com\/sv\/wp-json\/wp\/v2\/product_cat?post=17081"},{"taxonomy":"product_tag","embeddable":true,"href":"https:\/\/nordicmart.andreevmaster.com\/sv\/wp-json\/wp\/v2\/product_tag?post=17081"}],"curies":[{"name":"wp","href":"https:\/\/api.w.org\/{rel}","templated":true}]}}