{"id":17078,"date":"2026-02-27T00:33:28","date_gmt":"2026-02-27T00:33:28","guid":{"rendered":"https:\/\/nordicmart.andreevmaster.com\/product\/songmics-chefsstol-med-konstladerkladsel\/"},"modified":"2026-02-27T08:23:24","modified_gmt":"2026-02-27T08:23:24","slug":"songmics-chefsstol-med-konstladerkladsel","status":"publish","type":"product","link":"https:\/\/nordicmart.andreevmaster.com\/sv\/produkt\/songmics-chefsstol-med-konstladerkladsel\/","title":{"rendered":"SONGMICS chefsstol med konstl\u00e4derkl\u00e4dsel"},"content":{"rendered":"<p>Produktdetaljer: &#8211; Total h\u00f6jd: 112\u2013122 cm &#8211; Ryggst\u00f6dets h\u00f6jd: 76 cm &#8211; Sits: 54 x 51 cm (B x D ) &#8211; Sitth\u00f6jd: 45\u201355 cm &#8211; Material: PU + skumplast + st\u00e5l + nylon  Leveransomfattning: &#8211; 1 x kontorsstol &#8211; 1 x tillbeh\u00f6rspaket &#8211; 1 x bruksanvisning (tyska, engelska, franska, italienska, spanska) SONGMICS ANM\u00c4RKNINGAR: &#8211; Observera att texten \u201dFront\u201d p\u00e5 sittmekanismen m\u00e5ste vara v\u00e4nd fram\u00e5t vid montering.<br \/>\n &#8211; Ta tag i den bakre h\u00f6gra spaken under stolen och dra<br \/>\n den upp\u00e5t f\u00f6r att justera sitth\u00f6jden. Dra spaken \u00e5t<br \/>\n\u00e5t sidan f\u00f6r att aktivera vippfunktionen<br \/>\n. Tryck tillbaka spaken in\u00e5t f\u00f6r att aktivera<br \/>\ngungfunktionen<br \/>\n. &#8211; N\u00e4r<br \/>\nvippfunktionen har aktiverats r\u00f6r sig sitsen och ryggst\u00f6det tillsammans. Ryggst\u00f6dets lutning kan<br \/>\ninte \u00e4ndras separat.<\/p>\n","protected":false},"excerpt":{"rendered":"<p>SONGMICS kontorsstol, skrivbordsstol, racingstol,  gamingstol, chefsstol, snurrstol, av PU-konstl\u00e4der, svart OBG51B<\/p>\n","protected":false},"featured_media":44525,"comment_status":"open","ping_status":"closed","template":"","meta":[],"product_brand":[],"product_cat":[33],"product_tag":[],"class_list":{"0":"post-17078","1":"product","2":"type-product","3":"status-publish","4":"has-post-thumbnail","6":"product_cat-okategoriserad","8":"first","9":"instock","10":"shipping-taxable","11":"purchasable","12":"product-type-simple"},"_links":{"self":[{"href":"https:\/\/nordicmart.andreevmaster.com\/sv\/wp-json\/wp\/v2\/product\/17078","targetHints":{"allow":["GET"]}}],"collection":[{"href":"https:\/\/nordicmart.andreevmaster.com\/sv\/wp-json\/wp\/v2\/product"}],"about":[{"href":"https:\/\/nordicmart.andreevmaster.com\/sv\/wp-json\/wp\/v2\/types\/product"}],"replies":[{"embeddable":true,"href":"https:\/\/nordicmart.andreevmaster.com\/sv\/wp-json\/wp\/v2\/comments?post=17078"}],"wp:featuredmedia":[{"embeddable":true,"href":"https:\/\/nordicmart.andreevmaster.com\/sv\/wp-json\/wp\/v2\/media\/44525"}],"wp:attachment":[{"href":"https:\/\/nordicmart.andreevmaster.com\/sv\/wp-json\/wp\/v2\/media?parent=17078"}],"wp:term":[{"taxonomy":"product_brand","embeddable":true,"href":"https:\/\/nordicmart.andreevmaster.com\/sv\/wp-json\/wp\/v2\/product_brand?post=17078"},{"taxonomy":"product_cat","embeddable":true,"href":"https:\/\/nordicmart.andreevmaster.com\/sv\/wp-json\/wp\/v2\/product_cat?post=17078"},{"taxonomy":"product_tag","embeddable":true,"href":"https:\/\/nordicmart.andreevmaster.com\/sv\/wp-json\/wp\/v2\/product_tag?post=17078"}],"curies":[{"name":"wp","href":"https:\/\/api.w.org\/{rel}","templated":true}]}}