{"id":17077,"date":"2026-02-27T00:33:28","date_gmt":"2026-02-27T00:33:28","guid":{"rendered":"https:\/\/nordicmart.andreevmaster.com\/product\/songmics-chefsstol-med-konstladerkladsel-svart\/"},"modified":"2026-02-27T08:23:23","modified_gmt":"2026-02-27T08:23:23","slug":"songmics-chefsstol-med-konstladerkladsel-svart","status":"publish","type":"product","link":"https:\/\/nordicmart.andreevmaster.com\/sv\/produkt\/songmics-chefsstol-med-konstladerkladsel-svart\/","title":{"rendered":"SONGMICS chefsstol med konstl\u00e4derkl\u00e4dsel, svart"},"content":{"rendered":"<p>Komforten kommer f\u00f6rst: Inget \u00e4r b\u00e4ttre \u00e4n att sitta p\u00e5 en bekv\u00e4m stol p\u00e5 kontoret. Tjock stoppning, justerbar h\u00f6jd, sv\u00e4ngda armst\u00f6d \u2013 denna kontorsstol erbjuder utm\u00e4rkt komfort. Under lunchrasten kan du luta stolen 90\u00b0-110\u00b0 fram\u00e5t och bak\u00e5t och koppla av. S\u00e4ker och p\u00e5litlig: Konstl\u00e4dret har klarat T\u00dcV Rheinland:s hudv\u00e4nlighetstest (rapportnr 1160039759a 001). Auto-Return-cylindern uppfyller kraven i EN 16955:2017-04, klass 3 och har d\u00e4rf\u00f6r erh\u00e5llit ett certifikat fr\u00e5n T\u00dcV Rheinland (certifikat nr 182836, innehavare: leverant\u00f6r).Produktdetaljer: F\u00e4rg: Svart Material: PU-konstl\u00e4der, h\u00f6gdensitetsskum, nylon, st\u00e5l Storlek: 65 x 63 x 93-103 cm (L x B x H) Vikt: 12,8 kg Max. statisk belastningskapacitet: 120 kgLeveransomfattning:1 x kontorsstol1 x insexnyckel1 x tillbeh\u00f6rsp\u00e5se1 x bruksanvisning (DE, EN, FR, ES, IT)SONGMICS Anm\u00e4rkningar:- Denna produkt har endast en vippmekanism. Lutningsvinkeln kan inte l\u00e5sas. &#8211; Undvik att uts\u00e4tta produkten f\u00f6r intensivt solljus under l\u00e4ngre tid. &#8211; H\u00e5ll produkten borta fr\u00e5n vassa och spetsiga f\u00f6rem\u00e5l f\u00f6r att undvika skador.<\/p>\n","protected":false},"excerpt":{"rendered":"<p>SONGMICS kontorsstol, skrivbordsstol, chefsstol med konstl\u00e4derkl\u00e4dsel, bekv\u00e4m stoppning, h\u00f6jdjusterbar mellan 93 och 103 cm, gungfunktion, stj\u00e4rnfot i st\u00e5l, svart OBG39BK<\/p>\n","protected":false},"featured_media":44524,"comment_status":"open","ping_status":"closed","template":"","meta":[],"product_brand":[],"product_cat":[33],"product_tag":[],"class_list":{"0":"post-17077","1":"product","2":"type-product","3":"status-publish","4":"has-post-thumbnail","6":"product_cat-okategoriserad","8":"first","9":"instock","10":"shipping-taxable","11":"purchasable","12":"product-type-simple"},"_links":{"self":[{"href":"https:\/\/nordicmart.andreevmaster.com\/sv\/wp-json\/wp\/v2\/product\/17077","targetHints":{"allow":["GET"]}}],"collection":[{"href":"https:\/\/nordicmart.andreevmaster.com\/sv\/wp-json\/wp\/v2\/product"}],"about":[{"href":"https:\/\/nordicmart.andreevmaster.com\/sv\/wp-json\/wp\/v2\/types\/product"}],"replies":[{"embeddable":true,"href":"https:\/\/nordicmart.andreevmaster.com\/sv\/wp-json\/wp\/v2\/comments?post=17077"}],"wp:featuredmedia":[{"embeddable":true,"href":"https:\/\/nordicmart.andreevmaster.com\/sv\/wp-json\/wp\/v2\/media\/44524"}],"wp:attachment":[{"href":"https:\/\/nordicmart.andreevmaster.com\/sv\/wp-json\/wp\/v2\/media?parent=17077"}],"wp:term":[{"taxonomy":"product_brand","embeddable":true,"href":"https:\/\/nordicmart.andreevmaster.com\/sv\/wp-json\/wp\/v2\/product_brand?post=17077"},{"taxonomy":"product_cat","embeddable":true,"href":"https:\/\/nordicmart.andreevmaster.com\/sv\/wp-json\/wp\/v2\/product_cat?post=17077"},{"taxonomy":"product_tag","embeddable":true,"href":"https:\/\/nordicmart.andreevmaster.com\/sv\/wp-json\/wp\/v2\/product_tag?post=17077"}],"curies":[{"name":"wp","href":"https:\/\/api.w.org\/{rel}","templated":true}]}}