{"id":17074,"date":"2026-02-27T00:33:27","date_gmt":"2026-02-27T00:33:27","guid":{"rendered":"https:\/\/nordicmart.andreevmaster.com\/product\/songmics-gamingstol-svart\/"},"modified":"2026-02-27T08:23:23","modified_gmt":"2026-02-27T08:23:23","slug":"songmics-gamingstol-svart","status":"publish","type":"product","link":"https:\/\/nordicmart.andreevmaster.com\/sv\/produkt\/songmics-gamingstol-svart\/","title":{"rendered":"SONGMICS Gamingstol svart"},"content":{"rendered":"<p>Passionerade gamers och flitiga kontorshj\u00e4ltar kan f\u00f6rv\u00e4nta sig f\u00f6ljande f\u00f6rdelar: &#8211; Snygg look med quiltat m\u00f6nster p\u00e5 konstl\u00e4derkl\u00e4dseln &#8211; Bekv\u00e4m, formstabil skumdynning &#8211; Andningsbara n\u00e4telement f\u00f6r h\u00f6g sittkomfort &#8211; S-formad ryggst\u00f6d; ger bra st\u00f6d f\u00f6r ryggraden och nacken &#8211; Montering tar 10-15 minuter och kan utf\u00f6ras av en person &#8211; Gascylinder och konstl\u00e4der testade av T\u00dcV Rheinland T\u00dcV-testad kvalitet Gascylindern i denna gamingstol uppfyller enligt testrapporten fr\u00e5n T\u00dcV Rheinland kraven i EN16955:2017-04, klass 3 f\u00f6r b\u00e4rande element i sj\u00e4lvb\u00e4rande h\u00f6jdjusterbara element med energilagring f\u00f6r kontorsstolar (testrapport nr 9465173_06). F\u00f6r detta har v\u00e5r leverant\u00f6r tilldelats ett motsvarande certifikat f\u00f6r \u201dkonstruktionstestad\u201d (nr 182836, giltigt till 24.06.2020).\u00c4ven konstl\u00e4derkl\u00e4dseln av PU har testats av T\u00dcV Rheinland och inneh\u00f6ll inga av de testade skadliga \u00e4mnena (t.ex. enligt REACH-f\u00f6rordningen) (rapport nr 1160039759a 001).Produktdetaljer: &#8211; F\u00e4rg: Svart &#8211; Material: PU-konstl\u00e4der, skumplast, nylon &#8211; Total storlek: 70 x 64 x 106-116 (L x B x H) &#8211; Ryggst\u00f6dets bredd: 50 cm &#8211; Ryggst\u00f6dets h\u00f6jd: 68 cm &#8211; Sittbredd: 50 cm &#8211; Sittdjup: 50 cm &#8211; H\u00f6jd fr\u00e5n golv till sits: 45\u201355 cm \u2013 H\u00f6jd fr\u00e5n golv till armst\u00f6d: 65\u201375 cm \u2013 Vikt: 14,5 kg \u2013 Max. statisk belastningskapacitet: 150 kg Leveransomfattning: \u2013 1 x gamingstol \u2013 1 x insexnyckel \u2013 1 x beh\u00e5llare med tillbeh\u00f6r \u2013 1 x bruksanvisning (DE, EN, FR, ES, IT) SONGMICS Anm\u00e4rkningar:- Uts\u00e4tt inte produkten f\u00f6r starkt solljus. &#8211; H\u00e5ll produkten borta fr\u00e5n vassa eller spetsiga f\u00f6rem\u00e5l f\u00f6r att undvika skador.<\/p>\n","protected":false},"excerpt":{"rendered":"<p>SONGMICS gamingstol, kontorsstol med gungfunktion, racingstol, ergonomisk, S-formad ryggst\u00f6d, bra f\u00f6r l\u00e4ndryggen, belastningskapacitet upp till 150 kg, konstl\u00e4der, svartgr\u00e5 OBG38BG<\/p>\n","protected":false},"featured_media":44521,"comment_status":"open","ping_status":"closed","template":"","meta":[],"product_brand":[],"product_cat":[33],"product_tag":[],"class_list":{"0":"post-17074","1":"product","2":"type-product","3":"status-publish","4":"has-post-thumbnail","6":"product_cat-okategoriserad","8":"first","9":"instock","10":"shipping-taxable","11":"purchasable","12":"product-type-simple"},"_links":{"self":[{"href":"https:\/\/nordicmart.andreevmaster.com\/sv\/wp-json\/wp\/v2\/product\/17074","targetHints":{"allow":["GET"]}}],"collection":[{"href":"https:\/\/nordicmart.andreevmaster.com\/sv\/wp-json\/wp\/v2\/product"}],"about":[{"href":"https:\/\/nordicmart.andreevmaster.com\/sv\/wp-json\/wp\/v2\/types\/product"}],"replies":[{"embeddable":true,"href":"https:\/\/nordicmart.andreevmaster.com\/sv\/wp-json\/wp\/v2\/comments?post=17074"}],"wp:featuredmedia":[{"embeddable":true,"href":"https:\/\/nordicmart.andreevmaster.com\/sv\/wp-json\/wp\/v2\/media\/44521"}],"wp:attachment":[{"href":"https:\/\/nordicmart.andreevmaster.com\/sv\/wp-json\/wp\/v2\/media?parent=17074"}],"wp:term":[{"taxonomy":"product_brand","embeddable":true,"href":"https:\/\/nordicmart.andreevmaster.com\/sv\/wp-json\/wp\/v2\/product_brand?post=17074"},{"taxonomy":"product_cat","embeddable":true,"href":"https:\/\/nordicmart.andreevmaster.com\/sv\/wp-json\/wp\/v2\/product_cat?post=17074"},{"taxonomy":"product_tag","embeddable":true,"href":"https:\/\/nordicmart.andreevmaster.com\/sv\/wp-json\/wp\/v2\/product_tag?post=17074"}],"curies":[{"name":"wp","href":"https:\/\/api.w.org\/{rel}","templated":true}]}}