{"id":17072,"date":"2026-02-27T00:33:27","date_gmt":"2026-02-27T00:33:27","guid":{"rendered":"https:\/\/nordicmart.andreevmaster.com\/product\/songmics-modern-kontorsstol-med-gungfunktion\/"},"modified":"2026-02-27T08:23:22","modified_gmt":"2026-02-27T08:23:22","slug":"songmics-modern-kontorsstol-med-gungfunktion","status":"publish","type":"product","link":"https:\/\/nordicmart.andreevmaster.com\/sv\/produkt\/songmics-modern-kontorsstol-med-gungfunktion\/","title":{"rendered":"SONGMICS Modern kontorsstol med gungfunktion"},"content":{"rendered":"<p>En bra kontorsstol \u00e4r s\u00e4rskilt viktig f\u00f6r personer som utf\u00f6r st\u00f6rre delen av sitt kontorsarbete sittande. Songmics kontorsstol erbjuder bekv\u00e4m sittkomfort och g\u00f6r det l\u00e4ttare att koncentrera sig p\u00e5 arbetet under l\u00e5ng tid.N\u00e4r du lutar dig tillbaka f\u00f6ljer sitsen alltid med tack vare gungmekanismen, och vinkeln mellan ryggst\u00f6det och sitsen f\u00f6rblir konstant, s\u00e5 att du kan avlasta ryggen under arbetet. De anv\u00e4nda skruvarna \u00e4r f\u00f6rsedda med g\u00e4ngs\u00e4kerhet och lossnar inte l\u00e4tt efter l\u00e4ngre anv\u00e4ndning.Songmics kontorsstol, som uppfyller de h\u00f6gsta kraven p\u00e5 material och tillverkning, kommer s\u00e4kert att bli h\u00f6jdpunkten i ditt kontor eller arbetsrum. Anm\u00e4rkningar &#8211; Ers\u00e4ttningsrullar kan ocks\u00e5 best\u00e4llas separat hos oss. &#8211; Rekommenderad anv\u00e4ndningstid: max 8 timmar per dag. &#8211; N\u00e4r vippfunktionen aktiveras r\u00f6r sig sitsen och ryggst\u00f6det tillsammans n\u00e4r du lutar dig tillbaka. Ryggst\u00f6dets lutning kan inte justeras separat fr\u00e5n sitsen. &#8211; F\u00f6r att ryggst\u00f6det ska ge tillr\u00e4ckligt st\u00f6d och f\u00f6rhindra att du faller bak\u00e5t m\u00e5ste ryggst\u00f6dets fj\u00e4derkraft justeras efter din personliga kroppsvikt genom att vrida p\u00e5 hjulet under sitsen. Produktdetaljer: &#8211; Material: &#8211; Kl\u00e4dsel: PU &#8211; Fotkors: Nylon &#8211; M\u00e5tt: &#8211; H\u00f6jd (total): 100\u2013110 cm \u2013 Bredd (total): 66 cm \u2013 Djup (total): 66 cm \u2013 Sitth\u00f6jd: 42\u201352 cm \u2013 Sitsbredd (anv\u00e4ndbar): 52 cm \u2013 Sitsdjup (anv\u00e4ndbart): 50 cm \u2013 Armst\u00f6dets h\u00f6jd (fr\u00e5n sitsen): 21 cm \u2013 Ryggst\u00f6dets h\u00f6jd: 61,5 cm \u2013 \u00d8 fotkors: 64 cm \u2013 \u00d8 hjul: 50 mm \u2013 \u00d8 stift: 11 mm \u2013 F\u00e4rg: svart \u2013 Bruttovikt: 16,1 kg \u2013 Max. belastningskapacitet: 150 kg Leveransomfattning \u2013 1 x kontorsstol \u2013 1 x beslagsp\u00e5se \u2013 1 x bruksanvisning (DE, EN, FR, IT, ES)<\/p>\n","protected":false},"excerpt":{"rendered":"<p>SONGMICS kontorsstol av PU, l\u00e5sbar, h\u00f6jdjusterbar snurrstol med ergonomisk design, svart, OBG32B<\/p>\n","protected":false},"featured_media":44519,"comment_status":"open","ping_status":"closed","template":"","meta":[],"product_brand":[],"product_cat":[33],"product_tag":[],"class_list":{"0":"post-17072","1":"product","2":"type-product","3":"status-publish","4":"has-post-thumbnail","6":"product_cat-okategoriserad","8":"first","9":"instock","10":"shipping-taxable","11":"purchasable","12":"product-type-simple"},"_links":{"self":[{"href":"https:\/\/nordicmart.andreevmaster.com\/sv\/wp-json\/wp\/v2\/product\/17072","targetHints":{"allow":["GET"]}}],"collection":[{"href":"https:\/\/nordicmart.andreevmaster.com\/sv\/wp-json\/wp\/v2\/product"}],"about":[{"href":"https:\/\/nordicmart.andreevmaster.com\/sv\/wp-json\/wp\/v2\/types\/product"}],"replies":[{"embeddable":true,"href":"https:\/\/nordicmart.andreevmaster.com\/sv\/wp-json\/wp\/v2\/comments?post=17072"}],"wp:featuredmedia":[{"embeddable":true,"href":"https:\/\/nordicmart.andreevmaster.com\/sv\/wp-json\/wp\/v2\/media\/44519"}],"wp:attachment":[{"href":"https:\/\/nordicmart.andreevmaster.com\/sv\/wp-json\/wp\/v2\/media?parent=17072"}],"wp:term":[{"taxonomy":"product_brand","embeddable":true,"href":"https:\/\/nordicmart.andreevmaster.com\/sv\/wp-json\/wp\/v2\/product_brand?post=17072"},{"taxonomy":"product_cat","embeddable":true,"href":"https:\/\/nordicmart.andreevmaster.com\/sv\/wp-json\/wp\/v2\/product_cat?post=17072"},{"taxonomy":"product_tag","embeddable":true,"href":"https:\/\/nordicmart.andreevmaster.com\/sv\/wp-json\/wp\/v2\/product_tag?post=17072"}],"curies":[{"name":"wp","href":"https:\/\/api.w.org\/{rel}","templated":true}]}}