{"id":17070,"date":"2026-02-27T00:33:26","date_gmt":"2026-02-27T00:33:26","guid":{"rendered":"https:\/\/nordicmart.andreevmaster.com\/product\/songmics-kontorsstol-med-armstod-och-pu-kladsel\/"},"modified":"2026-02-27T08:23:22","modified_gmt":"2026-02-27T08:23:22","slug":"songmics-kontorsstol-med-armstod-och-pu-kladsel","status":"publish","type":"product","link":"https:\/\/nordicmart.andreevmaster.com\/sv\/produkt\/songmics-kontorsstol-med-armstod-och-pu-kladsel\/","title":{"rendered":"SONGMICS kontorsstol med armst\u00f6d och PU-kl\u00e4dsel"},"content":{"rendered":"<p>Skaffa det b\u00e4sta f\u00f6r att bli b\u00e4st: Om du vill bli v\u00e4rldens b\u00e4sta gamer m\u00e5ste du ha r\u00e4tt utrustning i verkliga livet. Det handlar dock inte bara om en kraftfull processor eller ett utm\u00e4rkt grafikkort \u2013 du beh\u00f6ver ocks\u00e5 r\u00e4tt tillbeh\u00f6r: tangentbord, mus och ja, till och med en h\u00f6gkvalitativ gamingstol.Denna modell fr\u00e5n SONGMICS har en bekv\u00e4m stoppning av h\u00f6gdensitetsreflexskum och ett ergonomiskt format ryggst\u00f6d, s\u00e5 att du kan njuta av h\u00f6gsta komfort \u00e4ven efter l\u00e5nga sittperioder. Tack vare vippmekanismen h\u00e5ller du dig dessutom alltid i r\u00f6relse och kan d\u00e4rmed motverka tr\u00f6tthet. Du kan ocks\u00e5 justera sitth\u00f6jden flexibelt. Testad kvalitet: Denna stols auto-return-cylinder \u00e4r testad och certifierad av T\u00dcV Rheinland och uppfyller EN 16955: 2017-04, klass 3 (certifikatnummer: 182836; certifikatinnehavare: leverant\u00f6r). Dessutom har hjulen p\u00e5 denna gamingstol klarat SGS:s BIFMA X5.1-test f\u00f6r kontinuerlig belastning (rapport nr AJHG 1512011640FT-01 och AJD201000874; testrapportsinnehavare: leverant\u00f6r). Produktdetaljer: F\u00e4rg: svart-gr\u00e5-bl\u00e5 Material: PU-konstl\u00e4der, PU-plastrullar, h\u00f6gdensitetsskum, st\u00e5l Storlek: 73 x 76 x 118-128 cm (L x B x H) Storlek sits: 54 x 48 x (46-56) cm (L x B x H) Vikt: 16,1 kg Max. statisk belastningskapacitet: 150 kg Leveransomfattning: 1 x gamingstol 1 x insexnyckel 1 x tillbeh\u00f6rsp\u00e5se 1 x bruksanvisning (DE, EN, FR, ES, IT) SONGMICS Anm\u00e4rkningar:Vi rekommenderar att du l\u00e4gger en matta under stolen om du anv\u00e4nder den p\u00e5 ett tr\u00e4golv. Denna stol har endast en vippmekanism som kopplar samman ryggst\u00f6det och sitsen. Ryggst\u00f6det kan inte justeras separat bak\u00e5t.<\/p>\n","protected":false},"excerpt":{"rendered":"<p>SONGMICS gamingstol, racingstol, skrivbordsstol med h\u00f6g ryggst\u00f6d, kontorsstol, h\u00f6jdjusterbar, uppf\u00e4llbara armst\u00f6d, gungfunktion, f\u00f6r gamers, svart-gr\u00e5-bl\u00e5, OBG28BU<\/p>\n","protected":false},"featured_media":44517,"comment_status":"open","ping_status":"closed","template":"","meta":[],"product_brand":[],"product_cat":[33],"product_tag":[],"class_list":{"0":"post-17070","1":"product","2":"type-product","3":"status-publish","4":"has-post-thumbnail","6":"product_cat-okategoriserad","8":"first","9":"instock","10":"shipping-taxable","11":"purchasable","12":"product-type-simple"},"_links":{"self":[{"href":"https:\/\/nordicmart.andreevmaster.com\/sv\/wp-json\/wp\/v2\/product\/17070","targetHints":{"allow":["GET"]}}],"collection":[{"href":"https:\/\/nordicmart.andreevmaster.com\/sv\/wp-json\/wp\/v2\/product"}],"about":[{"href":"https:\/\/nordicmart.andreevmaster.com\/sv\/wp-json\/wp\/v2\/types\/product"}],"replies":[{"embeddable":true,"href":"https:\/\/nordicmart.andreevmaster.com\/sv\/wp-json\/wp\/v2\/comments?post=17070"}],"wp:featuredmedia":[{"embeddable":true,"href":"https:\/\/nordicmart.andreevmaster.com\/sv\/wp-json\/wp\/v2\/media\/44517"}],"wp:attachment":[{"href":"https:\/\/nordicmart.andreevmaster.com\/sv\/wp-json\/wp\/v2\/media?parent=17070"}],"wp:term":[{"taxonomy":"product_brand","embeddable":true,"href":"https:\/\/nordicmart.andreevmaster.com\/sv\/wp-json\/wp\/v2\/product_brand?post=17070"},{"taxonomy":"product_cat","embeddable":true,"href":"https:\/\/nordicmart.andreevmaster.com\/sv\/wp-json\/wp\/v2\/product_cat?post=17070"},{"taxonomy":"product_tag","embeddable":true,"href":"https:\/\/nordicmart.andreevmaster.com\/sv\/wp-json\/wp\/v2\/product_tag?post=17070"}],"curies":[{"name":"wp","href":"https:\/\/api.w.org\/{rel}","templated":true}]}}