{"id":17067,"date":"2026-02-27T00:33:26","date_gmt":"2026-02-27T00:33:26","guid":{"rendered":"https:\/\/nordicmart.andreevmaster.com\/product\/songmics-skrivbordsstol-konstlader-svart\/"},"modified":"2026-02-27T08:23:21","modified_gmt":"2026-02-27T08:23:21","slug":"songmics-skrivbordsstol-konstlader-svart","status":"publish","type":"product","link":"https:\/\/nordicmart.andreevmaster.com\/sv\/produkt\/songmics-skrivbordsstol-konstlader-svart\/","title":{"rendered":"SONGMICS skrivbordsstol konstl\u00e4der svart"},"content":{"rendered":"<p>Beskrivning: Songmics \u00e4r alltid kundorienterat och g\u00f6r sitt yttersta f\u00f6r att erbjuda produkter av h\u00f6g kvalitet till ett bra pris. Songmics kontorsstol i elegant design kombinerar funktionalitet och komfort med njutning! Med h\u00f6gkvalitativa material och f\u00f6rb\u00e4ttrade tillbeh\u00f6r \u00e4r Songmics kontorsstol verkligen bekv\u00e4m, praktisk och h\u00e5llbar. Ett absolut blickf\u00e5ng i ditt rum! Anm\u00e4rkning: &#8211; N\u00e4r du monterar st\u00f6ddelen, t\u00e4nk p\u00e5 att sidan med m\u00e4rket &#8221;&#8221;Front&#8221;&#8221; ska vara v\u00e4nd fram\u00e5t. &#8211; Ta tag i den bakre h\u00f6gra spaken och dra i den, s\u00e5 kan du justera sitth\u00f6jden stegl\u00f6st genom att belasta eller avlasta stolen med spaken dragen tills \u00f6nskad sitth\u00f6jd uppn\u00e5s. Om du drar spaken ut\u00e5t aktiveras gungfunktionen. Ryggst\u00f6det l\u00e5ses d\u00e5 inte fast, utan st\u00f6der ryggen i varje r\u00f6relse och r\u00f6r sig dynamiskt med. Om du trycker in spaken igen inaktiveras gungfunktionen. Ryggst\u00f6det kan \u00e5ter l\u00e5sas fast. &#8211; N\u00e4r gungfunktionen \u00e4r aktiverad r\u00f6r sig sitsen och ryggst\u00f6det tillsammans n\u00e4r du lutar dig tillbaka. Ryggst\u00f6dets lutning kan inte justeras separat fr\u00e5n sitsen. Produktdetaljer:- Diameter p\u00e5 foten: ca 70 cm &#8211; Sits: 55 x 50 (B x D) &#8211; Ryggst\u00f6dets h\u00f6jd: ca 76 cm &#8211; Stegl\u00f6s justering av sitth\u00f6jd: ca 46\u201356 cm &#8211; H\u00f6jd fr\u00e5n armst\u00f6d till golv: ca 68\u201378 cm &#8211; Material: PU-konstl\u00e4der, svamp, fotkors i plast &#8211; F\u00e4rg: svart Setet inneh\u00e5ller: Leveransomfattning: &#8211; 1 x kontorsstol &#8211; 1 x bruksanvisning (tyska, engelska, franska, italienska, spanska) &#8211; 1 x beslagsp\u00e5se<\/p>\n","protected":false},"excerpt":{"rendered":"<p>SONGMICS kontorsstol chefsstol snurrstol datorstol SGS EN12520 sitth\u00f6jdjustering kontorsstol stoppning OBG24B<\/p>\n","protected":false},"featured_media":44514,"comment_status":"open","ping_status":"closed","template":"","meta":[],"product_brand":[],"product_cat":[33],"product_tag":[],"class_list":{"0":"post-17067","1":"product","2":"type-product","3":"status-publish","4":"has-post-thumbnail","6":"product_cat-okategoriserad","8":"first","9":"instock","10":"shipping-taxable","11":"purchasable","12":"product-type-simple"},"_links":{"self":[{"href":"https:\/\/nordicmart.andreevmaster.com\/sv\/wp-json\/wp\/v2\/product\/17067","targetHints":{"allow":["GET"]}}],"collection":[{"href":"https:\/\/nordicmart.andreevmaster.com\/sv\/wp-json\/wp\/v2\/product"}],"about":[{"href":"https:\/\/nordicmart.andreevmaster.com\/sv\/wp-json\/wp\/v2\/types\/product"}],"replies":[{"embeddable":true,"href":"https:\/\/nordicmart.andreevmaster.com\/sv\/wp-json\/wp\/v2\/comments?post=17067"}],"wp:featuredmedia":[{"embeddable":true,"href":"https:\/\/nordicmart.andreevmaster.com\/sv\/wp-json\/wp\/v2\/media\/44514"}],"wp:attachment":[{"href":"https:\/\/nordicmart.andreevmaster.com\/sv\/wp-json\/wp\/v2\/media?parent=17067"}],"wp:term":[{"taxonomy":"product_brand","embeddable":true,"href":"https:\/\/nordicmart.andreevmaster.com\/sv\/wp-json\/wp\/v2\/product_brand?post=17067"},{"taxonomy":"product_cat","embeddable":true,"href":"https:\/\/nordicmart.andreevmaster.com\/sv\/wp-json\/wp\/v2\/product_cat?post=17067"},{"taxonomy":"product_tag","embeddable":true,"href":"https:\/\/nordicmart.andreevmaster.com\/sv\/wp-json\/wp\/v2\/product_tag?post=17067"}],"curies":[{"name":"wp","href":"https:\/\/api.w.org\/{rel}","templated":true}]}}