{"id":17065,"date":"2026-02-27T00:33:25","date_gmt":"2026-02-27T00:33:25","guid":{"rendered":"https:\/\/nordicmart.andreevmaster.com\/product\/songmics-valstoppad-chefsstol\/"},"modified":"2026-02-27T08:23:21","modified_gmt":"2026-02-27T08:23:21","slug":"songmics-valstoppad-chefsstol","status":"publish","type":"product","link":"https:\/\/nordicmart.andreevmaster.com\/sv\/produkt\/songmics-valstoppad-chefsstol\/","title":{"rendered":"SONGMICS V\u00e4lstoppad chefsstol"},"content":{"rendered":"<p>Produktdetaljer: &#8211; Material: PU, skumplast, fotkors i plast &#8211; F\u00e4rg: svart &#8211; Diameter p\u00e5 fotkorset: 70 cm &#8211; M\u00e5tt p\u00e5 sittytan: 53 x 52 cm (B x D) &#8211; Ryggst\u00f6dets h\u00f6jd: 74 cm &#8211; Stegl\u00f6s justering av sitth\u00f6jd: 47\u201356,5 cm &#8211; H\u00f6jd p\u00e5 armst\u00f6d fr\u00e5n golvet: 67\u201377 cm Leveransomfattning:  &#8211; 1 x kontorsstol &#8211; 1 x tillbeh\u00f6rspaket &#8211; 1 x bruksanvisning (tyska, engelska, franska, italienska, spanska) SONGMICS ANM\u00c4RKNINGAR: &#8211; Observera att texten \u201dFront\u201d p\u00e5 sittmekanismen m\u00e5ste vara v\u00e4nd fram\u00e5t vid montering.<br \/>\n &#8211; Ta tag i den bakre h\u00f6gra spaken under stolen och dra den upp\u00e5t f\u00f6r att justera sitth\u00f6jden. Dra spaken ut\u00e5t f\u00f6r att aktivera vippfunktionen<br \/>\n. Tryck tillbaka spaken in\u00e5t f\u00f6r att inaktivera gungfunktionen<br \/>\n. &#8211; N\u00e4r<br \/>\nvippfunktionen har aktiverats r\u00f6r sig sitsen och ryggst\u00f6det tillsammans. Ryggst\u00f6dets lutning kan<br \/>\ninte \u00e4ndras separat.<\/p>\n","protected":false},"excerpt":{"rendered":"<p>SONGMICS Ergonomisk kontorsstol, h\u00f6jdjusterbar snurrstol, skrivbordsstol, chefsstol, robust, stabil och h\u00e5llbar, svart OBG21B<\/p>\n","protected":false},"featured_media":44512,"comment_status":"open","ping_status":"closed","template":"","meta":[],"product_brand":[],"product_cat":[33],"product_tag":[],"class_list":{"0":"post-17065","1":"product","2":"type-product","3":"status-publish","4":"has-post-thumbnail","6":"product_cat-okategoriserad","8":"first","9":"instock","10":"shipping-taxable","11":"purchasable","12":"product-type-simple"},"_links":{"self":[{"href":"https:\/\/nordicmart.andreevmaster.com\/sv\/wp-json\/wp\/v2\/product\/17065","targetHints":{"allow":["GET"]}}],"collection":[{"href":"https:\/\/nordicmart.andreevmaster.com\/sv\/wp-json\/wp\/v2\/product"}],"about":[{"href":"https:\/\/nordicmart.andreevmaster.com\/sv\/wp-json\/wp\/v2\/types\/product"}],"replies":[{"embeddable":true,"href":"https:\/\/nordicmart.andreevmaster.com\/sv\/wp-json\/wp\/v2\/comments?post=17065"}],"wp:featuredmedia":[{"embeddable":true,"href":"https:\/\/nordicmart.andreevmaster.com\/sv\/wp-json\/wp\/v2\/media\/44512"}],"wp:attachment":[{"href":"https:\/\/nordicmart.andreevmaster.com\/sv\/wp-json\/wp\/v2\/media?parent=17065"}],"wp:term":[{"taxonomy":"product_brand","embeddable":true,"href":"https:\/\/nordicmart.andreevmaster.com\/sv\/wp-json\/wp\/v2\/product_brand?post=17065"},{"taxonomy":"product_cat","embeddable":true,"href":"https:\/\/nordicmart.andreevmaster.com\/sv\/wp-json\/wp\/v2\/product_cat?post=17065"},{"taxonomy":"product_tag","embeddable":true,"href":"https:\/\/nordicmart.andreevmaster.com\/sv\/wp-json\/wp\/v2\/product_tag?post=17065"}],"curies":[{"name":"wp","href":"https:\/\/api.w.org\/{rel}","templated":true}]}}