{"id":17063,"date":"2026-02-27T00:33:25","date_gmt":"2026-02-27T00:33:25","guid":{"rendered":"https:\/\/nordicmart.andreevmaster.com\/product\/songmics-gamingstol-med-fotstod-och-justerbart-huvudstod-skiffergra\/"},"modified":"2026-02-27T08:23:20","modified_gmt":"2026-02-27T08:23:20","slug":"songmics-gamingstol-med-fotstod-och-justerbart-huvudstod-skiffergra","status":"publish","type":"product","link":"https:\/\/nordicmart.andreevmaster.com\/sv\/produkt\/songmics-gamingstol-med-fotstod-och-justerbart-huvudstod-skiffergra\/","title":{"rendered":"SONGMICS gamingstol med fotst\u00f6d och justerbart huvudst\u00f6d, skiffergr\u00e5"},"content":{"rendered":"<p>SONGMICS Gamingstol, kontorsstol med fotst\u00f6d, skrivbordsstol, ergonomisk design, justerbart nackst\u00f6d, l\u00e4ndst\u00f6d, belastningskapacitet upp till 150 kg, svart-r\u00f6d OBG77BR<br \/>\nF\u00e4rg: skiffergr\u00e5<br \/>\nMaterial: Imitation av mocka, skumplast, plywood, st\u00e5l, plast<br \/>\nStorlek: 72,4 x 69,7 x (118-128) cm (D x B x H)<br \/>\nVikt: 20,2 kg<br \/>\nMax. statisk belastningskapacitet: 150 kg<\/p>\n","protected":false},"excerpt":{"rendered":"<p>SONGMICS Gamingstol, kontorsstol med fotst\u00f6d, skrivbordsstol, ergonomisk design, justerbart nackst\u00f6d, l\u00e4ndst\u00f6d, belastningskapacitet upp till 150 kg, svart-r\u00f6d OBG77BR<\/p>\n","protected":false},"featured_media":0,"comment_status":"open","ping_status":"closed","template":"","meta":[],"product_brand":[],"product_cat":[33],"product_tag":[],"class_list":{"0":"post-17063","1":"product","2":"type-product","3":"status-publish","5":"product_cat-okategoriserad","7":"first","8":"instock","9":"shipping-taxable","10":"purchasable","11":"product-type-simple"},"_links":{"self":[{"href":"https:\/\/nordicmart.andreevmaster.com\/sv\/wp-json\/wp\/v2\/product\/17063","targetHints":{"allow":["GET"]}}],"collection":[{"href":"https:\/\/nordicmart.andreevmaster.com\/sv\/wp-json\/wp\/v2\/product"}],"about":[{"href":"https:\/\/nordicmart.andreevmaster.com\/sv\/wp-json\/wp\/v2\/types\/product"}],"replies":[{"embeddable":true,"href":"https:\/\/nordicmart.andreevmaster.com\/sv\/wp-json\/wp\/v2\/comments?post=17063"}],"wp:attachment":[{"href":"https:\/\/nordicmart.andreevmaster.com\/sv\/wp-json\/wp\/v2\/media?parent=17063"}],"wp:term":[{"taxonomy":"product_brand","embeddable":true,"href":"https:\/\/nordicmart.andreevmaster.com\/sv\/wp-json\/wp\/v2\/product_brand?post=17063"},{"taxonomy":"product_cat","embeddable":true,"href":"https:\/\/nordicmart.andreevmaster.com\/sv\/wp-json\/wp\/v2\/product_cat?post=17063"},{"taxonomy":"product_tag","embeddable":true,"href":"https:\/\/nordicmart.andreevmaster.com\/sv\/wp-json\/wp\/v2\/product_tag?post=17063"}],"curies":[{"name":"wp","href":"https:\/\/api.w.org\/{rel}","templated":true}]}}