{"id":17061,"date":"2026-02-27T00:33:24","date_gmt":"2026-02-27T00:33:24","guid":{"rendered":"https:\/\/nordicmart.andreevmaster.com\/product\/songmics-gamingstol-med-fotstod-och-nackstod-svart\/"},"modified":"2026-02-27T08:23:20","modified_gmt":"2026-02-27T08:23:20","slug":"songmics-gamingstol-med-fotstod-och-nackstod-svart","status":"publish","type":"product","link":"https:\/\/nordicmart.andreevmaster.com\/sv\/produkt\/songmics-gamingstol-med-fotstod-och-nackstod-svart\/","title":{"rendered":"SONGMICS Gamingstol med fotst\u00f6d och nackst\u00f6d Svart"},"content":{"rendered":"<p>Det b\u00e4sta f\u00f6r de b\u00e4sta: Om du vill vara b\u00e4st i den virtuella v\u00e4rlden beh\u00f6ver du r\u00e4tt utrustning i den verkliga v\u00e4rlden. En idealisk gaming-upps\u00e4ttning inneh\u00e5ller inte bara en kraftfull CPU eller grafikkort \u2013 det \u00e4r ocks\u00e5 viktigt med l\u00e4mpliga tillbeh\u00f6r som en mus, ett tangentbord och ja, \u00e4ven en gamingstol h\u00f6r till. Denna racingstol fr\u00e5n SONGMICS \u00e4r designad f\u00f6r att m\u00f6jligg\u00f6ra topprestanda och ge dig en AAA-gamingupplevelse till ett indie-pris.\u00d6verl\u00e4gsen komfort: Denna skrivbordsstol erbjuder ett komplett paket best\u00e5ende av ett l\u00e4ndryggskudde, ett S-format ryggst\u00f6d och ett justerbart och avtagbart nackst\u00f6d. Alla dessa element samverkar f\u00f6r att garantera perfekt sittkomfort p\u00e5 denna spelstol som t\u00e5l upp till 150 kg, medan din adrenalin niv\u00e5 stiger n\u00e4r du spelar.Luta dig tillbaka: Om du inte spelar utan bara vill luta dig tillbaka och titta p\u00e5 en film kan du justera ryggst\u00f6det mellan 90\u00b0 och 135\u00b0 och f\u00e4lla ut fotst\u00f6det \u2013 koppla av i den mest bekv\u00e4ma positionen! Produktdetaljer: F\u00e4rg: Svart Material: Konstl\u00e4der, skumplast, nylon Storlek: 70 x 64 x (120-128) cm (L x B x H)Vikt: 20,5 kgMax. statisk belastningskapacitet: 150 kgLeveransomfattning:1 x kontorsstol1 x reservrulle1 x tillbeh\u00f6rsp\u00e5se1 x bruksanvisningSONGMICS Anm\u00e4rkningar:Undvik att uts\u00e4tta produkten f\u00f6r intensivt solljus under en l\u00e4ngre tid.H\u00e5ll produkten borta fr\u00e5n vassa och spetsiga f\u00f6rem\u00e5l.<\/p>\n","protected":false},"excerpt":{"rendered":"<p>SONGMICS Gamingstol, kontorsstol med fotst\u00f6d, skrivbordsstol, ergonomisk design, justerbart nackst\u00f6d, l\u00e4ndst\u00f6d, belastningskapacitet upp till 150 kg, svart-r\u00f6d OBG77BR<\/p>\n","protected":false},"featured_media":44509,"comment_status":"open","ping_status":"closed","template":"","meta":[],"product_brand":[],"product_cat":[33],"product_tag":[],"class_list":{"0":"post-17061","1":"product","2":"type-product","3":"status-publish","4":"has-post-thumbnail","6":"product_cat-okategoriserad","8":"first","9":"instock","10":"shipping-taxable","11":"purchasable","12":"product-type-simple"},"_links":{"self":[{"href":"https:\/\/nordicmart.andreevmaster.com\/sv\/wp-json\/wp\/v2\/product\/17061","targetHints":{"allow":["GET"]}}],"collection":[{"href":"https:\/\/nordicmart.andreevmaster.com\/sv\/wp-json\/wp\/v2\/product"}],"about":[{"href":"https:\/\/nordicmart.andreevmaster.com\/sv\/wp-json\/wp\/v2\/types\/product"}],"replies":[{"embeddable":true,"href":"https:\/\/nordicmart.andreevmaster.com\/sv\/wp-json\/wp\/v2\/comments?post=17061"}],"wp:featuredmedia":[{"embeddable":true,"href":"https:\/\/nordicmart.andreevmaster.com\/sv\/wp-json\/wp\/v2\/media\/44509"}],"wp:attachment":[{"href":"https:\/\/nordicmart.andreevmaster.com\/sv\/wp-json\/wp\/v2\/media?parent=17061"}],"wp:term":[{"taxonomy":"product_brand","embeddable":true,"href":"https:\/\/nordicmart.andreevmaster.com\/sv\/wp-json\/wp\/v2\/product_brand?post=17061"},{"taxonomy":"product_cat","embeddable":true,"href":"https:\/\/nordicmart.andreevmaster.com\/sv\/wp-json\/wp\/v2\/product_cat?post=17061"},{"taxonomy":"product_tag","embeddable":true,"href":"https:\/\/nordicmart.andreevmaster.com\/sv\/wp-json\/wp\/v2\/product_tag?post=17061"}],"curies":[{"name":"wp","href":"https:\/\/api.w.org\/{rel}","templated":true}]}}