{"id":17060,"date":"2026-02-27T00:33:24","date_gmt":"2026-02-27T00:33:24","guid":{"rendered":"https:\/\/nordicmart.andreevmaster.com\/product\/songmics-gamingstol-med-lutbart-ryggstod-och-huvudkudde\/"},"modified":"2026-02-27T08:23:20","modified_gmt":"2026-02-27T08:23:20","slug":"songmics-gamingstol-med-lutbart-ryggstod-och-huvudkudde","status":"publish","type":"product","link":"https:\/\/nordicmart.andreevmaster.com\/sv\/produkt\/songmics-gamingstol-med-lutbart-ryggstod-och-huvudkudde\/","title":{"rendered":"SONGMICS Gamingstol med lutbart ryggst\u00f6d och huvudkudde"},"content":{"rendered":"<p>SONGMICS Gamingstol, skrivbordsstol med fotst\u00f6d, kontorsstol med nackst\u00f6d och l\u00e4ndkudde, h\u00f6jdjusterbar, ergonomisk, 90-135\u00b0 lutningsvinkel, belastningskapacitet upp till 150 kg, svart-r\u00f6d OBG73BRV1<\/p>\n","protected":false},"excerpt":{"rendered":"<p>SONGMICS Gamingstol, skrivbordsstol med fotst\u00f6d, kontorsstol med nackst\u00f6d och l\u00e4ndkudde, h\u00f6jdjusterbar, ergonomisk, 90-135\u00b0 lutningsvinkel, belastningskapacitet upp till 150 kg, svart-r\u00f6d OBG73BRV1<\/p>\n","protected":false},"featured_media":44508,"comment_status":"open","ping_status":"closed","template":"","meta":[],"product_brand":[],"product_cat":[33],"product_tag":[],"class_list":{"0":"post-17060","1":"product","2":"type-product","3":"status-publish","4":"has-post-thumbnail","6":"product_cat-okategoriserad","8":"first","9":"instock","10":"shipping-taxable","11":"purchasable","12":"product-type-simple"},"_links":{"self":[{"href":"https:\/\/nordicmart.andreevmaster.com\/sv\/wp-json\/wp\/v2\/product\/17060","targetHints":{"allow":["GET"]}}],"collection":[{"href":"https:\/\/nordicmart.andreevmaster.com\/sv\/wp-json\/wp\/v2\/product"}],"about":[{"href":"https:\/\/nordicmart.andreevmaster.com\/sv\/wp-json\/wp\/v2\/types\/product"}],"replies":[{"embeddable":true,"href":"https:\/\/nordicmart.andreevmaster.com\/sv\/wp-json\/wp\/v2\/comments?post=17060"}],"wp:featuredmedia":[{"embeddable":true,"href":"https:\/\/nordicmart.andreevmaster.com\/sv\/wp-json\/wp\/v2\/media\/44508"}],"wp:attachment":[{"href":"https:\/\/nordicmart.andreevmaster.com\/sv\/wp-json\/wp\/v2\/media?parent=17060"}],"wp:term":[{"taxonomy":"product_brand","embeddable":true,"href":"https:\/\/nordicmart.andreevmaster.com\/sv\/wp-json\/wp\/v2\/product_brand?post=17060"},{"taxonomy":"product_cat","embeddable":true,"href":"https:\/\/nordicmart.andreevmaster.com\/sv\/wp-json\/wp\/v2\/product_cat?post=17060"},{"taxonomy":"product_tag","embeddable":true,"href":"https:\/\/nordicmart.andreevmaster.com\/sv\/wp-json\/wp\/v2\/product_tag?post=17060"}],"curies":[{"name":"wp","href":"https:\/\/api.w.org\/{rel}","templated":true}]}}