{"id":17055,"date":"2026-02-27T00:33:22","date_gmt":"2026-02-27T00:33:22","guid":{"rendered":"https:\/\/nordicmart.andreevmaster.com\/product\/songmics-gamingstol-hojbar-med-fotstod-och-nackkudde-duvgra\/"},"modified":"2026-02-27T08:23:19","modified_gmt":"2026-02-27T08:23:19","slug":"songmics-gamingstol-hojbar-med-fotstod-och-nackkudde-duvgra","status":"publish","type":"product","link":"https:\/\/nordicmart.andreevmaster.com\/sv\/produkt\/songmics-gamingstol-hojbar-med-fotstod-och-nackkudde-duvgra\/","title":{"rendered":"SONGMICS Gamingstol h\u00f6jbar med fotst\u00f6d och nackkudde duvgr\u00e5"},"content":{"rendered":"<p>SONGMICS HOME Gaming-stol, ergonomisk datorstol med fotst\u00f6d, kontorsstol, snurrstol med huvudkudde, PU, h\u00f6j- och s\u00e4nkbar, bl\u00e4ck svart OBG072B01<br \/>\nF\u00e4rg: Duvgr\u00e5<br \/>\nMaterial: st\u00e5l, bomulls-linne-blandv\u00e4v, PU-hjul, skumplast<br \/>\nStorlek: 70 x 70 x (119-129) cm (D x B x H)<br \/>\nSitsh\u00f6jd: 47\u201357 cm<br \/>\nSitsstorlek: 53 x 51 cm (L x B)<br \/>\nArmst\u00f6dens h\u00f6jd (fr\u00e5n sittytan): 23 cm<br \/>\nVikt: 18,9 kg<br \/>\nMax. statisk belastningskapacitet: 150 kg<\/p>\n","protected":false},"excerpt":{"rendered":"<p>SONGMICS HOME Gaming-stol, ergonomisk datorstol med fotst\u00f6d, kontorsstol, snurrstol med huvudkudde, PU, h\u00f6j- och s\u00e4nkbar, bl\u00e4ck svart OBG072B01<\/p>\n","protected":false},"featured_media":44503,"comment_status":"open","ping_status":"closed","template":"","meta":[],"product_brand":[],"product_cat":[33],"product_tag":[],"class_list":{"0":"post-17055","1":"product","2":"type-product","3":"status-publish","4":"has-post-thumbnail","6":"product_cat-okategoriserad","8":"first","9":"instock","10":"shipping-taxable","11":"purchasable","12":"product-type-simple"},"_links":{"self":[{"href":"https:\/\/nordicmart.andreevmaster.com\/sv\/wp-json\/wp\/v2\/product\/17055","targetHints":{"allow":["GET"]}}],"collection":[{"href":"https:\/\/nordicmart.andreevmaster.com\/sv\/wp-json\/wp\/v2\/product"}],"about":[{"href":"https:\/\/nordicmart.andreevmaster.com\/sv\/wp-json\/wp\/v2\/types\/product"}],"replies":[{"embeddable":true,"href":"https:\/\/nordicmart.andreevmaster.com\/sv\/wp-json\/wp\/v2\/comments?post=17055"}],"wp:featuredmedia":[{"embeddable":true,"href":"https:\/\/nordicmart.andreevmaster.com\/sv\/wp-json\/wp\/v2\/media\/44503"}],"wp:attachment":[{"href":"https:\/\/nordicmart.andreevmaster.com\/sv\/wp-json\/wp\/v2\/media?parent=17055"}],"wp:term":[{"taxonomy":"product_brand","embeddable":true,"href":"https:\/\/nordicmart.andreevmaster.com\/sv\/wp-json\/wp\/v2\/product_brand?post=17055"},{"taxonomy":"product_cat","embeddable":true,"href":"https:\/\/nordicmart.andreevmaster.com\/sv\/wp-json\/wp\/v2\/product_cat?post=17055"},{"taxonomy":"product_tag","embeddable":true,"href":"https:\/\/nordicmart.andreevmaster.com\/sv\/wp-json\/wp\/v2\/product_tag?post=17055"}],"curies":[{"name":"wp","href":"https:\/\/api.w.org\/{rel}","templated":true}]}}